{"id":3088,"date":"2020-03-14T12:01:05","date_gmt":"2020-03-14T09:01:05","guid":{"rendered":"https:\/\/afko.com.tr\/?page_id=3088"},"modified":"2020-03-17T12:42:58","modified_gmt":"2020-03-17T09:42:58","slug":"piece-separee","status":"publish","type":"page","link":"https:\/\/afko.com.tr\/fr\/piece-separee\/","title":{"rendered":"Pi\u00e8ce s\u00e9par\u00e9e"},"content":{"rendered":"<p>[vc_row][vc_column][vc_column_text]0[\/vc_column_text][\/vc_column][\/vc_row][vc_row][vc_column][vc_single_image image=\u00a0\u00bb2453&Prime; img_size=\u00a0\u00bbfull\u00a0\u00bb alignment=\u00a0\u00bbcenter\u00a0\u00bb][vc_column_text]<\/p>\n<p style=\"text-align: center;\"><span style=\"font-size: 18pt; color: #000000;\">COUPLEUR DRIVELINE<\/span><br \/>\n<span style=\"font-size: 18pt; color: #000000;\">Construction d&rsquo;arbre d&rsquo;entra\u00eenement en aluminium et en acier trait\u00e9 thermiquement, auto-alignant<\/span><br \/>\n<span style=\"font-size: 18pt; color: #000000;\">conception et inserts en ur\u00e9thane r\u00e9sistant aux UV \/ produits chimiques<\/span><\/p>\n<p>[\/vc_column_text][\/vc_column][\/vc_row]<\/p>\n","protected":false},"excerpt":{"rendered":"<p>[vc_row][vc_column][vc_column_text]0[\/vc_column_text][\/vc_column][\/vc_row][vc_row][vc_column][vc_single_image image=\u00a0\u00bb2453&Prime; img_size=\u00a0\u00bbfull\u00a0\u00bb alignment=\u00a0\u00bbcenter\u00a0\u00bb][vc_column_text] COUPLEUR DRIVELINE Construction d&rsquo;arbre d&rsquo;entra\u00eenement en aluminium et en acier trait\u00e9 thermiquement, auto-alignant conception et inserts en ur\u00e9thane r\u00e9sistant aux UV \/ produits chimiques [\/vc_column_text][\/vc_column][\/vc_row]<\/p>\n","protected":false},"author":1,"featured_media":0,"parent":0,"menu_order":0,"comment_status":"closed","ping_status":"closed","template":"","meta":{"two_page_speed":[],"footnotes":""},"class_list":["post-3088","page","type-page","status-publish","hentry"],"_links":{"self":[{"href":"https:\/\/afko.com.tr\/fr\/wp-json\/wp\/v2\/pages\/3088","targetHints":{"allow":["GET"]}}],"collection":[{"href":"https:\/\/afko.com.tr\/fr\/wp-json\/wp\/v2\/pages"}],"about":[{"href":"https:\/\/afko.com.tr\/fr\/wp-json\/wp\/v2\/types\/page"}],"author":[{"embeddable":true,"href":"https:\/\/afko.com.tr\/fr\/wp-json\/wp\/v2\/users\/1"}],"replies":[{"embeddable":true,"href":"https:\/\/afko.com.tr\/fr\/wp-json\/wp\/v2\/comments?post=3088"}],"version-history":[{"count":5,"href":"https:\/\/afko.com.tr\/fr\/wp-json\/wp\/v2\/pages\/3088\/revisions"}],"predecessor-version":[{"id":3787,"href":"https:\/\/afko.com.tr\/fr\/wp-json\/wp\/v2\/pages\/3088\/revisions\/3787"}],"wp:attachment":[{"href":"https:\/\/afko.com.tr\/fr\/wp-json\/wp\/v2\/media?parent=3088"}],"curies":[{"name":"wp","href":"https:\/\/api.w.org\/{rel}","templated":true}]}}