{"id":3096,"date":"2020-03-14T12:03:25","date_gmt":"2020-03-14T09:03:25","guid":{"rendered":"https:\/\/afko.com.tr\/?page_id=3096"},"modified":"2020-04-02T11:04:04","modified_gmt":"2020-04-02T08:04:04","slug":"page-daccueil","status":"publish","type":"page","link":"https:\/\/afko.com.tr\/fr\/","title":{"rendered":"Page d&rsquo;accueil"},"content":{"rendered":"<p>[vc_row css=\u00a0\u00bb.vc_custom_1579935657356{padding-bottom: 0px !important;}\u00a0\u00bb][vc_column css=\u00a0\u00bb.vc_custom_1579935890867{padding-bottom: 0px !important;}\u00a0\u00bb][rev_slider_vc alias=\u00a0\u00bbhomepage-011&Prime;][\/vc_column][\/vc_row][vc_row full_width=\u00a0\u00bbstretch_row_content\u00a0\u00bb css=\u00a0\u00bb.vc_custom_1579935912472{padding-top: 0px !important;padding-bottom: 0px !important;}\u00a0\u00bb][vc_column width=\u00a0\u00bb1\/4&Prime; css=\u00a0\u00bb.vc_custom_1585643071402{padding-top: 150px !important;padding-bottom: 150px !important;background-image: url(https:\/\/afko.com.tr\/wp-content\/uploads\/2020\/03\/\u0627\u0644\u0632\u0631\u0627\u0639\u0629-1.jpg?id=4208) !important;background-position: center !important;background-repeat: no-repeat !important;background-size: cover !important;}\u00a0\u00bb][vc_btn title=\u00a0\u00bbAGRICULTURE\u00a0\u00bb align=\u00a0\u00bbcenter\u00a0\u00bb theme_style=\u00a0\u00bbsaturnthemes-btn\u00a0\u00bb link=\u00a0\u00bburl:https%3A%2F%2Fafko.com.tr%2Ffr%2Flagriculture%2F|||\u00a0\u00bb][\/vc_column][vc_column width=\u00a0\u00bb1\/4&Prime; css=\u00a0\u00bb.vc_custom_1585643041495{padding-top: 150px !important;padding-bottom: 150px !important;background-image: url(https:\/\/afko.com.tr\/wp-content\/uploads\/2020\/03\/\u0627\u0644\u0631\u064a-1.jpg?id=4220) !important;background-position: center !important;background-repeat: no-repeat !important;background-size: cover !important;}\u00a0\u00bb][vc_btn title=\u00a0\u00bbIRRIGATION DU GAZON\u00a0\u00bb align=\u00a0\u00bbcenter\u00a0\u00bb theme_style=\u00a0\u00bbsaturnthemes-btn\u00a0\u00bb link=\u00a0\u00bburl:https%3A%2F%2Fafko.com.tr%2Ffr%2Flirrigation%2F|||\u00a0\u00bb][\/vc_column][vc_column width=\u00a0\u00bb1\/4&Prime; css=\u00a0\u00bb.vc_custom_1585643019123{padding-top: 150px !important;padding-bottom: 150px !important;background-image: url(https:\/\/afko.com.tr\/wp-content\/uploads\/2020\/03\/\u062a\u0648\u0632\u064a\u0639-\u0627\u0644\u0645\u064a\u0627\u0647-1.jpg?id=4212) !important;background-position: center !important;background-repeat: no-repeat !important;background-size: cover !important;}\u00a0\u00bb][vc_btn title=\u00a0\u00bbDISTRIBUTION D&rsquo;EAU\u00a0\u00bb style=\u00a0\u00bbflat\u00a0\u00bb color=\u00a0\u00bbwhite\u00a0\u00bb align=\u00a0\u00bbcenter\u00a0\u00bb theme_style=\u00a0\u00bbsaturnthemes-btn\u00a0\u00bb link=\u00a0\u00bburl:https%3A%2F%2Fafko.com.tr%2Ffr%2Fdistribution-deau%2F|||\u00a0\u00bb][\/vc_column][vc_column width=\u00a0\u00bb1\/4&Prime; css=\u00a0\u00bb.vc_custom_1585814031628{padding-top: 150px !important;padding-bottom: 150px !important;background-image: url(https:\/\/afko.com.tr\/wp-content\/uploads\/2020\/04\/photo5771910037340533558.jpg?id=4685) !important;background-position: center !important;background-repeat: no-repeat !important;background-size: cover !important;}\u00a0\u00bb][vc_btn title=\u00a0\u00bbService apr\u00e8s vente\u00a0\u00bb align=\u00a0\u00bbcenter\u00a0\u00bb theme_style=\u00a0\u00bbsaturnthemes-btn\u00a0\u00bb link=\u00a0\u00bburl:https%3A%2F%2Fafko.com.tr%2Ffr%2Fservice-apres-vente%2F|||\u00a0\u00bb][\/vc_column][\/vc_row][vc_row full_width=\u00a0\u00bbstretch_row\u00a0\u00bb content_placement=\u00a0\u00bbmiddle\u00a0\u00bb css=\u00a0\u00bb.vc_custom_1583928176256{padding-top: 5px !important;padding-bottom: 40px !important;background: #ededed url(http:\/\/afko.com.tr\/wp-content\/uploads\/2016\/08\/partern-white-01.jpg?id=1413) !important;}\u00a0\u00bb][vc_column width=\u00a0\u00bb1\/4&Prime;][saturnthemes_counter counter_title=\u00a0\u00bbProjets\u00a0\u00bb icon_fontawesome=\u00a0\u00bbfa fa-tree\u00a0\u00bb custom_color=\u00a0\u00bb#ffffff\u00a0\u00bb counter_value=\u00a0\u00bb750&Prime; counter_suffix=\u00a0\u00bb+\u00a0\u00bb speed=\u00a0\u00bb2&Prime; content_bg_color=\u00a0\u00bb#ffffff\u00a0\u00bb][\/vc_column][vc_column width=\u00a0\u00bb1\/4&Prime;][saturnthemes_counter counter_title=\u00a0\u00bbDes clients satisfaits\u00a0\u00bb icon_fontawesome=\u00a0\u00bbfa fa-smile-o\u00a0\u00bb custom_color=\u00a0\u00bb#ffffff\u00a0\u00bb counter_value=\u00a0\u00bb536&Prime; counter_suffix=\u00a0\u00bb+\u00a0\u00bb speed=\u00a0\u00bb2&Prime; content_bg_color=\u00a0\u00bb#ffffff\u00a0\u00bb][\/vc_column][vc_column width=\u00a0\u00bb1\/4&Prime;][saturnthemes_counter counter_title=\u00a0\u00bbNos employ\u00e9s\u00a0\u00bb icon_fontawesome=\u00a0\u00bbfa fa-users\u00a0\u00bb custom_color=\u00a0\u00bb#ffffff\u00a0\u00bb counter_value=\u00a0\u00bb1350&Prime; counter_suffix=\u00a0\u00bb+\u00a0\u00bb speed=\u00a0\u00bb2&Prime; content_bg_color=\u00a0\u00bb#ffffff\u00a0\u00bb][\/vc_column][vc_column width=\u00a0\u00bb1\/4&Prime;][saturnthemes_counter counter_title=\u00a0\u00bbBranches\u00a0\u00bb icon_fontawesome=\u00a0\u00bbfa fa-users\u00a0\u00bb custom_color=\u00a0\u00bb#ffffff\u00a0\u00bb counter_value=\u00a0\u00bb7&Prime; counter_suffix=\u00a0\u00bb+\u00a0\u00bb speed=\u00a0\u00bb2&Prime; content_bg_color=\u00a0\u00bb#ffffff\u00a0\u00bb][\/vc_column][\/vc_row][vc_row full_width=\u00a0\u00bbstretch_row_content\u00a0\u00bb][vc_column width=\u00a0\u00bb4\/12&Prime;][vc_empty_space][saturnthemes_icon_box icon_fontawesome=\u00a0\u00bbfa fa-cloud\u00a0\u00bb title=\u00a0\u00bbDurabilit\u00e9, valeurs et politique d&rsquo;entreprise\u00a0\u00bb custom_color=\u00a0\u00bb#6dab3c\u00a0\u00bb title_color=\u00a0\u00bb#6dab3c\u00a0\u00bb]<\/p>\n<h3>Diffuser le progr\u00e8s technologique pour prot\u00e9ger notre plan\u00e8te et am\u00e9liorer la qualit\u00e9 de vie des agriculteurs et de ceux qui prennent soin des plantes. Innovations de technologies et de m\u00e9thodes avanc\u00e9es pour am\u00e9liorer la qualit\u00e9 des cultures et des terres agricoles.<\/h3>\n<p>[\/saturnthemes_icon_box][vc_row_inner][vc_column_inner offset=\u00a0\u00bbvc_hidden-lg vc_hidden-md vc_hidden-sm vc_hidden-xs\u00a0\u00bb][vc_btn title=\u00a0\u00bbMontre plus\u00a0\u00bb style=\u00a0\u00bbflat\u00a0\u00bb color=\u00a0\u00bbgreen\u00a0\u00bb align=\u00a0\u00bbcenter\u00a0\u00bb theme_style=\u00a0\u00bbsaturnthemes-btn\u00a0\u00bb][\/vc_column_inner][\/vc_row_inner][\/vc_column][vc_column width=\u00a0\u00bb2\/12&Prime;][vc_empty_space][vc_single_image image=\u00a0\u00bb3733&Prime; img_size=\u00a0\u00bb264&#215;225&Prime; alignment=\u00a0\u00bbcenter\u00a0\u00bb el_id=\u00a0\u00bbimg_box-sh\u00a0\u00bb el_class=\u00a0\u00bbimg_box-sh\u00a0\u00bb][\/vc_column][vc_column width=\u00a0\u00bb2\/12&Prime;][vc_empty_space][vc_single_image image=\u00a0\u00bb3722&Prime; img_size=\u00a0\u00bb264&#215;225&Prime; alignment=\u00a0\u00bbcenter\u00a0\u00bb el_id=\u00a0\u00bbimg_box-sh\u00a0\u00bb el_class=\u00a0\u00bbimg_box-sh\u00a0\u00bb][\/vc_column][vc_column width=\u00a0\u00bb4\/12&Prime;][vc_empty_space][saturnthemes_icon_box icon_fontawesome=\u00a0\u00bbfa fa-pagelines\u00a0\u00bb pst_icon=\u00a0\u00bbright\u00a0\u00bb title=\u00a0\u00bbProject designed to guarantee the growth of every crop\u00a0\u00bb custom_color=\u00a0\u00bb#6dab3c\u00a0\u00bb title_color=\u00a0\u00bb#6dab3c\u00a0\u00bb]<\/p>\n<h3>AFKO Agronomic Design Department accompagne les agriculteurs lors de l&rsquo;\u00e9tude \u00e0 l&rsquo;installation d&rsquo;une station d&rsquo;irrigation capable de r\u00e9pondre aux besoins du sol.<\/h3>\n<p>[\/saturnthemes_icon_box][vc_row_inner][vc_column_inner offset=\u00a0\u00bbvc_hidden-lg vc_hidden-md vc_hidden-sm vc_hidden-xs\u00a0\u00bb][vc_btn title=\u00a0\u00bbMontre plus\u00a0\u00bb style=\u00a0\u00bbflat\u00a0\u00bb color=\u00a0\u00bbgreen\u00a0\u00bb align=\u00a0\u00bbcenter\u00a0\u00bb theme_style=\u00a0\u00bbsaturnthemes-btn\u00a0\u00bb][\/vc_column_inner][\/vc_row_inner][\/vc_column][\/vc_row][vc_row][vc_column][saturnthemes_testimonial style=\u00a0\u00bbstyle2&Prime; autoplay=\u00a0\u00bb\u00a0\u00bb hide_separator=\u00a0\u00bb\u00a0\u00bb][\/vc_column][\/vc_row][vc_row][vc_column][vc_custom_heading text=\u00a0\u00bbDES PRODUITS\u00a0\u00bb font_container=\u00a0\u00bbtag:h2|font_size:28px|text_align:center|line_height:1.2&Prime; use_theme_fonts=\u00a0\u00bbyes\u00a0\u00bb font_weight=\u00a0\u00bb700&Prime; text_transform=\u00a0\u00bbuppercase\u00a0\u00bb heading_style=\u00a0\u00bbhave-border\u00a0\u00bb css=\u00a0\u00bb.vc_custom_1584436063857{margin-top: 35px !important;}\u00a0\u00bb][\/vc_column][\/vc_row][vc_row css=\u00a0\u00bb.vc_custom_1471940351776{margin-bottom: 100px !important;}\u00a0\u00bb][vc_column width=\u00a0\u00bb1\/4&Prime; css=\u00a0\u00bb.vc_custom_1471940169879{margin-bottom: 30px !important;}\u00a0\u00bb][saturnthemes_flip_box icon_fontawesome=\u00a0\u00bbfa fa-leaf\u00a0\u00bb custom_color=\u00a0\u00bb#ffffff\u00a0\u00bb box_bg_color=\u00a0\u00bb#f0f0e1&Prime; pst_icon=\u00a0\u00bb\u00a0\u00bb title=\u00a0\u00bbIRRIGATION PIVOT\u00a0\u00bb]L&rsquo;irrigation \u00e0 pivot central est un syst\u00e8me d&rsquo;irrigation qui a fait ses preuves dans ce domaine.[\/saturnthemes_flip_box][\/vc_column][vc_column width=\u00a0\u00bb1\/4&Prime; css=\u00a0\u00bb.vc_custom_1471940180422{margin-bottom: 30px !important;}\u00a0\u00bb][saturnthemes_flip_box icon_fontawesome=\u00a0\u00bbfa fa-lightbulb-o\u00a0\u00bb custom_color=\u00a0\u00bb#ffffff\u00a0\u00bb box_bg_color=\u00a0\u00bb#f0f0e1&Prime; pst_icon=\u00a0\u00bb\u00a0\u00bb title=\u00a0\u00bbLINEAR IRRIGATION\u00a0\u00bb]Les machines d&rsquo;irrigation lin\u00e9aire se d\u00e9placent d&rsquo;avant en arri\u00e8re \u00e0 travers votre champ plut\u00f4t que autour d&rsquo;un point central comme le fait un pivot central.[\/saturnthemes_flip_box][\/vc_column][vc_column width=\u00a0\u00bb1\/4&Prime; css=\u00a0\u00bb.vc_custom_1471940186727{margin-bottom: 30px !important;}\u00a0\u00bb][saturnthemes_flip_box icon_fontawesome=\u00a0\u00bbfa fa-tree\u00a0\u00bb custom_color=\u00a0\u00bb#ffffff\u00a0\u00bb box_bg_color=\u00a0\u00bb#f0f0e1&Prime; pst_icon=\u00a0\u00bb\u00a0\u00bb title=\u00a0\u00bbIRRIGATION AU GOUTTE\u00a0\u00bb]L&rsquo;irrigation goutte \u00e0 goutte est parfois appel\u00e9e irrigation goutte \u00e0 goutte et implique des gouttes d&rsquo;eau sur le sol \u00e0 des taux tr\u00e8s faibles (2-20 litres \/ heure)[\/saturnthemes_flip_box][\/vc_column][vc_column width=\u00a0\u00bb1\/4&Prime;][saturnthemes_flip_box icon_fontawesome=\u00a0\u00bbfa fa-paint-brush\u00a0\u00bb custom_color=\u00a0\u00bb#ffffff\u00a0\u00bb box_bg_color=\u00a0\u00bb#f0f0e1&Prime; pst_icon=\u00a0\u00bb\u00a0\u00bb title=\u00a0\u00bbSPRINKLER IRRIGATION\u00a0\u00bb]Les arroseurs par aspersion sont une excellente option pour les petites applications, comme les paysages r\u00e9sidentiels.[\/saturnthemes_flip_box][\/vc_column][\/vc_row][vc_row full_width=\u00a0\u00bbstretch_row_content\u00a0\u00bb][vc_column width=\u00a0\u00bb1\/2&Prime; css=\u00a0\u00bb.vc_custom_1579182277192{background-image: url(http:\/\/afko.com.tr\/wp-content\/uploads\/2020\/01\/22.jpg?id=1940) !important;background-position: center !important;background-repeat: no-repeat !important;background-size: cover !important;}\u00a0\u00bb][vc_empty_space][vc_empty_space][vc_column_text css=\u00a0\u00bb.vc_custom_1584436454873{padding-top: 60px !important;padding-right: 60px !important;padding-bottom: 60px !important;}\u00a0\u00bb]<\/p>\n<h1 style=\"text-align: right;\"><span style=\"color: #ffffff;\">S&rsquo;ABONNER \u00c0<\/span><br \/>\n<span style=\"color: #ffffff;\">NOTRE NEWSLETTER<\/span><\/h1>\n<p>[\/vc_column_text][vc_empty_space][vc_empty_space][\/vc_column][vc_column width=\u00a0\u00bb1\/2&Prime;][vc_empty_space]\n<div class=\"wpcf7 no-js\" id=\"wpcf7-f1800-o1\" lang=\"en-US\" dir=\"ltr\" data-wpcf7-id=\"1800\">\n<div class=\"screen-reader-response\"><p role=\"status\" aria-live=\"polite\" aria-atomic=\"true\"><\/p> <ul><\/ul><\/div>\n<form action=\"\/fr\/wp-json\/wp\/v2\/pages\/3096#wpcf7-f1800-o1\" method=\"post\" class=\"wpcf7-form init\" aria-label=\"Contact form\" novalidate=\"novalidate\" data-status=\"init\">\n<fieldset class=\"hidden-fields-container\"><input type=\"hidden\" name=\"_wpcf7\" value=\"1800\" \/><input type=\"hidden\" name=\"_wpcf7_version\" value=\"6.1.5\" \/><input type=\"hidden\" name=\"_wpcf7_locale\" value=\"en_US\" \/><input type=\"hidden\" name=\"_wpcf7_unit_tag\" value=\"wpcf7-f1800-o1\" \/><input type=\"hidden\" name=\"_wpcf7_container_post\" value=\"0\" \/><input type=\"hidden\" name=\"_wpcf7_posted_data_hash\" value=\"\" \/>\n<\/fieldset>\n<div>\n\t<p><span class=\"wpcf7-form-control-wrap\" data-name=\"first-name\"><input size=\"40\" maxlength=\"400\" class=\"wpcf7-form-control wpcf7-text wpcf7-validates-as-required\" aria-required=\"true\" aria-invalid=\"false\" placeholder=\"Your Name\" value=\"\" type=\"text\" name=\"first-name\" \/><\/span><br \/>\n<span class=\"wpcf7-form-control-wrap\" data-name=\"your-email\"><input size=\"40\" maxlength=\"400\" class=\"wpcf7-form-control wpcf7-email wpcf7-text wpcf7-validates-as-email\" aria-invalid=\"false\" placeholder=\"Your email address\" value=\"\" type=\"email\" name=\"your-email\" \/><\/span><br \/>\n<span class=\"wpcf7-form-control-wrap\" data-name=\"text-235\"><input size=\"40\" maxlength=\"400\" class=\"wpcf7-form-control wpcf7-text wpcf7-validates-as-required\" aria-required=\"true\" aria-invalid=\"false\" placeholder=\"rate us\" value=\"\" type=\"text\" name=\"text-235\" \/><\/span><br \/>\n<span class=\"form-rcb-submit-wrapper\"><input class=\"wpcf7-form-control wpcf7-submit has-spinner secondary-background-color\" type=\"submit\" value=\"SEND MESSAGE\" \/><i class=\"fa fa-caret-right\"><\/i><\/span>\n\t<\/p>\n<\/div><div class=\"wpcf7-response-output\" aria-hidden=\"true\"><\/div>\n<\/form>\n<\/div>\n[\/vc_column][\/vc_row][vc_row full_width=\u00a0\u00bbstretch_row\u00a0\u00bb css=\u00a0\u00bb.vc_custom_1584088611593{padding-top: 60px !important;padding-bottom: 60px !important;background: #ebebeb url(https:\/\/afko.com.tr\/wp-content\/uploads\/2020\/03\/324.jpg?id=2953) !important;}\u00a0\u00bb][vc_column width=\u00a0\u00bb1\/6&Prime;][vc_empty_space][vc_single_image image=\u00a0\u00bb2944&Prime; img_size=\u00a0\u00bbfull\u00a0\u00bb alignment=\u00a0\u00bbcenter\u00a0\u00bb][\/vc_column][vc_column width=\u00a0\u00bb2\/3&Prime;][vc_empty_space][vc_column_text]<\/p>\n<h3 style=\"text-align: left;\"><span style=\"color: #42b349;\">SI VOUS VOULEZ EN SAVOIR PLUS. AVEZ-VOUS BESOIN DE SOUTIEN?<\/span><\/h3>\n<h4 style=\"text-align: left;\">Notre \u00e9quipe est \u00e0 votre enti\u00e8re disposition!<\/h4>\n<p>[\/vc_column_text][\/vc_column][vc_column width=\u00a0\u00bb1\/6&Prime;][vc_empty_space][vc_btn title=\u00a0\u00bbNOUS CONTACTER\u00a0\u00bb style=\u00a0\u00bbcustom\u00a0\u00bb custom_background=\u00a0\u00bb#41b348&Prime; custom_text=\u00a0\u00bb#ffffff\u00a0\u00bb align=\u00a0\u00bbcenter\u00a0\u00bb theme_style=\u00a0\u00bbsaturnthemes-btn\u00a0\u00bb][\/vc_column][\/vc_row]<\/p>\n","protected":false},"excerpt":{"rendered":"<p>[vc_row css=\u00a0\u00bb.vc_custom_1579935657356{padding-bottom: 0px !important;}\u00a0\u00bb][vc_column css=\u00a0\u00bb.vc_custom_1579935890867{padding-bottom: 0px !important;}\u00a0\u00bb][rev_slider_vc alias=\u00a0\u00bbhomepage-011&Prime;][\/vc_column][\/vc_row][vc_row full_width=\u00a0\u00bbstretch_row_content\u00a0\u00bb css=\u00a0\u00bb.vc_custom_1579935912472{padding-top: 0px !important;padding-bottom: 0px !important;}\u00a0\u00bb][vc_column width=\u00a0\u00bb1\/4&Prime; css=\u00a0\u00bb.vc_custom_1585643071402{padding-top: 150px !important;padding-bottom: 150px !important;background-image: url(https:\/\/afko.com.tr\/wp-content\/uploads\/2020\/03\/\u0627\u0644\u0632\u0631\u0627\u0639\u0629-1.jpg?id=4208) !important;background-position: center !important;background-repeat: no-repeat !important;background-size: cover !important;}\u00a0\u00bb][vc_btn title=\u00a0\u00bbAGRICULTURE\u00a0\u00bb align=\u00a0\u00bbcenter\u00a0\u00bb theme_style=\u00a0\u00bbsaturnthemes-btn\u00a0\u00bb link=\u00a0\u00bburl:https%3A%2F%2Fafko.com.tr%2Ffr%2Flagriculture%2F|||\u00a0\u00bb][\/vc_column][vc_column width=\u00a0\u00bb1\/4&Prime; css=\u00a0\u00bb.vc_custom_1585643041495{padding-top: 150px !important;padding-bottom: 150px !important;background-image: url(https:\/\/afko.com.tr\/wp-content\/uploads\/2020\/03\/\u0627\u0644\u0631\u064a-1.jpg?id=4220) !important;background-position: center !important;background-repeat: no-repeat !important;background-size: cover !important;}\u00a0\u00bb][vc_btn title=\u00a0\u00bbIRRIGATION DU GAZON\u00a0\u00bb align=\u00a0\u00bbcenter\u00a0\u00bb theme_style=\u00a0\u00bbsaturnthemes-btn\u00a0\u00bb link=\u00a0\u00bburl:https%3A%2F%2Fafko.com.tr%2Ffr%2Flirrigation%2F|||\u00a0\u00bb][\/vc_column][vc_column width=\u00a0\u00bb1\/4&Prime; css=\u00a0\u00bb.vc_custom_1585643019123{padding-top: 150px !important;padding-bottom: 150px !important;background-image: url(https:\/\/afko.com.tr\/wp-content\/uploads\/2020\/03\/\u062a\u0648\u0632\u064a\u0639-\u0627\u0644\u0645\u064a\u0627\u0647-1.jpg?id=4212) !important;background-position: center !important;background-repeat: no-repeat !important;background-size: cover !important;}\u00a0\u00bb][vc_btn title=\u00a0\u00bbDISTRIBUTION D&rsquo;EAU\u00a0\u00bb style=\u00a0\u00bbflat\u00a0\u00bb color=\u00a0\u00bbwhite\u00a0\u00bb align=\u00a0\u00bbcenter\u00a0\u00bb theme_style=\u00a0\u00bbsaturnthemes-btn\u00a0\u00bb link=\u00a0\u00bburl:https%3A%2F%2Fafko.com.tr%2Ffr%2Fdistribution-deau%2F|||\u00a0\u00bb][\/vc_column][vc_column width=\u00a0\u00bb1\/4&Prime; css=\u00a0\u00bb.vc_custom_1585814031628{padding-top: 150px !important;padding-bottom: 150px !important;background-image: url(https:\/\/afko.com.tr\/wp-content\/uploads\/2020\/04\/photo5771910037340533558.jpg?id=4685) !important;background-position: center !important;background-repeat: no-repeat !important;background-size: cover !important;}\u00a0\u00bb][vc_btn title=\u00a0\u00bbService apr\u00e8s vente\u00a0\u00bb align=\u00a0\u00bbcenter\u00a0\u00bb theme_style=\u00a0\u00bbsaturnthemes-btn\u00a0\u00bb link=\u00a0\u00bburl:https%3A%2F%2Fafko.com.tr%2Ffr%2Fservice-apres-vente%2F|||\u00a0\u00bb][\/vc_column][\/vc_row][vc_row full_width=\u00a0\u00bbstretch_row\u00a0\u00bb content_placement=\u00a0\u00bbmiddle\u00a0\u00bb css=\u00a0\u00bb.vc_custom_1583928176256{padding-top: 5px !important;padding-bottom: 40px !important;background: #ededed url(http:\/\/afko.com.tr\/wp-content\/uploads\/2016\/08\/partern-white-01.jpg?id=1413) !important;}\u00a0\u00bb][vc_column width=\u00a0\u00bb1\/4&Prime;][saturnthemes_counter counter_title=\u00a0\u00bbProjets\u00a0\u00bb icon_fontawesome=\u00a0\u00bbfa fa-tree\u00a0\u00bb custom_color=\u00a0\u00bb#ffffff\u00a0\u00bb counter_value=\u00a0\u00bb750&Prime; counter_suffix=\u00a0\u00bb+\u00a0\u00bb speed=\u00a0\u00bb2&Prime; content_bg_color=\u00a0\u00bb#ffffff\u00a0\u00bb][\/vc_column][vc_column width=\u00a0\u00bb1\/4&Prime;][saturnthemes_counter counter_title=\u00a0\u00bbDes clients satisfaits\u00a0\u00bb icon_fontawesome=\u00a0\u00bbfa fa-smile-o\u00a0\u00bb custom_color=\u00a0\u00bb#ffffff\u00a0\u00bb counter_value=\u00a0\u00bb536&Prime; counter_suffix=\u00a0\u00bb+\u00a0\u00bb speed=\u00a0\u00bb2&Prime; content_bg_color=\u00a0\u00bb#ffffff\u00a0\u00bb][\/vc_column][vc_column width=\u00a0\u00bb1\/4&Prime;][saturnthemes_counter counter_title=\u00a0\u00bbNos employ\u00e9s\u00a0\u00bb icon_fontawesome=\u00a0\u00bbfa fa-users\u00a0\u00bb custom_color=\u00a0\u00bb#ffffff\u00a0\u00bb counter_value=\u00a0\u00bb1350&Prime; counter_suffix=\u00a0\u00bb+\u00a0\u00bb speed=\u00a0\u00bb2&Prime; content_bg_color=\u00a0\u00bb#ffffff\u00a0\u00bb][\/vc_column][vc_column width=\u00a0\u00bb1\/4&Prime;][saturnthemes_counter counter_title=\u00a0\u00bbBranches\u00a0\u00bb icon_fontawesome=\u00a0\u00bbfa fa-users\u00a0\u00bb custom_color=\u00a0\u00bb#ffffff\u00a0\u00bb counter_value=\u00a0\u00bb7&Prime; counter_suffix=\u00a0\u00bb+\u00a0\u00bb speed=\u00a0\u00bb2&Prime; content_bg_color=\u00a0\u00bb#ffffff\u00a0\u00bb][\/vc_column][\/vc_row][vc_row full_width=\u00a0\u00bbstretch_row_content\u00a0\u00bb][vc_column width=\u00a0\u00bb4\/12&Prime;][vc_empty_space][saturnthemes_icon_box icon_fontawesome=\u00a0\u00bbfa fa-cloud\u00a0\u00bb title=\u00a0\u00bbDurabilit\u00e9, valeurs et politique d&rsquo;entreprise\u00a0\u00bb custom_color=\u00a0\u00bb#6dab3c\u00a0\u00bb title_color=\u00a0\u00bb#6dab3c\u00a0\u00bb] Diffuser le progr\u00e8s technologique pour prot\u00e9ger notre plan\u00e8te et am\u00e9liorer la qualit\u00e9 de vie des agriculteurs et de ceux qui prennent soin des plantes. Innovations de technologies et de m\u00e9thodes avanc\u00e9es pour am\u00e9liorer la qualit\u00e9 des cultures et des terres agricoles. [\/saturnthemes_icon_box][vc_row_inner][vc_column_inner offset=\u00a0\u00bbvc_hidden-lg vc_hidden-md vc_hidden-sm vc_hidden-xs\u00a0\u00bb][vc_btn title=\u00a0\u00bbMontre [&hellip;]<\/p>\n","protected":false},"author":1,"featured_media":0,"parent":0,"menu_order":0,"comment_status":"closed","ping_status":"closed","template":"","meta":{"two_page_speed":[],"footnotes":""},"class_list":["post-3096","page","type-page","status-publish","hentry"],"_links":{"self":[{"href":"https:\/\/afko.com.tr\/fr\/wp-json\/wp\/v2\/pages\/3096","targetHints":{"allow":["GET"]}}],"collection":[{"href":"https:\/\/afko.com.tr\/fr\/wp-json\/wp\/v2\/pages"}],"about":[{"href":"https:\/\/afko.com.tr\/fr\/wp-json\/wp\/v2\/types\/page"}],"author":[{"embeddable":true,"href":"https:\/\/afko.com.tr\/fr\/wp-json\/wp\/v2\/users\/1"}],"replies":[{"embeddable":true,"href":"https:\/\/afko.com.tr\/fr\/wp-json\/wp\/v2\/comments?post=3096"}],"version-history":[{"count":17,"href":"https:\/\/afko.com.tr\/fr\/wp-json\/wp\/v2\/pages\/3096\/revisions"}],"predecessor-version":[{"id":4693,"href":"https:\/\/afko.com.tr\/fr\/wp-json\/wp\/v2\/pages\/3096\/revisions\/4693"}],"wp:attachment":[{"href":"https:\/\/afko.com.tr\/fr\/wp-json\/wp\/v2\/media?parent=3096"}],"curies":[{"name":"wp","href":"https:\/\/api.w.org\/{rel}","templated":true}]}}