{"id":3114,"date":"2020-03-14T12:06:36","date_gmt":"2020-03-14T09:06:36","guid":{"rendered":"https:\/\/afko.com.tr\/?page_id=3114"},"modified":"2020-03-17T12:24:57","modified_gmt":"2020-03-17T09:24:57","slug":"irrigation-par-pivot","status":"publish","type":"page","link":"https:\/\/afko.com.tr\/fr\/irrigation-par-pivot\/","title":{"rendered":"Irrigation par pivot"},"content":{"rendered":"<p>[vc_row][vc_column][vc_single_image image=\u00a0\u00bb2216&Prime; img_size=\u00a0\u00bbfull\u00a0\u00bb alignment=\u00a0\u00bbcenter\u00a0\u00bb el_id=\u00a0\u00bbimg_box-sh\u00a0\u00bb el_class=\u00a0\u00bbimg_box-sh\u00a0\u00bb][vc_column_text]<\/p>\n<p style=\"text-align: center;\"><span style=\"font-size: 18pt; color: #000000;\">L&rsquo;irrigation \u00e0 pivot central est un syst\u00e8me d&rsquo;irrigation qui a fait ses preuves dans ce domaine. Ce syst\u00e8me irrigue<\/span><br \/>\n<span style=\"font-size: 18pt; color: #000000;\">\u00e0 haute performance \u00e9conomique avec diff\u00e9rentes conditions climatiques et de terrain. Galvanis\u00e9<\/span><br \/>\n<span style=\"font-size: 18pt; color: #000000;\">rev\u00eatement anti-corrosion compos\u00e9 d&rsquo;une construction en acier de haute qualit\u00e9. Ce syst\u00e8me rend automatique<\/span><br \/>\n<span style=\"font-size: 18pt; color: #000000;\">irrigation en mouvement circulaire sur une seule plateforme, m\u00eame sur des pentes allant jusqu&rsquo;\u00e0 15%. Pivot central<\/span><br \/>\n<span style=\"font-size: 18pt; color: #000000;\">les syst\u00e8mes d&rsquo;irrigation peuvent fonctionner de mani\u00e8re performante. Une irrigation efficace de 90% \u00e0 95% pourrait<\/span><br \/>\n<span style=\"font-size: 18pt; color: #000000;\">\u00eatre obtenu pendant l&rsquo;irrigation par un syst\u00e8me de pivot central.<\/span><\/p>\n<p style=\"text-align: center;\"><span style=\"font-size: 18pt; color: #000000;\">Ce syst\u00e8me se compose de plusieurs trav\u00e9es connect\u00e9es les unes aux autres par une connexion mobile, toutes les trav\u00e9es se d\u00e9placent<\/span><br \/>\n<span style=\"font-size: 18pt; color: #000000;\">et tourner autour d&rsquo;un centre fixe.<\/span><br \/>\n<span style=\"font-size: 18pt; color: #000000;\">Toutes les deux trav\u00e9es sont reli\u00e9es par une articulation multidirectionnelle permettant la formation d&rsquo;un angle vers le haut<\/span><br \/>\n<span style=\"font-size: 18pt; color: #000000;\">\u00e0 30 degr\u00e9s.<\/span><br \/>\n<span style=\"font-size: 18pt; color: #000000;\">Ainsi, le pivot convient aux terrains accident\u00e9s<\/span><\/p>\n<p>[\/vc_column_text][\/vc_column][\/vc_row][vc_row][vc_column][vc_column_text][\/vc_column_text][\/vc_column][\/vc_row][vc_row][vc_column width=\u00a0\u00bb1\/2&Prime;][vc_btn title=\u00a0\u00bbPetits pivots\u00a0\u00bb style=\u00a0\u00bbcustom\u00a0\u00bb custom_background=\u00a0\u00bb#5b974e\u00a0\u00bb custom_text=\u00a0\u00bb#ffffff\u00a0\u00bb align=\u00a0\u00bbcenter\u00a0\u00bb theme_style=\u00a0\u00bbsaturnthemes-btn\u00a0\u00bb link=\u00a0\u00bburl:https%3A%2F%2Fafko.com.tr%2Fsmall-pivots%2F|||\u00a0\u00bb][\/vc_column][vc_column width=\u00a0\u00bb1\/2&Prime;][vc_btn title=\u00a0\u00bbGrands pivots\u00a0\u00bb style=\u00a0\u00bbcustom\u00a0\u00bb custom_background=\u00a0\u00bb#5b974e\u00a0\u00bb custom_text=\u00a0\u00bb#ffffff\u00a0\u00bb align=\u00a0\u00bbcenter\u00a0\u00bb theme_style=\u00a0\u00bbsaturnthemes-btn\u00a0\u00bb link=\u00a0\u00bburl:https%3A%2F%2Fafko.com.tr%2Fbig-pivots%2F|||\u00a0\u00bb][\/vc_column][\/vc_row]<\/p>\n","protected":false},"excerpt":{"rendered":"<p>[vc_row][vc_column][vc_single_image image=\u00a0\u00bb2216&Prime; img_size=\u00a0\u00bbfull\u00a0\u00bb alignment=\u00a0\u00bbcenter\u00a0\u00bb el_id=\u00a0\u00bbimg_box-sh\u00a0\u00bb el_class=\u00a0\u00bbimg_box-sh\u00a0\u00bb][vc_column_text] L&rsquo;irrigation \u00e0 pivot central est un syst\u00e8me d&rsquo;irrigation qui a fait ses preuves dans ce domaine. Ce syst\u00e8me irrigue \u00e0 haute performance \u00e9conomique avec diff\u00e9rentes conditions climatiques et de terrain. Galvanis\u00e9 rev\u00eatement anti-corrosion compos\u00e9 d&rsquo;une construction en acier de haute qualit\u00e9. Ce syst\u00e8me rend automatique irrigation en mouvement circulaire sur une seule plateforme, m\u00eame sur des pentes allant jusqu&rsquo;\u00e0 15%. Pivot central les syst\u00e8mes d&rsquo;irrigation peuvent fonctionner de mani\u00e8re performante. Une irrigation efficace de 90% \u00e0 95% pourrait \u00eatre obtenu pendant l&rsquo;irrigation par un syst\u00e8me de pivot central. Ce syst\u00e8me se compose de plusieurs trav\u00e9es connect\u00e9es les unes aux autres par une connexion mobile, toutes les trav\u00e9es se d\u00e9placent et tourner autour d&rsquo;un centre fixe. Toutes les deux trav\u00e9es sont reli\u00e9es par une articulation multidirectionnelle permettant la formation d&rsquo;un angle vers le haut \u00e0 30 degr\u00e9s. Ainsi, le pivot convient aux terrains accident\u00e9s [\/vc_column_text][\/vc_column][\/vc_row][vc_row][vc_column][vc_column_text][\/vc_column_text][\/vc_column][\/vc_row][vc_row][vc_column width=\u00a0\u00bb1\/2&Prime;][vc_btn title=\u00a0\u00bbPetits pivots\u00a0\u00bb style=\u00a0\u00bbcustom\u00a0\u00bb custom_background=\u00a0\u00bb#5b974e\u00a0\u00bb custom_text=\u00a0\u00bb#ffffff\u00a0\u00bb align=\u00a0\u00bbcenter\u00a0\u00bb theme_style=\u00a0\u00bbsaturnthemes-btn\u00a0\u00bb link=\u00a0\u00bburl:https%3A%2F%2Fafko.com.tr%2Fsmall-pivots%2F|||\u00a0\u00bb][\/vc_column][vc_column width=\u00a0\u00bb1\/2&Prime;][vc_btn title=\u00a0\u00bbGrands pivots\u00a0\u00bb style=\u00a0\u00bbcustom\u00a0\u00bb custom_background=\u00a0\u00bb#5b974e\u00a0\u00bb custom_text=\u00a0\u00bb#ffffff\u00a0\u00bb align=\u00a0\u00bbcenter\u00a0\u00bb theme_style=\u00a0\u00bbsaturnthemes-btn\u00a0\u00bb link=\u00a0\u00bburl:https%3A%2F%2Fafko.com.tr%2Fbig-pivots%2F|||\u00a0\u00bb][\/vc_column][\/vc_row]<\/p>\n","protected":false},"author":1,"featured_media":0,"parent":0,"menu_order":0,"comment_status":"closed","ping_status":"closed","template":"","meta":{"two_page_speed":[],"footnotes":""},"class_list":["post-3114","page","type-page","status-publish","hentry"],"_links":{"self":[{"href":"https:\/\/afko.com.tr\/fr\/wp-json\/wp\/v2\/pages\/3114","targetHints":{"allow":["GET"]}}],"collection":[{"href":"https:\/\/afko.com.tr\/fr\/wp-json\/wp\/v2\/pages"}],"about":[{"href":"https:\/\/afko.com.tr\/fr\/wp-json\/wp\/v2\/types\/page"}],"author":[{"embeddable":true,"href":"https:\/\/afko.com.tr\/fr\/wp-json\/wp\/v2\/users\/1"}],"replies":[{"embeddable":true,"href":"https:\/\/afko.com.tr\/fr\/wp-json\/wp\/v2\/comments?post=3114"}],"version-history":[{"count":4,"href":"https:\/\/afko.com.tr\/fr\/wp-json\/wp\/v2\/pages\/3114\/revisions"}],"predecessor-version":[{"id":3780,"href":"https:\/\/afko.com.tr\/fr\/wp-json\/wp\/v2\/pages\/3114\/revisions\/3780"}],"wp:attachment":[{"href":"https:\/\/afko.com.tr\/fr\/wp-json\/wp\/v2\/media?parent=3114"}],"curies":[{"name":"wp","href":"https:\/\/api.w.org\/{rel}","templated":true}]}}