{"id":3137,"date":"2020-03-14T12:13:39","date_gmt":"2020-03-14T09:13:39","guid":{"rendered":"https:\/\/afko.com.tr\/?page_id=3137"},"modified":"2020-03-20T15:43:10","modified_gmt":"2020-03-20T12:43:10","slug":"petits-pivots","status":"publish","type":"page","link":"https:\/\/afko.com.tr\/fr\/petits-pivots\/","title":{"rendered":"Petits pivots"},"content":{"rendered":"<p>[vc_row full_width=\u00a0\u00bbstretch_row_content\u00a0\u00bb][vc_column][vc_column_text]<\/p>\n<p style=\"text-align: center;\"><span style=\"font-size: 18pt; color: #000000;\"><span style=\"color: #0d70b3;\">SYST\u00c8ME D&rsquo;IRRIGATION \u00c0 PIVOT CENTRAL <\/span><\/span><\/p>\n<p style=\"text-align: center;\"><span style=\"font-size: 14pt; color: #000000;\">Ce syst\u00e8me se compose de plusieurs trav\u00e9es connect\u00e9es les unes aux autres par une connexion mobile, toutes les trav\u00e9es se d\u00e9placent<br \/>\net tourner autour d&rsquo;un centre fixe<\/span><\/p>\n<p style=\"text-align: center;\"><span style=\"font-size: 14pt; color: #000000;\">Toutes les deux trav\u00e9es sont reli\u00e9es par une articulation multidirectionnelle permettant la formation d&rsquo;un angle vers le haut<br \/>\n\u00e0 30 degr\u00e9s. <\/span><\/p>\n<p style=\"text-align: center;\"><span style=\"font-size: 14pt; color: #000000;\">Ainsi, le pivot convient aux terrains accident\u00e9s<br \/>\nCe syst\u00e8me irrigue de 1 hacter par une trav\u00e9e jusqu&rsquo;\u00e0 75 par 8 trav\u00e9es 490 m de machine<\/span>[\/vc_column_text][vc_single_image image=\u00a0\u00bb2610&Prime; img_size=\u00a0\u00bbfull\u00a0\u00bb alignment=\u00a0\u00bbcenter\u00a0\u00bb][vc_empty_space][vc_empty_space][\/vc_column][\/vc_row][vc_row][vc_column][vc_column_text]<span style=\"font-size: 14pt;\">L&rsquo;irrigation \u00e0 pivot central est un syst\u00e8me d&rsquo;irrigation qui a fait ses preuves dans ce domaine. Ce syst\u00e8me irrigue \u00e0 haute performance \u00e9conomiquement avec diff\u00e9rentes conditions climatiques et de terrain. Rev\u00eatement anti-corrosion galvanis\u00e9 compos\u00e9 d&rsquo;une construction en acier de haute qualit\u00e9. Ce syst\u00e8me permet une irrigation automatique dans un mouvement circulaire sur une seule plate-forme, m\u00eame sur des pentes allant jusqu&rsquo;\u00e0 15%. Les syst\u00e8mes d&rsquo;irrigation \u00e0 pivot central peuvent fonctionner de mani\u00e8re performante.<\/span><\/p>\n<p><span style=\"font-size: 14pt;\"> 90% &#8211; 95% une irrigation efficace pourrait \u00eatre obtenue pendant l&rsquo;irrigation par le syst\u00e8me de pivot central.<\/span>[\/vc_column_text][\/vc_column][\/vc_row][vc_row][vc_column][vc_single_image image=\u00a0\u00bb2548&Prime; img_size=\u00a0\u00bbfull\u00a0\u00bb alignment=\u00a0\u00bbcenter\u00a0\u00bb][vc_column_text]<\/p>\n<p style=\"text-align: center;\"><span style=\"font-size: 14pt;\">La machine \u00e0 pivot central assure une distribution homog\u00e8ne de l&rsquo;eau sur les grands terrains<br \/>\n<\/span><\/p>\n<p style=\"text-align: center;\"><span style=\"font-size: 14pt;\">\u00a0<\/span><\/p>\n<p>[\/vc_column_text][\/vc_column][\/vc_row][vc_row][vc_column][vc_single_image image=\u00a0\u00bb2841&Prime; img_size=\u00a0\u00bbfull\u00a0\u00bb alignment=\u00a0\u00bbcenter\u00a0\u00bb][vc_single_image image=\u00a0\u00bb2831&Prime; img_size=\u00a0\u00bbfull\u00a0\u00bb alignment=\u00a0\u00bbcenter\u00a0\u00bb][vc_single_image image=\u00a0\u00bb2835&Prime; img_size=\u00a0\u00bbfull\u00a0\u00bb alignment=\u00a0\u00bbcenter\u00a0\u00bb][\/vc_column][\/vc_row]<\/p>\n","protected":false},"excerpt":{"rendered":"<p>[vc_row full_width=\u00a0\u00bbstretch_row_content\u00a0\u00bb][vc_column][vc_column_text] SYST\u00c8ME D&rsquo;IRRIGATION \u00c0 PIVOT CENTRAL Ce syst\u00e8me se compose de plusieurs trav\u00e9es connect\u00e9es les unes aux autres par une connexion mobile, toutes les trav\u00e9es se d\u00e9placent et tourner autour d&rsquo;un centre fixe Toutes les deux trav\u00e9es sont reli\u00e9es par une articulation multidirectionnelle permettant la formation d&rsquo;un angle vers le haut \u00e0 30 degr\u00e9s. Ainsi, le pivot convient aux terrains accident\u00e9s Ce syst\u00e8me irrigue de 1 hacter par une trav\u00e9e jusqu&rsquo;\u00e0 75 par 8 trav\u00e9es 490 m de machine[\/vc_column_text][vc_single_image image=\u00a0\u00bb2610&Prime; img_size=\u00a0\u00bbfull\u00a0\u00bb alignment=\u00a0\u00bbcenter\u00a0\u00bb][vc_empty_space][vc_empty_space][\/vc_column][\/vc_row][vc_row][vc_column][vc_column_text]L&rsquo;irrigation \u00e0 pivot central est un syst\u00e8me d&rsquo;irrigation qui a fait ses preuves dans ce domaine. Ce syst\u00e8me irrigue \u00e0 haute performance \u00e9conomiquement avec diff\u00e9rentes conditions climatiques et de terrain. Rev\u00eatement anti-corrosion galvanis\u00e9 compos\u00e9 d&rsquo;une construction en acier de haute qualit\u00e9. Ce syst\u00e8me permet une irrigation automatique dans un mouvement circulaire sur une seule plate-forme, m\u00eame sur des pentes allant jusqu&rsquo;\u00e0 15%. Les syst\u00e8mes d&rsquo;irrigation \u00e0 pivot central peuvent fonctionner de mani\u00e8re performante. 90% &#8211; 95% une irrigation efficace pourrait \u00eatre obtenue pendant l&rsquo;irrigation par le syst\u00e8me de pivot central.[\/vc_column_text][\/vc_column][\/vc_row][vc_row][vc_column][vc_single_image image=\u00a0\u00bb2548&Prime; img_size=\u00a0\u00bbfull\u00a0\u00bb alignment=\u00a0\u00bbcenter\u00a0\u00bb][vc_column_text] La machine \u00e0 pivot central assure une distribution homog\u00e8ne de l&rsquo;eau sur les grands terrains \u00a0 [\/vc_column_text][\/vc_column][\/vc_row][vc_row][vc_column][vc_single_image image=\u00a0\u00bb2841&Prime; img_size=\u00a0\u00bbfull\u00a0\u00bb alignment=\u00a0\u00bbcenter\u00a0\u00bb][vc_single_image image=\u00a0\u00bb2831&Prime; img_size=\u00a0\u00bbfull\u00a0\u00bb alignment=\u00a0\u00bbcenter\u00a0\u00bb][vc_single_image image=\u00a0\u00bb2835&Prime; img_size=\u00a0\u00bbfull\u00a0\u00bb [&hellip;]<\/p>\n","protected":false},"author":1,"featured_media":0,"parent":0,"menu_order":0,"comment_status":"closed","ping_status":"closed","template":"","meta":{"two_page_speed":[],"footnotes":""},"class_list":["post-3137","page","type-page","status-publish","hentry"],"_links":{"self":[{"href":"https:\/\/afko.com.tr\/fr\/wp-json\/wp\/v2\/pages\/3137","targetHints":{"allow":["GET"]}}],"collection":[{"href":"https:\/\/afko.com.tr\/fr\/wp-json\/wp\/v2\/pages"}],"about":[{"href":"https:\/\/afko.com.tr\/fr\/wp-json\/wp\/v2\/types\/page"}],"author":[{"embeddable":true,"href":"https:\/\/afko.com.tr\/fr\/wp-json\/wp\/v2\/users\/1"}],"replies":[{"embeddable":true,"href":"https:\/\/afko.com.tr\/fr\/wp-json\/wp\/v2\/comments?post=3137"}],"version-history":[{"count":5,"href":"https:\/\/afko.com.tr\/fr\/wp-json\/wp\/v2\/pages\/3137\/revisions"}],"predecessor-version":[{"id":3893,"href":"https:\/\/afko.com.tr\/fr\/wp-json\/wp\/v2\/pages\/3137\/revisions\/3893"}],"wp:attachment":[{"href":"https:\/\/afko.com.tr\/fr\/wp-json\/wp\/v2\/media?parent=3137"}],"curies":[{"name":"wp","href":"https:\/\/api.w.org\/{rel}","templated":true}]}}