{"id":3149,"date":"2020-03-14T12:17:46","date_gmt":"2020-03-14T09:17:46","guid":{"rendered":"https:\/\/afko.com.tr\/?page_id=3149"},"modified":"2020-03-21T14:47:10","modified_gmt":"2020-03-21T11:47:10","slug":"irrigation-lineaire","status":"publish","type":"page","link":"https:\/\/afko.com.tr\/fr\/irrigation-lineaire\/","title":{"rendered":"Irrigation lin\u00e9aire"},"content":{"rendered":"<p>[vc_row][vc_column][vc_single_image image=\u00a0\u00bb2624&Prime; img_size=\u00a0\u00bbfull\u00a0\u00bb alignment=\u00a0\u00bbcenter\u00a0\u00bb][vc_column_text]<span style=\"font-size: 18pt; color: #000000;\">Les machines d&rsquo;irrigation lin\u00e9aire se d\u00e9placent d&rsquo;avant en arri\u00e8re \u00e0 travers votre champ plut\u00f4t que autour d&rsquo;un point central comme le fait un pivot central. Un lin\u00e9aire peut se d\u00e9placer en ligne droite, en avant ou en arri\u00e8re. Leur mobilit\u00e9 fait des lin\u00e9aires l&rsquo;un des plus efficaces pour<\/span><\/p>\n<p><span style=\"font-size: 18pt; color: #000000;\">ms d&rsquo;irrigation agricole, irriguant g\u00e9n\u00e9ralement 92 \u00e0 98 pour cent d&rsquo;un champ carr\u00e9 ou rectangulaire. Les lin\u00e9aires peuvent \u00e9galement aider \u00e0 la chimigation, \u00e0 la fertigation et \u00e0 la germination, et peuvent aider \u00e0 r\u00e9duire la lixiviation qui peut se produire par le biais d&rsquo;autres m\u00e9thodes d&rsquo;irrigation.<\/span><br \/>\n<span style=\"font-size: 18pt;\"><span style=\"color: #000000;\">Les petits lin\u00e9aires flexibles tirent g\u00e9n\u00e9ralement les longs tuyaux et ont la possibilit\u00e9 de s&rsquo;inverser sans avoir \u00e0 d\u00e9placer le tuyau. Cela surmonte l&rsquo;un des principaux inconv\u00e9nients des lin\u00e9aires &#8211; le travail pour manipuler et d\u00e9placer le tuyau. Dans de nombreux cas, les lin\u00e9aires peuvent apporter les avantages des pivots centraux (efficacit\u00e9 et uniformit\u00e9 d&rsquo;application, rentabilit\u00e9 et faibles besoins en main-d&rsquo;\u0153uvre) \u00e0 ces champs irr\u00e9guliers plus petits.<\/span> <\/span>[\/vc_column_text][\/vc_column][\/vc_row]<\/p>\n","protected":false},"excerpt":{"rendered":"<p>[vc_row][vc_column][vc_single_image image=\u00a0\u00bb2624&Prime; img_size=\u00a0\u00bbfull\u00a0\u00bb alignment=\u00a0\u00bbcenter\u00a0\u00bb][vc_column_text]Les machines d&rsquo;irrigation lin\u00e9aire se d\u00e9placent d&rsquo;avant en arri\u00e8re \u00e0 travers votre champ plut\u00f4t que autour d&rsquo;un point central comme le fait un pivot central. Un lin\u00e9aire peut se d\u00e9placer en ligne droite, en avant ou en arri\u00e8re. Leur mobilit\u00e9 fait des lin\u00e9aires l&rsquo;un des plus efficaces pour ms d&rsquo;irrigation agricole, irriguant g\u00e9n\u00e9ralement 92 \u00e0 98 pour cent d&rsquo;un champ carr\u00e9 ou rectangulaire. Les lin\u00e9aires peuvent \u00e9galement aider \u00e0 la chimigation, \u00e0 la fertigation et \u00e0 la germination, et peuvent aider \u00e0 r\u00e9duire la lixiviation qui peut se produire par le biais d&rsquo;autres m\u00e9thodes d&rsquo;irrigation. Les petits lin\u00e9aires flexibles tirent g\u00e9n\u00e9ralement les longs tuyaux et ont la possibilit\u00e9 de s&rsquo;inverser sans avoir \u00e0 d\u00e9placer le tuyau. Cela surmonte l&rsquo;un des principaux inconv\u00e9nients des lin\u00e9aires &#8211; le travail pour manipuler et d\u00e9placer le tuyau. Dans de nombreux cas, les lin\u00e9aires peuvent apporter les avantages des pivots centraux (efficacit\u00e9 et uniformit\u00e9 d&rsquo;application, rentabilit\u00e9 et faibles besoins en main-d&rsquo;\u0153uvre) \u00e0 ces champs irr\u00e9guliers plus petits. [\/vc_column_text][\/vc_column][\/vc_row]<\/p>\n","protected":false},"author":1,"featured_media":0,"parent":0,"menu_order":0,"comment_status":"closed","ping_status":"closed","template":"","meta":{"two_page_speed":[],"footnotes":""},"class_list":["post-3149","page","type-page","status-publish","hentry"],"_links":{"self":[{"href":"https:\/\/afko.com.tr\/fr\/wp-json\/wp\/v2\/pages\/3149","targetHints":{"allow":["GET"]}}],"collection":[{"href":"https:\/\/afko.com.tr\/fr\/wp-json\/wp\/v2\/pages"}],"about":[{"href":"https:\/\/afko.com.tr\/fr\/wp-json\/wp\/v2\/types\/page"}],"author":[{"embeddable":true,"href":"https:\/\/afko.com.tr\/fr\/wp-json\/wp\/v2\/users\/1"}],"replies":[{"embeddable":true,"href":"https:\/\/afko.com.tr\/fr\/wp-json\/wp\/v2\/comments?post=3149"}],"version-history":[{"count":5,"href":"https:\/\/afko.com.tr\/fr\/wp-json\/wp\/v2\/pages\/3149\/revisions"}],"predecessor-version":[{"id":3949,"href":"https:\/\/afko.com.tr\/fr\/wp-json\/wp\/v2\/pages\/3149\/revisions\/3949"}],"wp:attachment":[{"href":"https:\/\/afko.com.tr\/fr\/wp-json\/wp\/v2\/media?parent=3149"}],"curies":[{"name":"wp","href":"https:\/\/api.w.org\/{rel}","templated":true}]}}