{"id":3163,"date":"2020-03-14T12:23:00","date_gmt":"2020-03-14T09:23:00","guid":{"rendered":"https:\/\/afko.com.tr\/?page_id=3163"},"modified":"2020-03-21T14:58:42","modified_gmt":"2020-03-21T11:58:42","slug":"irrigation-goutte-a-goutte","status":"publish","type":"page","link":"https:\/\/afko.com.tr\/fr\/irrigation-goutte-a-goutte\/","title":{"rendered":"Irrigation goutte \u00e0 goutte"},"content":{"rendered":"<p>[vc_row][vc_column width=\u00a0\u00bb1\/2&Prime;][vc_single_image image=\u00a0\u00bb2682&Prime; img_size=\u00a0\u00bbfull\u00a0\u00bb alignment=\u00a0\u00bbcenter\u00a0\u00bb el_id=\u00a0\u00bbimg_box-sh\u00a0\u00bb el_class=\u00a0\u00bbimg_box-sh\u00a0\u00bb][\/vc_column][vc_column width=\u00a0\u00bb1\/2&Prime;][vc_single_image image=\u00a0\u00bb3923&Prime; img_size=\u00a0\u00bbfull\u00a0\u00bb alignment=\u00a0\u00bbcenter\u00a0\u00bb el_id=\u00a0\u00bbimg_box-sh\u00a0\u00bb el_class=\u00a0\u00bbimg_box-sh\u00a0\u00bb][\/vc_column][\/vc_row][vc_row][vc_column][vc_column_text]<span style=\"font-size: 18pt; color: #000000;\">L&rsquo;irrigation goutte \u00e0 goutte est parfois appel\u00e9e irrigation goutte \u00e0 goutte et implique des gouttes d&rsquo;eau sur le sol \u00e0 tr\u00e8s faible d\u00e9bit (2-20 litres \/ heure) \u00e0 partir d&rsquo;un syst\u00e8me de tuyaux en plastique de petit diam\u00e8tre \u00e9quip\u00e9s de sorties appel\u00e9es \u00e9metteurs ou goutteurs. L&rsquo;eau est appliqu\u00e9e \u00e0 proximit\u00e9 des plantes afin que seule une partie du sol dans lequel poussent les racines soit mouill\u00e9e (figure 60), contrairement \u00e0 l&rsquo;irrigation de surface et par aspersion, ce qui implique de mouiller tout le profil du sol. Avec l&rsquo;eau d&rsquo;irrigation goutte \u00e0 goutte, les applications sont plus fr\u00e9quentes (g\u00e9n\u00e9ralement tous les 1 \u00e0 3 jours) qu&rsquo;avec d&rsquo;autres m\u00e9thodes, ce qui fournit un niveau d&rsquo;humidit\u00e9 \u00e9lev\u00e9 tr\u00e8s favorable dans le sol dans lequel les plantes peuvent s&rsquo;\u00e9panouir.<\/span>[\/vc_column_text][\/vc_column][\/vc_row][vc_row][vc_column width=\u00a0\u00bb1\/2&Prime;][vc_single_image image=\u00a0\u00bb2694&Prime; img_size=\u00a0\u00bbfull\u00a0\u00bb alignment=\u00a0\u00bbcenter\u00a0\u00bb el_id=\u00a0\u00bbimg_box-sh\u00a0\u00bb el_class=\u00a0\u00bbimg_box-sh\u00a0\u00bb][\/vc_column][vc_column width=\u00a0\u00bb1\/2&Prime;][vc_single_image image=\u00a0\u00bb3929&Prime; img_size=\u00a0\u00bbfull\u00a0\u00bb alignment=\u00a0\u00bbcenter\u00a0\u00bb el_id=\u00a0\u00bbimg_box-sh\u00a0\u00bb el_class=\u00a0\u00bbimg_box-sh\u00a0\u00bb][\/vc_column][\/vc_row]<\/p>\n","protected":false},"excerpt":{"rendered":"<p>[vc_row][vc_column width=\u00a0\u00bb1\/2&Prime;][vc_single_image image=\u00a0\u00bb2682&Prime; img_size=\u00a0\u00bbfull\u00a0\u00bb alignment=\u00a0\u00bbcenter\u00a0\u00bb el_id=\u00a0\u00bbimg_box-sh\u00a0\u00bb el_class=\u00a0\u00bbimg_box-sh\u00a0\u00bb][\/vc_column][vc_column width=\u00a0\u00bb1\/2&Prime;][vc_single_image image=\u00a0\u00bb3923&Prime; img_size=\u00a0\u00bbfull\u00a0\u00bb alignment=\u00a0\u00bbcenter\u00a0\u00bb el_id=\u00a0\u00bbimg_box-sh\u00a0\u00bb el_class=\u00a0\u00bbimg_box-sh\u00a0\u00bb][\/vc_column][\/vc_row][vc_row][vc_column][vc_column_text]L&rsquo;irrigation goutte \u00e0 goutte est parfois appel\u00e9e irrigation goutte \u00e0 goutte et implique des gouttes d&rsquo;eau sur le sol \u00e0 tr\u00e8s faible d\u00e9bit (2-20 litres \/ heure) \u00e0 partir d&rsquo;un syst\u00e8me de tuyaux en plastique de petit diam\u00e8tre \u00e9quip\u00e9s de sorties appel\u00e9es \u00e9metteurs ou goutteurs. L&rsquo;eau est appliqu\u00e9e \u00e0 proximit\u00e9 des plantes afin que seule une partie du sol dans lequel poussent les racines soit mouill\u00e9e (figure 60), contrairement \u00e0 l&rsquo;irrigation de surface et par aspersion, ce qui implique de mouiller tout le profil du sol. Avec l&rsquo;eau d&rsquo;irrigation goutte \u00e0 goutte, les applications sont plus fr\u00e9quentes (g\u00e9n\u00e9ralement tous les 1 \u00e0 3 jours) qu&rsquo;avec d&rsquo;autres m\u00e9thodes, ce qui fournit un niveau d&rsquo;humidit\u00e9 \u00e9lev\u00e9 tr\u00e8s favorable dans le sol dans lequel les plantes peuvent s&rsquo;\u00e9panouir.[\/vc_column_text][\/vc_column][\/vc_row][vc_row][vc_column width=\u00a0\u00bb1\/2&Prime;][vc_single_image image=\u00a0\u00bb2694&Prime; img_size=\u00a0\u00bbfull\u00a0\u00bb alignment=\u00a0\u00bbcenter\u00a0\u00bb el_id=\u00a0\u00bbimg_box-sh\u00a0\u00bb el_class=\u00a0\u00bbimg_box-sh\u00a0\u00bb][\/vc_column][vc_column width=\u00a0\u00bb1\/2&Prime;][vc_single_image image=\u00a0\u00bb3929&Prime; img_size=\u00a0\u00bbfull\u00a0\u00bb alignment=\u00a0\u00bbcenter\u00a0\u00bb el_id=\u00a0\u00bbimg_box-sh\u00a0\u00bb el_class=\u00a0\u00bbimg_box-sh\u00a0\u00bb][\/vc_column][\/vc_row]<\/p>\n","protected":false},"author":1,"featured_media":0,"parent":0,"menu_order":0,"comment_status":"closed","ping_status":"closed","template":"","meta":{"two_page_speed":[],"footnotes":""},"class_list":["post-3163","page","type-page","status-publish","hentry"],"_links":{"self":[{"href":"https:\/\/afko.com.tr\/fr\/wp-json\/wp\/v2\/pages\/3163","targetHints":{"allow":["GET"]}}],"collection":[{"href":"https:\/\/afko.com.tr\/fr\/wp-json\/wp\/v2\/pages"}],"about":[{"href":"https:\/\/afko.com.tr\/fr\/wp-json\/wp\/v2\/types\/page"}],"author":[{"embeddable":true,"href":"https:\/\/afko.com.tr\/fr\/wp-json\/wp\/v2\/users\/1"}],"replies":[{"embeddable":true,"href":"https:\/\/afko.com.tr\/fr\/wp-json\/wp\/v2\/comments?post=3163"}],"version-history":[{"count":4,"href":"https:\/\/afko.com.tr\/fr\/wp-json\/wp\/v2\/pages\/3163\/revisions"}],"predecessor-version":[{"id":3954,"href":"https:\/\/afko.com.tr\/fr\/wp-json\/wp\/v2\/pages\/3163\/revisions\/3954"}],"wp:attachment":[{"href":"https:\/\/afko.com.tr\/fr\/wp-json\/wp\/v2\/media?parent=3163"}],"curies":[{"name":"wp","href":"https:\/\/api.w.org\/{rel}","templated":true}]}}