{"id":3173,"date":"2020-03-14T12:29:24","date_gmt":"2020-03-14T09:29:24","guid":{"rendered":"https:\/\/afko.com.tr\/?page_id=3173"},"modified":"2020-03-21T15:03:14","modified_gmt":"2020-03-21T12:03:14","slug":"irrigation-par-aspersion","status":"publish","type":"page","link":"https:\/\/afko.com.tr\/fr\/irrigation-par-aspersion\/","title":{"rendered":"Irrigation par aspersion"},"content":{"rendered":"<p>[vc_row][vc_column width=\u00a0\u00bb1\/2&Prime;][vc_single_image image=\u00a0\u00bb2564&Prime; img_size=\u00a0\u00bbmedium\u00a0\u00bb alignment=\u00a0\u00bbcenter\u00a0\u00bb][\/vc_column][vc_column width=\u00a0\u00bb1\/2&Prime;][vc_single_image image=\u00a0\u00bb2585&Prime; img_size=\u00a0\u00bbmedium\u00a0\u00bb alignment=\u00a0\u00bbcenter\u00a0\u00bb][\/vc_column][\/vc_row][vc_row][vc_column width=\u00a0\u00bb1\/2&Prime;][vc_single_image image=\u00a0\u00bb2568&Prime; img_size=\u00a0\u00bbmedium\u00a0\u00bb alignment=\u00a0\u00bbcenter\u00a0\u00bb][\/vc_column][vc_column width=\u00a0\u00bb1\/2&Prime;][vc_single_image image=\u00a0\u00bb2572&Prime; img_size=\u00a0\u00bbmedium\u00a0\u00bb alignment=\u00a0\u00bbcenter\u00a0\u00bb][\/vc_column][\/vc_row][vc_row][vc_column width=\u00a0\u00bb1\/2&Prime;][vc_single_image image=\u00a0\u00bb2576&Prime; img_size=\u00a0\u00bbmedium\u00a0\u00bb alignment=\u00a0\u00bbcenter\u00a0\u00bb][\/vc_column][vc_column width=\u00a0\u00bb1\/2&Prime;][vc_single_image image=\u00a0\u00bb2580&Prime; img_size=\u00a0\u00bbmedium\u00a0\u00bb alignment=\u00a0\u00bbcenter\u00a0\u00bb][\/vc_column][\/vc_row][vc_row][vc_column width=\u00a0\u00bb1\/2&Prime;][vc_single_image image=\u00a0\u00bb2646&Prime; img_size=\u00a0\u00bbmedium\u00a0\u00bb alignment=\u00a0\u00bbcenter\u00a0\u00bb][\/vc_column][vc_column width=\u00a0\u00bb1\/2&Prime;][vc_single_image image=\u00a0\u00bb2642&Prime; img_size=\u00a0\u00bbmedium\u00a0\u00bb alignment=\u00a0\u00bbcenter\u00a0\u00bb][\/vc_column][\/vc_row][vc_row][vc_column][vc_column_text]<\/p>\n<p style=\"text-align: center;\"><span style=\"font-size: 18pt; color: #000000;\">Les arroseurs par aspersion sont une excellente option pour les petites applications, comme les paysages r\u00e9sidentiels. Sauf indication contraire, les buses sont vendues s\u00e9par\u00e9ment du corps de pulv\u00e9risation. Cela vous permet de s\u00e9lectionner les mod\u00e8les de pulv\u00e9risation pour chaque t\u00eate de pulv\u00e9risation en les adaptant \u00e0 la disposition sp\u00e9cifique de votre paysage. Sprinkler Irrigation Systems propose une vaste s\u00e9lection de t\u00eates de pulv\u00e9risation et de buses, provenant d&rsquo;une grande vari\u00e9t\u00e9 de fabricants.<\/span><br \/>\n<span style=\"font-size: 18pt; color: #000000;\">L&rsquo;irrigation par aspersion est une m\u00e9thode d&rsquo;application de l&rsquo;eau d&rsquo;irrigation qui est similaire aux pr\u00e9cipitations naturelles. L&rsquo;eau est distribu\u00e9e \u00e0 travers un syst\u00e8me de tuyaux g\u00e9n\u00e9ralement par pompage. Il est ensuite pulv\u00e9ris\u00e9 dans l&rsquo;air \u00e0 travers des gicleurs de sorte qu&rsquo;il se d\u00e9compose en petites gouttes d&rsquo;eau qui tombent au sol. Le syst\u00e8me d&rsquo;alimentation de la pompe, les gicleurs et les conditions de fonctionnement doivent \u00eatre con\u00e7us pour permettre une application uniforme de l&rsquo;eau.<\/span><\/p>\n<p>[\/vc_column_text][\/vc_column][\/vc_row][vc_row][vc_column width=\u00a0\u00bb1\/2&Prime;][vc_single_image image=\u00a0\u00bb2659&Prime; img_size=\u00a0\u00bbfull\u00a0\u00bb alignment=\u00a0\u00bbcenter\u00a0\u00bb el_id=\u00a0\u00bbimg_box-sh\u00a0\u00bb el_class=\u00a0\u00bbimg_box-sh\u00a0\u00bb][\/vc_column][vc_column width=\u00a0\u00bb1\/2&Prime;][vc_single_image image=\u00a0\u00bb2651&Prime; img_size=\u00a0\u00bbfull\u00a0\u00bb alignment=\u00a0\u00bbcenter\u00a0\u00bb el_id=\u00a0\u00bbimg_box-sh\u00a0\u00bb el_class=\u00a0\u00bbimg_box-sh\u00a0\u00bb][\/vc_column][\/vc_row]<\/p>\n","protected":false},"excerpt":{"rendered":"<p>[vc_row][vc_column width=\u00a0\u00bb1\/2&Prime;][vc_single_image image=\u00a0\u00bb2564&Prime; img_size=\u00a0\u00bbmedium\u00a0\u00bb alignment=\u00a0\u00bbcenter\u00a0\u00bb][\/vc_column][vc_column width=\u00a0\u00bb1\/2&Prime;][vc_single_image image=\u00a0\u00bb2585&Prime; img_size=\u00a0\u00bbmedium\u00a0\u00bb alignment=\u00a0\u00bbcenter\u00a0\u00bb][\/vc_column][\/vc_row][vc_row][vc_column width=\u00a0\u00bb1\/2&Prime;][vc_single_image image=\u00a0\u00bb2568&Prime; img_size=\u00a0\u00bbmedium\u00a0\u00bb alignment=\u00a0\u00bbcenter\u00a0\u00bb][\/vc_column][vc_column width=\u00a0\u00bb1\/2&Prime;][vc_single_image image=\u00a0\u00bb2572&Prime; img_size=\u00a0\u00bbmedium\u00a0\u00bb alignment=\u00a0\u00bbcenter\u00a0\u00bb][\/vc_column][\/vc_row][vc_row][vc_column width=\u00a0\u00bb1\/2&Prime;][vc_single_image image=\u00a0\u00bb2576&Prime; img_size=\u00a0\u00bbmedium\u00a0\u00bb alignment=\u00a0\u00bbcenter\u00a0\u00bb][\/vc_column][vc_column width=\u00a0\u00bb1\/2&Prime;][vc_single_image image=\u00a0\u00bb2580&Prime; img_size=\u00a0\u00bbmedium\u00a0\u00bb alignment=\u00a0\u00bbcenter\u00a0\u00bb][\/vc_column][\/vc_row][vc_row][vc_column width=\u00a0\u00bb1\/2&Prime;][vc_single_image image=\u00a0\u00bb2646&Prime; img_size=\u00a0\u00bbmedium\u00a0\u00bb alignment=\u00a0\u00bbcenter\u00a0\u00bb][\/vc_column][vc_column width=\u00a0\u00bb1\/2&Prime;][vc_single_image image=\u00a0\u00bb2642&Prime; img_size=\u00a0\u00bbmedium\u00a0\u00bb alignment=\u00a0\u00bbcenter\u00a0\u00bb][\/vc_column][\/vc_row][vc_row][vc_column][vc_column_text] Les arroseurs par aspersion sont une excellente option pour les petites applications, comme les paysages r\u00e9sidentiels. Sauf indication contraire, les buses sont vendues s\u00e9par\u00e9ment du corps de pulv\u00e9risation. Cela vous permet de s\u00e9lectionner les mod\u00e8les de pulv\u00e9risation pour chaque t\u00eate de pulv\u00e9risation en les adaptant \u00e0 la disposition sp\u00e9cifique de votre paysage. Sprinkler Irrigation Systems propose une vaste s\u00e9lection de t\u00eates de pulv\u00e9risation et de buses, provenant d&rsquo;une grande vari\u00e9t\u00e9 de fabricants. L&rsquo;irrigation par aspersion est une m\u00e9thode d&rsquo;application de l&rsquo;eau d&rsquo;irrigation qui est similaire aux pr\u00e9cipitations naturelles. L&rsquo;eau est distribu\u00e9e \u00e0 travers un syst\u00e8me de tuyaux g\u00e9n\u00e9ralement par pompage. Il est ensuite pulv\u00e9ris\u00e9 dans l&rsquo;air \u00e0 travers des gicleurs de sorte qu&rsquo;il se d\u00e9compose en petites gouttes d&rsquo;eau qui tombent au sol. Le syst\u00e8me d&rsquo;alimentation de la pompe, les gicleurs et les conditions de fonctionnement doivent \u00eatre con\u00e7us pour permettre une application uniforme de l&rsquo;eau. [\/vc_column_text][\/vc_column][\/vc_row][vc_row][vc_column width=\u00a0\u00bb1\/2&Prime;][vc_single_image image=\u00a0\u00bb2659&Prime; img_size=\u00a0\u00bbfull\u00a0\u00bb alignment=\u00a0\u00bbcenter\u00a0\u00bb el_id=\u00a0\u00bbimg_box-sh\u00a0\u00bb el_class=\u00a0\u00bbimg_box-sh\u00a0\u00bb][\/vc_column][vc_column width=\u00a0\u00bb1\/2&Prime;][vc_single_image image=\u00a0\u00bb2651&Prime; img_size=\u00a0\u00bbfull\u00a0\u00bb alignment=\u00a0\u00bbcenter\u00a0\u00bb el_id=\u00a0\u00bbimg_box-sh\u00a0\u00bb el_class=\u00a0\u00bbimg_box-sh\u00a0\u00bb][\/vc_column][\/vc_row]<\/p>\n","protected":false},"author":1,"featured_media":0,"parent":0,"menu_order":0,"comment_status":"closed","ping_status":"closed","template":"","meta":{"two_page_speed":[],"footnotes":""},"class_list":["post-3173","page","type-page","status-publish","hentry"],"_links":{"self":[{"href":"https:\/\/afko.com.tr\/fr\/wp-json\/wp\/v2\/pages\/3173","targetHints":{"allow":["GET"]}}],"collection":[{"href":"https:\/\/afko.com.tr\/fr\/wp-json\/wp\/v2\/pages"}],"about":[{"href":"https:\/\/afko.com.tr\/fr\/wp-json\/wp\/v2\/types\/page"}],"author":[{"embeddable":true,"href":"https:\/\/afko.com.tr\/fr\/wp-json\/wp\/v2\/users\/1"}],"replies":[{"embeddable":true,"href":"https:\/\/afko.com.tr\/fr\/wp-json\/wp\/v2\/comments?post=3173"}],"version-history":[{"count":4,"href":"https:\/\/afko.com.tr\/fr\/wp-json\/wp\/v2\/pages\/3173\/revisions"}],"predecessor-version":[{"id":3958,"href":"https:\/\/afko.com.tr\/fr\/wp-json\/wp\/v2\/pages\/3173\/revisions\/3958"}],"wp:attachment":[{"href":"https:\/\/afko.com.tr\/fr\/wp-json\/wp\/v2\/media?parent=3173"}],"curies":[{"name":"wp","href":"https:\/\/api.w.org\/{rel}","templated":true}]}}