{"id":3277,"date":"2020-03-14T12:50:27","date_gmt":"2020-03-14T09:50:27","guid":{"rendered":"https:\/\/afko.com.tr\/?page_id=3277"},"modified":"2020-03-25T12:44:10","modified_gmt":"2020-03-25T09:44:10","slug":"bague-de-collecteur","status":"publish","type":"page","link":"https:\/\/afko.com.tr\/fr\/bague-de-collecteur\/","title":{"rendered":"BAGUE DE COLLECTEUR"},"content":{"rendered":"<p>[vc_row][vc_column][vc_single_image image=\u00a0\u00bb2486&Prime; img_size=\u00a0\u00bbfull\u00a0\u00bb alignment=\u00a0\u00bbcenter\u00a0\u00bb][vc_column_text]<span style=\"color: #000000;\">[vc_row][vc_column width=\u00a0\u00bb1\/1&Prime;][vc_column_text]<span style=\"font-size: 18pt;\">Anneau collecteur ferm\u00e9 pour fournir une puissance et un signal continus<\/span><\/span><br \/>\n<span style=\"font-size: 18pt; color: #000000;\">tension aux moteurs et commandes sur l&rsquo;irrigation \u00e0 pivot central<\/span><br \/>\n<span style=\"font-size: 18pt; color: #000000;\">syst\u00e8mes.<\/span><\/p>\n<p><span style=\"font-size: 18pt; color: #000000;\">\u2022 Les fils sont num\u00e9rot\u00e9s et cod\u00e9s par couleur pour faciliter<\/span><br \/>\n<span style=\"font-size: 18pt; color: #000000;\">identification.<\/span><\/p>\n<p><span style=\"font-size: 18pt; color: #000000;\">\u2022 Le roulement graissable dans la base emp\u00eache la saisie de l&rsquo;arbre<\/span><\/p>\n<p><span style=\"font-size: 18pt; color: #000000;\">\u2022 La base en aluminium moul\u00e9 robuste est plus durable que<\/span><br \/>\n<span style=\"font-size: 18pt; color: #000000;\">la base en plastique.<\/span><\/p>\n<p><span style=\"font-size: 18pt; color: #000000;\">\u2022 Nouveau couvercle haut stabilis\u00e9 aux UV, permet jusqu&rsquo;\u00e0 14 anneaux<\/span>[\/vc_column_text][vc_single_image image=\u00a0\u00bb4016&Prime; img_size=\u00a0\u00bbfull\u00a0\u00bb alignment=\u00a0\u00bbcenter\u00a0\u00bb][\/vc_column][\/vc_row]<\/p>\n","protected":false},"excerpt":{"rendered":"<p>[vc_row][vc_column][vc_single_image image=\u00a0\u00bb2486&Prime; img_size=\u00a0\u00bbfull\u00a0\u00bb alignment=\u00a0\u00bbcenter\u00a0\u00bb][vc_column_text][vc_row][vc_column width=\u00a0\u00bb1\/1&Prime;][vc_column_text]Anneau collecteur ferm\u00e9 pour fournir une puissance et un signal continus tension aux moteurs et commandes sur l&rsquo;irrigation \u00e0 pivot central syst\u00e8mes. \u2022 Les fils sont num\u00e9rot\u00e9s et cod\u00e9s par couleur pour faciliter identification. \u2022 Le roulement graissable dans la base emp\u00eache la saisie de l&rsquo;arbre \u2022 La base en aluminium moul\u00e9 robuste est plus durable que la base en plastique. \u2022 Nouveau couvercle haut stabilis\u00e9 aux UV, permet jusqu&rsquo;\u00e0 14 anneaux[\/vc_column_text][vc_single_image image=\u00a0\u00bb4016&Prime; img_size=\u00a0\u00bbfull\u00a0\u00bb alignment=\u00a0\u00bbcenter\u00a0\u00bb][\/vc_column][\/vc_row]<\/p>\n","protected":false},"author":1,"featured_media":0,"parent":0,"menu_order":0,"comment_status":"closed","ping_status":"closed","template":"","meta":{"two_page_speed":[],"footnotes":""},"class_list":["post-3277","page","type-page","status-publish","hentry"],"_links":{"self":[{"href":"https:\/\/afko.com.tr\/fr\/wp-json\/wp\/v2\/pages\/3277","targetHints":{"allow":["GET"]}}],"collection":[{"href":"https:\/\/afko.com.tr\/fr\/wp-json\/wp\/v2\/pages"}],"about":[{"href":"https:\/\/afko.com.tr\/fr\/wp-json\/wp\/v2\/types\/page"}],"author":[{"embeddable":true,"href":"https:\/\/afko.com.tr\/fr\/wp-json\/wp\/v2\/users\/1"}],"replies":[{"embeddable":true,"href":"https:\/\/afko.com.tr\/fr\/wp-json\/wp\/v2\/comments?post=3277"}],"version-history":[{"count":5,"href":"https:\/\/afko.com.tr\/fr\/wp-json\/wp\/v2\/pages\/3277\/revisions"}],"predecessor-version":[{"id":4029,"href":"https:\/\/afko.com.tr\/fr\/wp-json\/wp\/v2\/pages\/3277\/revisions\/4029"}],"wp:attachment":[{"href":"https:\/\/afko.com.tr\/fr\/wp-json\/wp\/v2\/media?parent=3277"}],"curies":[{"name":"wp","href":"https:\/\/api.w.org\/{rel}","templated":true}]}}