{"id":3301,"date":"2020-03-14T12:53:05","date_gmt":"2020-03-14T09:53:05","guid":{"rendered":"https:\/\/afko.com.tr\/?page_id=3301"},"modified":"2020-03-25T17:13:06","modified_gmt":"2020-03-25T14:13:06","slug":"boites-de-vitesses","status":"publish","type":"page","link":"https:\/\/afko.com.tr\/fr\/boites-de-vitesses\/","title":{"rendered":"Bo\u00eetes de vitesses"},"content":{"rendered":"<p>[vc_row][vc_column width=\u00a0\u00bb1\/3&Prime;][vc_empty_space][vc_empty_space][vc_single_image image=\u00a0\u00bb4138&Prime; img_size=\u00a0\u00bbfull\u00a0\u00bb alignment=\u00a0\u00bbcenter\u00a0\u00bb][\/vc_column][vc_column width=\u00a0\u00bb1\/3&Prime;][vc_empty_space][vc_empty_space][vc_single_image image=\u00a0\u00bb2480&Prime; img_size=\u00a0\u00bbfull\u00a0\u00bb alignment=\u00a0\u00bbcenter\u00a0\u00bb][\/vc_column][vc_column width=\u00a0\u00bb1\/3&Prime;][vc_single_image image=\u00a0\u00bb4134&Prime; img_size=\u00a0\u00bbfull\u00a0\u00bb alignment=\u00a0\u00bbcenter\u00a0\u00bb][\/vc_column][\/vc_row][vc_row][vc_column][vc_column_text]<\/p>\n<p style=\"text-align: center;\"><span style=\"font-size: 14pt; color: #000000;\">L\u2019AFKO \u00ae bo\u00eete de vitesses est con\u00e7u et construit pour fonctionner dans les conditions de croissance les plus exigeantes d\u2019aujourd\u2019hui.<\/span><\/p>\n<p style=\"text-align: center;\"><span style=\"font-size: 14pt; color: #000000;\">Il y a un engrenage de ver plus fort et plus lourd pr\u00e9charg\u00e9 et nos nouveaux joints brevet\u00e9s d\u2019arbre qui maintiennent l\u2019entr\u00e9e d\u2019huile et des probl\u00e8mes dehors.<\/span><\/p>\n<p style=\"text-align: center;\"><span style=\"font-size: 14pt; color: #000000;\">L\u2019engrenage de taureau en bronze lourd est une option disponible pour les applications extr\u00eames. Con\u00e7u pour r\u00e9pondre aux plus longues dur\u00e9es de jour.\u00a0<\/span><\/p>\n<p style=\"text-align: center;\"><span style=\"font-size: 14pt; color: #000000;\">Chaque composant est con\u00e7u pour fournir les exigences de couple requises par vos combinaisons de sol et de pneus.<\/span><\/p>\n<p><span style=\"font-size: 14pt; color: #000000;\"><strong>Caract\u00e9ristiques :<\/strong><\/span><\/p>\n<p><span style=\"font-size: 14pt; color: #000000;\">&#8211; Couple de pointe \u00e9valu\u00e9 \u00e0 75 000 en\/lb.<\/span><\/p>\n<p><span style=\"font-size: 14pt; color: #000000;\">&#8211; Double entr\u00e9e, \u00e9quipement de ver d\u2019acier forg\u00e9 \u00e0 chaud.<\/span><\/p>\n<p><span style=\"font-size: 14pt; color: #000000;\">&#8211; Arbre de sortie de 2-1\/4. &#8211; Sceaux \u00e0 double entr\u00e9e et de sortie.<\/span><\/p>\n<p><span style=\"font-size: 14pt; color: #000000;\">&#8211; Les grands roulements d\u2019entr\u00e9e et les logements renforc\u00e9s.<\/span>[\/vc_column_text][\/vc_column][\/vc_row][vc_row][vc_column][vc_single_image image=\u00a0\u00bb4151&Prime; img_size=\u00a0\u00bbfull\u00a0\u00bb alignment=\u00a0\u00bbcenter\u00a0\u00bb][\/vc_column][\/vc_row]<\/p>\n","protected":false},"excerpt":{"rendered":"<p>[vc_row][vc_column width=\u00a0\u00bb1\/3&Prime;][vc_empty_space][vc_empty_space][vc_single_image image=\u00a0\u00bb4138&Prime; img_size=\u00a0\u00bbfull\u00a0\u00bb alignment=\u00a0\u00bbcenter\u00a0\u00bb][\/vc_column][vc_column width=\u00a0\u00bb1\/3&Prime;][vc_empty_space][vc_empty_space][vc_single_image image=\u00a0\u00bb2480&Prime; img_size=\u00a0\u00bbfull\u00a0\u00bb alignment=\u00a0\u00bbcenter\u00a0\u00bb][\/vc_column][vc_column width=\u00a0\u00bb1\/3&Prime;][vc_single_image image=\u00a0\u00bb4134&Prime; img_size=\u00a0\u00bbfull\u00a0\u00bb alignment=\u00a0\u00bbcenter\u00a0\u00bb][\/vc_column][\/vc_row][vc_row][vc_column][vc_column_text] L\u2019AFKO \u00ae bo\u00eete de vitesses est con\u00e7u et construit pour fonctionner dans les conditions de croissance les plus exigeantes d\u2019aujourd\u2019hui. Il y a un engrenage de ver plus fort et plus lourd pr\u00e9charg\u00e9 et nos nouveaux joints brevet\u00e9s d\u2019arbre qui maintiennent l\u2019entr\u00e9e d\u2019huile et des probl\u00e8mes dehors. L\u2019engrenage de taureau en bronze lourd est une option disponible pour les applications extr\u00eames. Con\u00e7u pour r\u00e9pondre aux plus longues dur\u00e9es de jour.\u00a0 Chaque composant est con\u00e7u pour fournir les exigences de couple requises par vos combinaisons de sol et de pneus. Caract\u00e9ristiques : &#8211; Couple de pointe \u00e9valu\u00e9 \u00e0 75 000 en\/lb. &#8211; Double entr\u00e9e, \u00e9quipement de ver d\u2019acier forg\u00e9 \u00e0 chaud. &#8211; Arbre de sortie de 2-1\/4. &#8211; Sceaux \u00e0 double entr\u00e9e et de sortie. &#8211; Les grands roulements d\u2019entr\u00e9e et les logements renforc\u00e9s.[\/vc_column_text][\/vc_column][\/vc_row][vc_row][vc_column][vc_single_image image=\u00a0\u00bb4151&Prime; img_size=\u00a0\u00bbfull\u00a0\u00bb alignment=\u00a0\u00bbcenter\u00a0\u00bb][\/vc_column][\/vc_row]<\/p>\n","protected":false},"author":1,"featured_media":0,"parent":0,"menu_order":0,"comment_status":"closed","ping_status":"closed","template":"","meta":{"two_page_speed":[],"footnotes":""},"class_list":["post-3301","page","type-page","status-publish","hentry"],"_links":{"self":[{"href":"https:\/\/afko.com.tr\/fr\/wp-json\/wp\/v2\/pages\/3301","targetHints":{"allow":["GET"]}}],"collection":[{"href":"https:\/\/afko.com.tr\/fr\/wp-json\/wp\/v2\/pages"}],"about":[{"href":"https:\/\/afko.com.tr\/fr\/wp-json\/wp\/v2\/types\/page"}],"author":[{"embeddable":true,"href":"https:\/\/afko.com.tr\/fr\/wp-json\/wp\/v2\/users\/1"}],"replies":[{"embeddable":true,"href":"https:\/\/afko.com.tr\/fr\/wp-json\/wp\/v2\/comments?post=3301"}],"version-history":[{"count":7,"href":"https:\/\/afko.com.tr\/fr\/wp-json\/wp\/v2\/pages\/3301\/revisions"}],"predecessor-version":[{"id":4165,"href":"https:\/\/afko.com.tr\/fr\/wp-json\/wp\/v2\/pages\/3301\/revisions\/4165"}],"wp:attachment":[{"href":"https:\/\/afko.com.tr\/fr\/wp-json\/wp\/v2\/media?parent=3301"}],"curies":[{"name":"wp","href":"https:\/\/api.w.org\/{rel}","templated":true}]}}