{"id":3320,"date":"2020-03-14T12:55:14","date_gmt":"2020-03-14T09:55:14","guid":{"rendered":"https:\/\/afko.com.tr\/?page_id=3320"},"modified":"2020-03-25T15:50:04","modified_gmt":"2020-03-25T12:50:04","slug":"boites-de-tour","status":"publish","type":"page","link":"https:\/\/afko.com.tr\/fr\/boites-de-tour\/","title":{"rendered":"bo\u00eetes de tour"},"content":{"rendered":"<p>[vc_row][vc_column][vc_single_image image=\u00a0\u00bb2467&Prime; img_size=\u00a0\u00bbfull\u00a0\u00bb alignment=\u00a0\u00bbcenter\u00a0\u00bb][vc_column_text]<\/p>\n<p style=\"text-align: center;\"><span style=\"color: #000000; font-size: 18pt;\">Le bo\u00eetier de la tour est compos\u00e9 de blanc, \u00e0 paroi \u00e9paisse stabilis\u00e9 aux UV<\/span><\/p>\n<p style=\"text-align: center;\"><span style=\"color: #000000; font-size: 18pt;\">thermoplastique avec une base en acier galvanis\u00e9. Il a un arbre \u00e0 cames en acier et des micros directionnels r\u00e9glables et r\u00e9sistants \u00e0 l&rsquo;humidit\u00e9<\/span><\/p>\n<p style=\"text-align: center;\"><span style=\"color: #000000; font-size: 18pt;\">Caract\u00e9ristiques. La base rigide et le ressort de came surdimensionn\u00e9 am\u00e9liorent<\/span><\/p>\n<p style=\"text-align: center;\"><span style=\"color: #000000; font-size: 18pt;\">caract\u00e9ristiques d&rsquo;alignement de la machine pour r\u00e9duire les contraintes structurelles.<\/span><\/p>\n<p>[\/vc_column_text][\/vc_column][\/vc_row][vc_row][vc_column width=\u00a0\u00bb1\/2&Prime;][vc_single_image image=\u00a0\u00bb4083&Prime; img_size=\u00a0\u00bbfull\u00a0\u00bb alignment=\u00a0\u00bbcenter\u00a0\u00bb][\/vc_column][vc_column width=\u00a0\u00bb1\/2&Prime;][vc_single_image image=\u00a0\u00bb4107&Prime; img_size=\u00a0\u00bbfull\u00a0\u00bb alignment=\u00a0\u00bbcenter\u00a0\u00bb][\/vc_column][\/vc_row][vc_row][vc_column][vc_column_text]<\/p>\n<ul>\n<li><span style=\"color: #000000; font-size: 14pt;\">Le bo\u00eetier de la tour est compos\u00e9 de thermoplastique blanc \u00e0 parois \u00e9paisses stabilis\u00e9 aux UV avec une base en acier galvanis\u00e9.<\/span><\/li>\n<li><span style=\"color: #000000; font-size: 14pt;\">Il dispose d&rsquo;un arbre \u00e0 cames en acier et de micros directionnels r\u00e9glables et r\u00e9sistants \u00e0 l&rsquo;humidit\u00e9.<\/span><\/li>\n<li><span style=\"color: #000000; font-size: 14pt;\">La base rigide et le ressort de came surdimensionn\u00e9 am\u00e9liorent les caract\u00e9ristiques d&rsquo;alignement de la machine pour r\u00e9duire les contraintes structurelles.<\/span><\/li>\n<li><span style=\"color: #000000; font-size: 14pt;\">La construction en acier galvanis\u00e9 avec arbre en acier inoxydable et ensemble de roulements en nylon garantit une longue dur\u00e9e de vie.<\/span><\/li>\n<li><span style=\"color: #000000; font-size: 14pt;\">Assemblage fiable de cames et de micro-interrupteurs fiables \u00e9prouv\u00e9s sur le terrain<\/span><\/li>\n<li><span style=\"color: #000000; font-size: 14pt;\">arc pour prolonger la vie.<\/span><\/li>\n<\/ul>\n<p>[\/vc_column_text][\/vc_column][\/vc_row]<\/p>\n","protected":false},"excerpt":{"rendered":"<p>[vc_row][vc_column][vc_single_image image=\u00a0\u00bb2467&Prime; img_size=\u00a0\u00bbfull\u00a0\u00bb alignment=\u00a0\u00bbcenter\u00a0\u00bb][vc_column_text] Le bo\u00eetier de la tour est compos\u00e9 de blanc, \u00e0 paroi \u00e9paisse stabilis\u00e9 aux UV thermoplastique avec une base en acier galvanis\u00e9. Il a un arbre \u00e0 cames en acier et des micros directionnels r\u00e9glables et r\u00e9sistants \u00e0 l&rsquo;humidit\u00e9 Caract\u00e9ristiques. La base rigide et le ressort de came surdimensionn\u00e9 am\u00e9liorent caract\u00e9ristiques d&rsquo;alignement de la machine pour r\u00e9duire les contraintes structurelles. [\/vc_column_text][\/vc_column][\/vc_row][vc_row][vc_column width=\u00a0\u00bb1\/2&Prime;][vc_single_image image=\u00a0\u00bb4083&Prime; img_size=\u00a0\u00bbfull\u00a0\u00bb alignment=\u00a0\u00bbcenter\u00a0\u00bb][\/vc_column][vc_column width=\u00a0\u00bb1\/2&Prime;][vc_single_image image=\u00a0\u00bb4107&Prime; img_size=\u00a0\u00bbfull\u00a0\u00bb alignment=\u00a0\u00bbcenter\u00a0\u00bb][\/vc_column][\/vc_row][vc_row][vc_column][vc_column_text] Le bo\u00eetier de la tour est compos\u00e9 de thermoplastique blanc \u00e0 parois \u00e9paisses stabilis\u00e9 aux UV avec une base en acier galvanis\u00e9. Il dispose d&rsquo;un arbre \u00e0 cames en acier et de micros directionnels r\u00e9glables et r\u00e9sistants \u00e0 l&rsquo;humidit\u00e9. La base rigide et le ressort de came surdimensionn\u00e9 am\u00e9liorent les caract\u00e9ristiques d&rsquo;alignement de la machine pour r\u00e9duire les contraintes structurelles. La construction en acier galvanis\u00e9 avec arbre en acier inoxydable et ensemble de roulements en nylon garantit une longue dur\u00e9e de vie. Assemblage fiable de cames et de micro-interrupteurs fiables \u00e9prouv\u00e9s sur le terrain arc pour prolonger la vie. [\/vc_column_text][\/vc_column][\/vc_row]<\/p>\n","protected":false},"author":1,"featured_media":0,"parent":0,"menu_order":0,"comment_status":"closed","ping_status":"closed","template":"","meta":{"two_page_speed":[],"footnotes":""},"class_list":["post-3320","page","type-page","status-publish","hentry"],"_links":{"self":[{"href":"https:\/\/afko.com.tr\/fr\/wp-json\/wp\/v2\/pages\/3320","targetHints":{"allow":["GET"]}}],"collection":[{"href":"https:\/\/afko.com.tr\/fr\/wp-json\/wp\/v2\/pages"}],"about":[{"href":"https:\/\/afko.com.tr\/fr\/wp-json\/wp\/v2\/types\/page"}],"author":[{"embeddable":true,"href":"https:\/\/afko.com.tr\/fr\/wp-json\/wp\/v2\/users\/1"}],"replies":[{"embeddable":true,"href":"https:\/\/afko.com.tr\/fr\/wp-json\/wp\/v2\/comments?post=3320"}],"version-history":[{"count":6,"href":"https:\/\/afko.com.tr\/fr\/wp-json\/wp\/v2\/pages\/3320\/revisions"}],"predecessor-version":[{"id":4122,"href":"https:\/\/afko.com.tr\/fr\/wp-json\/wp\/v2\/pages\/3320\/revisions\/4122"}],"wp:attachment":[{"href":"https:\/\/afko.com.tr\/fr\/wp-json\/wp\/v2\/media?parent=3320"}],"curies":[{"name":"wp","href":"https:\/\/api.w.org\/{rel}","templated":true}]}}