{"id":3391,"date":"2020-03-14T13:01:00","date_gmt":"2020-03-14T10:01:00","guid":{"rendered":"https:\/\/afko.com.tr\/?page_id=3391"},"modified":"2020-04-08T17:46:11","modified_gmt":"2020-04-08T14:46:11","slug":"tuyaux","status":"publish","type":"page","link":"https:\/\/afko.com.tr\/fr\/tuyaux\/","title":{"rendered":"tuyaux"},"content":{"rendered":"<p>[vc_row][vc_column width=\u00a0\u00bb1\/4&Prime;][vc_single_image image=\u00a0\u00bb4729&Prime; img_size=\u00a0\u00bbfull\u00a0\u00bb alignment=\u00a0\u00bbcenter\u00a0\u00bb][\/vc_column][vc_column width=\u00a0\u00bb1\/4&Prime;][vc_single_image image=\u00a0\u00bb4733&Prime; img_size=\u00a0\u00bbfull\u00a0\u00bb alignment=\u00a0\u00bbcenter\u00a0\u00bb][\/vc_column][vc_column width=\u00a0\u00bb1\/4&Prime;][vc_single_image image=\u00a0\u00bb4737&Prime; img_size=\u00a0\u00bbfull\u00a0\u00bb alignment=\u00a0\u00bbcenter\u00a0\u00bb][\/vc_column][vc_column width=\u00a0\u00bb1\/4&Prime;][vc_single_image image=\u00a0\u00bb4741&Prime; img_size=\u00a0\u00bbfull\u00a0\u00bb alignment=\u00a0\u00bbcenter\u00a0\u00bb][\/vc_column][\/vc_row][vc_row][vc_column][vc_column_text]<span style=\"font-size: 14pt; color: #000000;\"><strong>Tuyaux principaux des syst\u00e8mes d&rsquo;irrigation \u00e0 pivot central AFKO :<\/strong><\/span><\/p>\n<p><span style=\"font-size: 14pt; color: #000000;\">Principalement, AFKO utilise plusieurs types de tuyaux, ceux utilis\u00e9s \u00e0 l&rsquo;int\u00e9rieur du pivot sont galvanis\u00e9s, les bouchons pour arroseurs avec un espacement de 113 \u00ab\u00a0. Ils sont appel\u00e9s tuyaux principaux car ils sont le composant principal du syst\u00e8me de pivot, le tuyau principal est fourni en deux longueurs principales :<\/span><\/p>\n<ul>\n<li><span style=\"font-size: 14pt; color: #000000;\">5.75m<\/span><\/li>\n<li><span style=\"font-size: 14pt; color: #000000;\">11.5m<\/span><\/li>\n<\/ul>\n<p><span style=\"font-size: 14pt; color: #000000;\">Comme ils sont disponibles \u00e0 partir de diff\u00e9rents diam\u00e8tres, cependant, notre produit le plus demand\u00e9 parmi lesquels le syst\u00e8me de pivot 6\u201d.<\/span><\/p>\n<p><span style=\"font-size: 14pt; color: #000000;\"><strong>Ainsi que les syst\u00e8mes d&rsquo;irrigation \u00e0 pivot AFKO fournissent des tuyaux polylinis\u00e9 pour l&rsquo;eau sal\u00e9e et sablonneuse.<\/strong><\/span><\/p>\n<p><span style=\"font-size: 14pt; color: #000000;\"><strong>Tuyau de surplomb:<\/strong><\/span><\/p>\n<p><span style=\"font-size: 14pt; color: #000000;\">Ainsi que le tuyau de surplomb qui est g\u00e9n\u00e9ralement de 6 m de long et contient 3 bouchons avec un espacement de 75 \u00ab\u00a0et est souvent de 4\u00a0\u00bb ou 5 \u00ab\u00a0selon la nature du pivot et de la terre ainsi que les cultures que nous voulons cultiver en utilisant ce pivot.<\/span><\/p>\n<p><span style=\"font-size: 14pt; color: #000000;\"><strong>Vous trouverez ci-dessous le type de tuyaux en PVC utilis\u00e9s pour transf\u00e9rer l&rsquo;eau de sa source (puits, lac, rivi\u00e8re\u2026 etc) au pivot.<\/strong><\/span>[\/vc_column_text][vc_single_image image=\u00a0\u00bb4753&Prime; img_size=\u00a0\u00bbfull\u00a0\u00bb alignment=\u00a0\u00bbcenter\u00a0\u00bb][\/vc_column][\/vc_row][vc_row][vc_column width=\u00a0\u00bb1\/4&Prime;][vc_single_image image=\u00a0\u00bb4713&Prime; img_size=\u00a0\u00bbfull\u00a0\u00bb alignment=\u00a0\u00bbcenter\u00a0\u00bb][\/vc_column][vc_column width=\u00a0\u00bb1\/4&Prime;][vc_single_image image=\u00a0\u00bb4717&Prime; img_size=\u00a0\u00bbfull\u00a0\u00bb alignment=\u00a0\u00bbcenter\u00a0\u00bb][\/vc_column][vc_column width=\u00a0\u00bb1\/4&Prime;][vc_single_image image=\u00a0\u00bb4721&Prime; img_size=\u00a0\u00bbfull\u00a0\u00bb alignment=\u00a0\u00bbcenter\u00a0\u00bb][\/vc_column][vc_column width=\u00a0\u00bb1\/4&Prime;][vc_single_image image=\u00a0\u00bb4725&Prime; img_size=\u00a0\u00bbfull\u00a0\u00bb alignment=\u00a0\u00bbcenter\u00a0\u00bb][\/vc_column][\/vc_row]<\/p>\n","protected":false},"excerpt":{"rendered":"<p>[vc_row][vc_column width=\u00a0\u00bb1\/4&Prime;][vc_single_image image=\u00a0\u00bb4729&Prime; img_size=\u00a0\u00bbfull\u00a0\u00bb alignment=\u00a0\u00bbcenter\u00a0\u00bb][\/vc_column][vc_column width=\u00a0\u00bb1\/4&Prime;][vc_single_image image=\u00a0\u00bb4733&Prime; img_size=\u00a0\u00bbfull\u00a0\u00bb alignment=\u00a0\u00bbcenter\u00a0\u00bb][\/vc_column][vc_column width=\u00a0\u00bb1\/4&Prime;][vc_single_image image=\u00a0\u00bb4737&Prime; img_size=\u00a0\u00bbfull\u00a0\u00bb alignment=\u00a0\u00bbcenter\u00a0\u00bb][\/vc_column][vc_column width=\u00a0\u00bb1\/4&Prime;][vc_single_image image=\u00a0\u00bb4741&Prime; img_size=\u00a0\u00bbfull\u00a0\u00bb alignment=\u00a0\u00bbcenter\u00a0\u00bb][\/vc_column][\/vc_row][vc_row][vc_column][vc_column_text]Tuyaux principaux des syst\u00e8mes d&rsquo;irrigation \u00e0 pivot central AFKO : Principalement, AFKO utilise plusieurs types de tuyaux, ceux utilis\u00e9s \u00e0 l&rsquo;int\u00e9rieur du pivot sont galvanis\u00e9s, les bouchons pour arroseurs avec un espacement de 113 \u00ab\u00a0. Ils sont appel\u00e9s tuyaux principaux car ils sont le composant principal du syst\u00e8me de pivot, le tuyau principal est fourni en deux longueurs principales : 5.75m 11.5m Comme ils sont disponibles \u00e0 partir de diff\u00e9rents diam\u00e8tres, cependant, notre produit le plus demand\u00e9 parmi lesquels le syst\u00e8me de pivot 6\u201d. Ainsi que les syst\u00e8mes d&rsquo;irrigation \u00e0 pivot AFKO fournissent des tuyaux polylinis\u00e9 pour l&rsquo;eau sal\u00e9e et sablonneuse. Tuyau de surplomb: Ainsi que le tuyau de surplomb qui est g\u00e9n\u00e9ralement de 6 m de long et contient 3 bouchons avec un espacement de 75 \u00ab\u00a0et est souvent de 4\u00a0\u00bb ou 5 \u00ab\u00a0selon la nature du pivot et de la terre ainsi que les cultures que nous voulons cultiver en utilisant ce pivot. Vous trouverez ci-dessous le type de tuyaux en PVC utilis\u00e9s pour transf\u00e9rer l&rsquo;eau de sa source (puits, lac, rivi\u00e8re\u2026 etc) au pivot.[\/vc_column_text][vc_single_image image=\u00a0\u00bb4753&Prime; img_size=\u00a0\u00bbfull\u00a0\u00bb alignment=\u00a0\u00bbcenter\u00a0\u00bb][\/vc_column][\/vc_row][vc_row][vc_column width=\u00a0\u00bb1\/4&Prime;][vc_single_image image=\u00a0\u00bb4713&Prime; img_size=\u00a0\u00bbfull\u00a0\u00bb alignment=\u00a0\u00bbcenter\u00a0\u00bb][\/vc_column][vc_column [&hellip;]<\/p>\n","protected":false},"author":1,"featured_media":0,"parent":0,"menu_order":0,"comment_status":"closed","ping_status":"closed","template":"","meta":{"two_page_speed":[],"footnotes":""},"class_list":["post-3391","page","type-page","status-publish","hentry"],"_links":{"self":[{"href":"https:\/\/afko.com.tr\/fr\/wp-json\/wp\/v2\/pages\/3391","targetHints":{"allow":["GET"]}}],"collection":[{"href":"https:\/\/afko.com.tr\/fr\/wp-json\/wp\/v2\/pages"}],"about":[{"href":"https:\/\/afko.com.tr\/fr\/wp-json\/wp\/v2\/types\/page"}],"author":[{"embeddable":true,"href":"https:\/\/afko.com.tr\/fr\/wp-json\/wp\/v2\/users\/1"}],"replies":[{"embeddable":true,"href":"https:\/\/afko.com.tr\/fr\/wp-json\/wp\/v2\/comments?post=3391"}],"version-history":[{"count":4,"href":"https:\/\/afko.com.tr\/fr\/wp-json\/wp\/v2\/pages\/3391\/revisions"}],"predecessor-version":[{"id":4758,"href":"https:\/\/afko.com.tr\/fr\/wp-json\/wp\/v2\/pages\/3391\/revisions\/4758"}],"wp:attachment":[{"href":"https:\/\/afko.com.tr\/fr\/wp-json\/wp\/v2\/media?parent=3391"}],"curies":[{"name":"wp","href":"https:\/\/api.w.org\/{rel}","templated":true}]}}