{"id":3500,"date":"2020-03-14T13:13:30","date_gmt":"2020-03-14T10:13:30","guid":{"rendered":"https:\/\/afko.com.tr\/?page_id=3500"},"modified":"2020-04-02T12:45:00","modified_gmt":"2020-04-02T09:45:00","slug":"contact-us","status":"publish","type":"page","link":"https:\/\/afko.com.tr\/fr\/contact-us\/","title":{"rendered":"faites votre a\ufb00aire"},"content":{"rendered":"<p>[vc_row][vc_column][vc_column_text]T[\/vc_column_text][\/vc_column][\/vc_row][vc_row][vc_column width=\u00a0\u00bb1\/3&Prime;][vc_custom_heading text=\u00a0\u00bbD\u00e9tails du contact\u00a0\u00bb font_container=\u00a0\u00bbtag:h2|font_size:28px|text_align:left|line_height:1.2&Prime; use_theme_fonts=\u00a0\u00bbyes\u00a0\u00bb font_weight=\u00a0\u00bb700&Prime; text_transform=\u00a0\u00bbuppercase\u00a0\u00bb heading_style=\u00a0\u00bbhave-border\u00a0\u00bb][vc_column_text]AFKO ltd. \u015fti.<\/p>\n<div class=\"header-contact-detail\">\n<div class=\"header-contact-detail-info\"><a href=\"https:\/\/www.google.com\/maps\/place\/AFKO+SULAMA+SSTEMLER\/@40.0595337,32.6244355,15z\/data=!4m2!3m1!1s0x0:0x6a0ede0d7d6ed34d?sa=X&amp;ved=2ahUKEwjOprTwwpTnAhUfwcQBHdscB1cQ_BIwHXoECBkQCA\"><span class=\"header-contact-detail-extra-info\">Ankara &#8211; Turquie<\/span><\/a><\/div>\n<div><\/div>\n<\/div>\n<p>Tel: + 90 312 385 60 85<\/p>\n<p>E-mail: info@afko.com.tr[\/vc_column_text][vc_custom_heading text=\u00a0\u00bbHeures d&rsquo;ouverture\u00a0\u00bb font_container=\u00a0\u00bbtag:h2|font_size:28px|text_align:left|line_height:1.2&Prime; use_theme_fonts=\u00a0\u00bbyes\u00a0\u00bb font_weight=\u00a0\u00bb700&Prime; text_transform=\u00a0\u00bbuppercase\u00a0\u00bb heading_style=\u00a0\u00bbhave-border\u00a0\u00bb css=\u00a0\u00bb.vc_custom_1584431326793{margin-bottom: 23px !important;}\u00a0\u00bb][vc_column_text]<\/p>\n<table class=\"working-hours\">\n<tbody>\n<tr>\n<td class=\"day-label\">Lundi<\/td>\n<td class=\"day-value\">9AM : 5PM<\/td>\n<\/tr>\n<tr>\n<td class=\"day-label\">Mardi<\/td>\n<td class=\"day-value\">9AM : 5PM<\/td>\n<\/tr>\n<tr>\n<td class=\"day-label\">Mercredi<\/td>\n<td class=\"day-value\">9AM : 5PM<\/td>\n<\/tr>\n<tr>\n<td class=\"day-label\">Jeudi<\/td>\n<td class=\"day-value\">9AM : 5PM<\/td>\n<\/tr>\n<tr>\n<td class=\"day-label\">Vendredi<\/td>\n<td class=\"day-value\">9AM : 5PM<\/td>\n<\/tr>\n<tr>\n<td class=\"day-label\">samedi<\/td>\n<td class=\"day-value \">9AM : 1PM<\/td>\n<\/tr>\n<tr>\n<td class=\"day-label\">dimanche<\/td>\n<td class=\"day-value primary-color\">Ferm\u00e9<\/td>\n<\/tr>\n<\/tbody>\n<\/table>\n<p>[\/vc_column_text][\/vc_column][vc_column width=\u00a0\u00bb2\/3&Prime;][vc_custom_heading text=\u00a0\u00bbPrix de l&rsquo;offre\u00a0\u00bb font_container=\u00a0\u00bbtag:h2|font_size:28px|text_align:left|line_height:1.2&Prime; use_theme_fonts=\u00a0\u00bbyes\u00a0\u00bb font_weight=\u00a0\u00bb700&Prime; text_transform=\u00a0\u00bbuppercase\u00a0\u00bb heading_style=\u00a0\u00bbhave-border\u00a0\u00bb]\n<div class=\"wpcf7 no-js\" id=\"wpcf7-f3758-o1\" lang=\"en-US\" dir=\"ltr\" data-wpcf7-id=\"3758\">\n<div class=\"screen-reader-response\"><p role=\"status\" aria-live=\"polite\" aria-atomic=\"true\"><\/p> <ul><\/ul><\/div>\n<form action=\"\/fr\/wp-json\/wp\/v2\/pages\/3500#wpcf7-f3758-o1\" method=\"post\" class=\"wpcf7-form init\" aria-label=\"Contact form\" enctype=\"multipart\/form-data\" novalidate=\"novalidate\" data-status=\"init\">\n<fieldset class=\"hidden-fields-container\"><input type=\"hidden\" name=\"_wpcf7\" value=\"3758\" \/><input type=\"hidden\" name=\"_wpcf7_version\" value=\"6.1.5\" \/><input type=\"hidden\" name=\"_wpcf7_locale\" value=\"en_US\" \/><input type=\"hidden\" name=\"_wpcf7_unit_tag\" value=\"wpcf7-f3758-o1\" \/><input type=\"hidden\" name=\"_wpcf7_container_post\" value=\"0\" \/><input type=\"hidden\" name=\"_wpcf7_posted_data_hash\" value=\"\" \/>\n<\/fieldset>\n<div class=\"row\">\n\t<div class=\"col-md-6\">\n\t\t<p><span class=\"wpcf7-form-control-wrap\" data-name=\"first-name\"><input size=\"40\" maxlength=\"400\" class=\"wpcf7-form-control wpcf7-text wpcf7-validates-as-required\" aria-required=\"true\" aria-invalid=\"false\" placeholder=\"le nom complet\" value=\"\" type=\"text\" name=\"first-name\" \/><\/span><br \/>\n<span class=\"wpcf7-form-control-wrap\" data-name=\"your-email\"><input size=\"40\" maxlength=\"400\" class=\"wpcf7-form-control wpcf7-email wpcf7-text wpcf7-validates-as-email\" aria-invalid=\"false\" placeholder=\"Votre email\" value=\"\" type=\"email\" name=\"your-email\" \/><\/span>\n\t\t<\/p>\n\t<\/div>\n\t<div class=\"col-md-6\">\n\t\t<p><span class=\"wpcf7-form-control-wrap\" data-name=\"last-name\"><input size=\"40\" maxlength=\"400\" class=\"wpcf7-form-control wpcf7-text wpcf7-validates-as-required\" aria-required=\"true\" aria-invalid=\"false\" placeholder=\"\u00c9tat\" value=\"\" type=\"text\" name=\"last-name\" \/><\/span><br \/>\n<span class=\"wpcf7-form-control-wrap\" data-name=\"your-tel\"><input size=\"40\" maxlength=\"400\" class=\"wpcf7-form-control wpcf7-tel wpcf7-text wpcf7-validates-as-tel\" aria-invalid=\"false\" placeholder=\"Num\u00e9ro de t\u00e9l\u00e9phone...\" value=\"\" type=\"tel\" name=\"your-tel\" \/><\/span>\n\t\t<\/p>\n\t<\/div>\n\t<div class=\"col-md-12\">\n\t\t<p><span class=\"wpcf7-form-control-wrap\" data-name=\"your-message\"><textarea cols=\"40\" rows=\"9\" maxlength=\"2000\" class=\"wpcf7-form-control wpcf7-textarea\" aria-invalid=\"false\" placeholder=\"Votre message\" name=\"your-message\"><\/textarea><\/span><br \/>\n<span style=\"color: #000;font-size: 20px;line-height: 47px;\">T\u00e9l\u00e9chargez le fichier de croquis<\/span><br \/>\n<span class=\"form-rcb-submit-wrapper\"><span class=\"wpcf7-form-control-wrap\" data-name=\"file-714\"><input size=\"40\" class=\"wpcf7-form-control wpcf7-file file-714\" id=\"file-714\" accept=\"audio\/*,video\/*,image\/*\" aria-invalid=\"false\" type=\"file\" name=\"file-714\" \/><\/span><\/span><span class=\"form-rcb-submit-wrapper\"><input class=\"wpcf7-form-control wpcf7-submit has-spinner secondary-background-color\" type=\"submit\" value=\"ENVOYER LE MESSAGE\" \/><i class=\"fa fa-caret-right\"><\/i><\/span>\n\t\t<\/p>\n\t<\/div>\n<\/div><div class=\"wpcf7-response-output\" aria-hidden=\"true\"><\/div>\n<\/form>\n<\/div>\n[\/vc_column][\/vc_row]<\/p>\n","protected":false},"excerpt":{"rendered":"<p>[vc_row][vc_column][vc_column_text]T[\/vc_column_text][\/vc_column][\/vc_row][vc_row][vc_column width=\u00a0\u00bb1\/3&Prime;][vc_custom_heading text=\u00a0\u00bbD\u00e9tails du contact\u00a0\u00bb font_container=\u00a0\u00bbtag:h2|font_size:28px|text_align:left|line_height:1.2&Prime; use_theme_fonts=\u00a0\u00bbyes\u00a0\u00bb font_weight=\u00a0\u00bb700&Prime; text_transform=\u00a0\u00bbuppercase\u00a0\u00bb heading_style=\u00a0\u00bbhave-border\u00a0\u00bb][vc_column_text]AFKO ltd. \u015fti. Ankara &#8211; Turquie Tel: + 90 312 385 60 85 E-mail: info@afko.com.tr[\/vc_column_text][vc_custom_heading text=\u00a0\u00bbHeures d&rsquo;ouverture\u00a0\u00bb font_container=\u00a0\u00bbtag:h2|font_size:28px|text_align:left|line_height:1.2&Prime; use_theme_fonts=\u00a0\u00bbyes\u00a0\u00bb font_weight=\u00a0\u00bb700&Prime; text_transform=\u00a0\u00bbuppercase\u00a0\u00bb heading_style=\u00a0\u00bbhave-border\u00a0\u00bb css=\u00a0\u00bb.vc_custom_1584431326793{margin-bottom: 23px !important;}\u00a0\u00bb][vc_column_text] Lundi 9AM : 5PM Mardi 9AM : 5PM Mercredi 9AM : 5PM Jeudi 9AM : 5PM Vendredi 9AM : 5PM samedi 9AM : 1PM dimanche Ferm\u00e9 [\/vc_column_text][\/vc_column][vc_column width=\u00a0\u00bb2\/3&Prime;][vc_custom_heading text=\u00a0\u00bbPrix de l&rsquo;offre\u00a0\u00bb font_container=\u00a0\u00bbtag:h2|font_size:28px|text_align:left|line_height:1.2&Prime; use_theme_fonts=\u00a0\u00bbyes\u00a0\u00bb font_weight=\u00a0\u00bb700&Prime; text_transform=\u00a0\u00bbuppercase\u00a0\u00bb heading_style=\u00a0\u00bbhave-border\u00a0\u00bb][\/vc_column][\/vc_row]<\/p>\n","protected":false},"author":1,"featured_media":0,"parent":0,"menu_order":0,"comment_status":"closed","ping_status":"closed","template":"","meta":{"two_page_speed":[],"footnotes":""},"class_list":["post-3500","page","type-page","status-publish","hentry"],"_links":{"self":[{"href":"https:\/\/afko.com.tr\/fr\/wp-json\/wp\/v2\/pages\/3500","targetHints":{"allow":["GET"]}}],"collection":[{"href":"https:\/\/afko.com.tr\/fr\/wp-json\/wp\/v2\/pages"}],"about":[{"href":"https:\/\/afko.com.tr\/fr\/wp-json\/wp\/v2\/types\/page"}],"author":[{"embeddable":true,"href":"https:\/\/afko.com.tr\/fr\/wp-json\/wp\/v2\/users\/1"}],"replies":[{"embeddable":true,"href":"https:\/\/afko.com.tr\/fr\/wp-json\/wp\/v2\/comments?post=3500"}],"version-history":[{"count":8,"href":"https:\/\/afko.com.tr\/fr\/wp-json\/wp\/v2\/pages\/3500\/revisions"}],"predecessor-version":[{"id":4701,"href":"https:\/\/afko.com.tr\/fr\/wp-json\/wp\/v2\/pages\/3500\/revisions\/4701"}],"wp:attachment":[{"href":"https:\/\/afko.com.tr\/fr\/wp-json\/wp\/v2\/media?parent=3500"}],"curies":[{"name":"wp","href":"https:\/\/api.w.org\/{rel}","templated":true}]}}