{"id":3517,"date":"2020-03-14T13:18:10","date_gmt":"2020-03-14T10:18:10","guid":{"rendered":"https:\/\/afko.com.tr\/?page_id=3517"},"modified":"2020-04-09T16:52:44","modified_gmt":"2020-04-09T13:52:44","slug":"a-propos-de-nous","status":"publish","type":"page","link":"https:\/\/afko.com.tr\/fr\/a-propos-de-nous\/","title":{"rendered":"\u00c0 propos de nous"},"content":{"rendered":"<p>[vc_row disable_element=\u00a0\u00bbyes\u00a0\u00bb][vc_column offset=\u00a0\u00bbvc_hidden-lg vc_hidden-md vc_hidden-sm vc_hidden-xs\u00a0\u00bb][vc_custom_heading text=\u00a0\u00bbWho We Are\u00a0\u00bb font_container=\u00a0\u00bbtag:h2|font_size:28px|text_align:center|line_height:1.2&Prime; use_theme_fonts=\u00a0\u00bbyes\u00a0\u00bb font_weight=\u00a0\u00bb700&Prime; text_transform=\u00a0\u00bbuppercase\u00a0\u00bb heading_style=\u00a0\u00bbhave-border\u00a0\u00bb css=\u00a0\u00bb.vc_custom_1473092956891{margin-bottom: 0px !important;}\u00a0\u00bb][vc_row_inner][vc_column_inner width=\u00a0\u00bb1\/4&Prime;][\/vc_column_inner][vc_column_inner width=\u00a0\u00bb1\/2&Prime;][vc_column_text css=\u00a0\u00bb.vc_custom_1473091634985{margin-bottom: 65px !important;}\u00a0\u00bb]<\/p>\n<p style=\"text-align: center;\">Sed sit amet efficitur lectus. Cras volutpat fringilla suscipit. Praesent rutrum euismod posuere. Integer accumsan lobortis urna ut commodo.<\/p>\n<p>[\/vc_column_text][\/vc_column_inner][vc_column_inner width=\u00a0\u00bb1\/4&Prime;][\/vc_column_inner][\/vc_row_inner][\/vc_column][\/vc_row][vc_row disable_element=\u00a0\u00bbyes\u00a0\u00bb][vc_column offset=\u00a0\u00bbvc_hidden-lg vc_hidden-md vc_hidden-sm vc_hidden-xs\u00a0\u00bb][saturnthemes_staff_grid show_content=\u00a0\u00bbyes\u00a0\u00bb per_page=\u00a0\u00bb4&Prime;][\/vc_column][\/vc_row][vc_row disable_element=\u00a0\u00bbyes\u00a0\u00bb css=\u00a0\u00bb.vc_custom_1579941990553{margin-bottom: 0px !important;}\u00a0\u00bb][vc_column offset=\u00a0\u00bbvc_hidden-lg vc_hidden-md vc_hidden-sm vc_hidden-xs\u00a0\u00bb][vc_custom_heading text=\u00a0\u00bbThe Clients\u00a0\u00bb font_container=\u00a0\u00bbtag:h2|font_size:28px|text_align:center|line_height:1.2&Prime; use_theme_fonts=\u00a0\u00bbyes\u00a0\u00bb font_weight=\u00a0\u00bb700&Prime; text_transform=\u00a0\u00bbuppercase\u00a0\u00bb heading_style=\u00a0\u00bbhave-border\u00a0\u00bb css=\u00a0\u00bb.vc_custom_1472198584869{margin-top: 35px !important;}\u00a0\u00bb][saturnthemes_image_carousel images=\u00a0\u00bb1320,1321,1322,1323,1324,1325,1326&Prime; autoplay=\u00a0\u00bb\u00a0\u00bb hide_prev_next_buttons=\u00a0\u00bb\u00a0\u00bb css=\u00a0\u00bb.vc_custom_1469950878366{padding-top: 20px !important;padding-bottom: 20px !important;}\u00a0\u00bb el_class=\u00a0\u00bbfor-client\u00a0\u00bb][\/vc_column][\/vc_row][vc_row][vc_column][vc_custom_heading text=\u00a0\u00bbWe Are <b>AFKO<\/b>\u00a0\u00bb font_container=\u00a0\u00bbtag:h2|font_size:28px|text_align:center|line_height:1.2&Prime; use_theme_fonts=\u00a0\u00bbyes\u00a0\u00bb font_weight=\u00a0\u00bb700&Prime; text_transform=\u00a0\u00bbuppercase\u00a0\u00bb heading_style=\u00a0\u00bbhave-border\u00a0\u00bb css=\u00a0\u00bb.vc_custom_1579866391629{margin-bottom: 0px !important;}\u00a0\u00bb][vc_row_inner][vc_column_inner width=\u00a0\u00bb1\/4&Prime;][\/vc_column_inner][vc_column_inner width=\u00a0\u00bb1\/2&Prime;][vc_column_text css=\u00a0\u00bb.vc_custom_1584432687105{margin-bottom: 65px !important;}\u00a0\u00bb]<\/p>\n<h3 style=\"text-align: center;\">Afko Company pour la production de syst\u00e8mes d&rsquo;irrigation \u00e0 pivot il y a 40 ans, a commenc\u00e9 \u00e0 produire du mat\u00e9riel agricole et les exigences des machines agricoles, des charrues, des semis et similaires.<\/h3>\n<p>[\/vc_column_text][\/vc_column_inner][vc_column_inner width=\u00a0\u00bb1\/4&Prime;][\/vc_column_inner][\/vc_row_inner][\/vc_column][\/vc_row][vc_row css=\u00a0\u00bb.vc_custom_1473094515268{margin-bottom: 50px !important;}\u00a0\u00bb][vc_column width=\u00a0\u00bb1\/2&Prime;][saturnthemes_icon_box icon_fontawesome=\u00a0\u00bbfa fa-leaf\u00a0\u00bb custom_color=\u00a0\u00bb#6dab3c\u00a0\u00bb]<\/p>\n<h2>Les syst\u00e8mes d&rsquo;irrigation AFKO Pivot ont d\u00e9marr\u00e9 depuis 1986, sp\u00e9cialis\u00e9s par la production d&rsquo;\u00e9quipements agricoles et d&rsquo;accessoires pour machines agricoles, charrues, semoirs, moissonneuses.<\/h2>\n<h2>Dans ce contexte, notre entreprise a commenc\u00e9 \u00e0 se concentrer sur les syst\u00e8mes d&rsquo;irrigation sous toutes ses formes. En 2012, AFKO METAL a \u00e9t\u00e9 cr\u00e9\u00e9 pour produire des syst\u00e8mes d&rsquo;irrigation \u00e0 pivot dans la capitale de la R\u00e9publique turque d&rsquo;Ankara.<\/h2>\n<h2>AFKO tire sa force et son succ\u00e8s dans ce domaine de son personnel exp\u00e9riment\u00e9 et hautement qualifi\u00e9, avec une capacit\u00e9 et une exp\u00e9rience significatives dans les secteurs agricole et industriel.<\/h2>\n<h2><\/h2>\n<p>[\/saturnthemes_icon_box][\/vc_column][vc_column width=\u00a0\u00bb1\/2&Prime;][vc_single_image image=\u00a0\u00bb4776&Prime; img_size=\u00a0\u00bbfull\u00a0\u00bb][\/vc_column][\/vc_row][vc_row full_width=\u00a0\u00bbstretch_row\u00a0\u00bb content_placement=\u00a0\u00bbmiddle\u00a0\u00bb css=\u00a0\u00bb.vc_custom_1583928176256{padding-top: 5px !important;padding-bottom: 40px !important;background: #ededed url(http:\/\/afko.com.tr\/wp-content\/uploads\/2016\/08\/partern-white-01.jpg?id=1413) !important;}\u00a0\u00bb][vc_column width=\u00a0\u00bb1\/4&Prime;][saturnthemes_counter counter_title=\u00a0\u00bbProjects\u00a0\u00bb icon_fontawesome=\u00a0\u00bbfa fa-tree\u00a0\u00bb custom_color=\u00a0\u00bb#ffffff\u00a0\u00bb counter_value=\u00a0\u00bb750&Prime; counter_suffix=\u00a0\u00bb+\u00a0\u00bb speed=\u00a0\u00bb2&Prime; content_bg_color=\u00a0\u00bb#ffffff\u00a0\u00bb][\/vc_column][vc_column width=\u00a0\u00bb1\/4&Prime;][saturnthemes_counter counter_title=\u00a0\u00bbHappy clients\u00a0\u00bb icon_fontawesome=\u00a0\u00bbfa fa-smile-o\u00a0\u00bb custom_color=\u00a0\u00bb#ffffff\u00a0\u00bb counter_value=\u00a0\u00bb536&Prime; counter_suffix=\u00a0\u00bb+\u00a0\u00bb speed=\u00a0\u00bb2&Prime; content_bg_color=\u00a0\u00bb#ffffff\u00a0\u00bb][\/vc_column][vc_column width=\u00a0\u00bb1\/4&Prime;][saturnthemes_counter counter_title=\u00a0\u00bbOur employees\u00a0\u00bb icon_fontawesome=\u00a0\u00bbfa fa-users\u00a0\u00bb custom_color=\u00a0\u00bb#ffffff\u00a0\u00bb counter_value=\u00a0\u00bb1350&Prime; counter_suffix=\u00a0\u00bb+\u00a0\u00bb speed=\u00a0\u00bb2&Prime; content_bg_color=\u00a0\u00bb#ffffff\u00a0\u00bb][\/vc_column][vc_column width=\u00a0\u00bb1\/4&Prime;][saturnthemes_counter counter_title=\u00a0\u00bbBranches\u00a0\u00bb icon_fontawesome=\u00a0\u00bbfa fa-users\u00a0\u00bb custom_color=\u00a0\u00bb#ffffff\u00a0\u00bb counter_value=\u00a0\u00bb7&Prime; counter_suffix=\u00a0\u00bb+\u00a0\u00bb speed=\u00a0\u00bb2&Prime; content_bg_color=\u00a0\u00bb#ffffff\u00a0\u00bb][\/vc_column][\/vc_row][vc_row full_width=\u00a0\u00bbstretch_row_content\u00a0\u00bb][vc_column width=\u00a0\u00bb1\/2&Prime;][saturnthemes_icon_box icon_fontawesome=\u00a0\u00bbfa fa-cloud\u00a0\u00bb title=\u00a0\u00bbNous avons d\u00e9velopp\u00e9 nos produits selon les sp\u00e9cifications internationales, en fonction:\u00a0\u00bb custom_color=\u00a0\u00bb#6dab3c\u00a0\u00bb title_color=\u00a0\u00bb#6dab3c\u00a0\u00bb css=\u00a0\u00bb.vc_custom_1586440145250{padding-top: 150px !important;}\u00a0\u00bb]<\/p>\n<h3>&#8211; notre expertise et notre int\u00e9r\u00eat \u00e0 se tenir au courant des bases techniques de la fabrication en s&rsquo;appuyant sur une technologie moderne.<\/h3>\n<h3>&#8211; Traiter avec des entreprises de renomm\u00e9e mondiale dans ce domaine en s&rsquo;appuyant sur l&rsquo;approvisionnement des producteurs d&rsquo;irrigation \u00e0 pivot en pi\u00e8ces et accessoires compl\u00e9mentaires (Senninger &#8211; Nelson &#8211; UMC &#8211; OZKA &#8211; ICII).<\/h3>\n<h3>&#8211; Les certificats internationaux de qualit\u00e9 de l&rsquo;AFKO (\u0130SO &#8211; CE) dans la production de syst\u00e8mes d&rsquo;irrigation \u00e0 pivot.<\/h3>\n<h3><\/h3>\n<h3><span style=\"font-size: 14pt;\">\u00a0<\/span><\/h3>\n<p>[\/saturnthemes_icon_box][\/vc_column][vc_column width=\u00a0\u00bb1\/4&Prime;][vc_empty_space][vc_single_image image=\u00a0\u00bb1926&Prime; img_size=\u00a0\u00bbfull\u00a0\u00bb alignment=\u00a0\u00bbcenter\u00a0\u00bb el_id=\u00a0\u00bbimg_box-sh\u00a0\u00bb el_class=\u00a0\u00bbimg_box-sh\u00a0\u00bb][\/vc_column][vc_column width=\u00a0\u00bb1\/4&Prime;][vc_empty_space][vc_single_image image=\u00a0\u00bb1922&Prime; img_size=\u00a0\u00bbfull\u00a0\u00bb el_id=\u00a0\u00bbimg_box-sh\u00a0\u00bb el_class=\u00a0\u00bbimg_box-sh\u00a0\u00bb][\/vc_column][\/vc_row][vc_row full_width=\u00a0\u00bbstretch_row_content\u00a0\u00bb][vc_column width=\u00a0\u00bb1\/2&Prime;][vc_empty_space][vc_single_image image=\u00a0\u00bb4776&Prime; img_size=\u00a0\u00bbfull\u00a0\u00bb alignment=\u00a0\u00bbcenter\u00a0\u00bb el_class=\u00a0\u00bbhover-animation img_box-sh\u00a0\u00bb el_id=\u00a0\u00bbimg_box-sh\u00a0\u00bb][\/vc_column][vc_column width=\u00a0\u00bb1\/2&Prime;][vc_empty_space][saturnthemes_icon_box icon_fontawesome=\u00a0\u00bbfa fa-pagelines\u00a0\u00bb custom_color=\u00a0\u00bb#6dab3c\u00a0\u00bb title_color=\u00a0\u00bb#6dab3c\u00a0\u00bb]<\/p>\n<h3>Selon cela, AFKO a gagn\u00e9 sa position sur le march\u00e9 mondial de la production de syst\u00e8mes d&rsquo;irrigation \u00e0 pivot et a connu une expansion significative qui a conduit \u00e0 son entr\u00e9e sur les march\u00e9s internationaux<\/h3>\n<h3>(Turquie &#8211; Soudan &#8211; Alg\u00e9rie &#8211; Irak &#8211; USA &#8211; Br\u00e9sil &#8211; Serbie &#8211; Espagne &#8211; Italie &#8211; Tadjikistan &#8211; Roumanie &#8211; \u00c9thiopie &#8211; Australie &#8211; Libye &#8211; Azerba\u00efdjan &#8211; G\u00e9orgie &#8211; Syrie &#8211; Liban &#8211; Ouzb\u00e9kistan).<\/h3>\n<p>[\/saturnthemes_icon_box][\/vc_column][\/vc_row][vc_row full_width=\u00a0\u00bbstretch_row\u00a0\u00bb content_placement=\u00a0\u00bbmiddle\u00a0\u00bb css=\u00a0\u00bb.vc_custom_1584433814862{background-image: url(https:\/\/afko.com.tr\/wp-content\/uploads\/2016\/04\/about-us-01.jpg?id=1531) !important;background-position: center !important;background-repeat: no-repeat !important;background-size: cover !important;}\u00a0\u00bb][vc_column width=\u00a0\u00bb1\/12&Prime;][\/vc_column][vc_column width=\u00a0\u00bb10\/12&Prime; css=\u00a0\u00bb.vc_custom_1473094393124{padding-top: 78px !important;padding-bottom: 80px !important;}\u00a0\u00bb][vc_custom_heading text=\u00a0\u00bbSi vous avez besoin d&rsquo;un devis\u00a0\u00bb font_container=\u00a0\u00bbtag:h1|font_size:35px|text_align:center|color:%23ffffff|line_height:1.2&Prime; use_theme_fonts=\u00a0\u00bbyes\u00a0\u00bb font_weight=\u00a0\u00bb700&Prime; text_transform=\u00a0\u00bbnone\u00a0\u00bb el_class=\u00a0\u00bbcustom-color-heading\u00a0\u00bb css=\u00a0\u00bb.vc_custom_1584432908441{margin-bottom: 25px !important;padding-right: 30px !important;padding-left: 30px !important;}\u00a0\u00bb][vc_btn title=\u00a0\u00bbNous contacter\u00a0\u00bb style=\u00a0\u00bbcustom\u00a0\u00bb custom_background=\u00a0\u00bb#5b974e\u00a0\u00bb custom_text=\u00a0\u00bb#ffffff\u00a0\u00bb align=\u00a0\u00bbcenter\u00a0\u00bb i_align=\u00a0\u00bbright\u00a0\u00bb i_icon_fontawesome=\u00a0\u00bbfa fa-caret-right\u00a0\u00bb theme_style=\u00a0\u00bbsaturnthemes-btn\u00a0\u00bb add_icon=\u00a0\u00bbtrue\u00a0\u00bb link=\u00a0\u00bburl:%23|||\u00a0\u00bb css=\u00a0\u00bb.vc_custom_1584432927651{margin-bottom: 0px !important;}\u00a0\u00bb][\/vc_column][vc_column width=\u00a0\u00bb1\/12&Prime;][\/vc_column][\/vc_row]<\/p>\n","protected":false},"excerpt":{"rendered":"<p>[vc_row disable_element=\u00a0\u00bbyes\u00a0\u00bb][vc_column offset=\u00a0\u00bbvc_hidden-lg vc_hidden-md vc_hidden-sm vc_hidden-xs\u00a0\u00bb][vc_custom_heading text=\u00a0\u00bbWho We Are\u00a0\u00bb font_container=\u00a0\u00bbtag:h2|font_size:28px|text_align:center|line_height:1.2&Prime; use_theme_fonts=\u00a0\u00bbyes\u00a0\u00bb font_weight=\u00a0\u00bb700&Prime; text_transform=\u00a0\u00bbuppercase\u00a0\u00bb heading_style=\u00a0\u00bbhave-border\u00a0\u00bb css=\u00a0\u00bb.vc_custom_1473092956891{margin-bottom: 0px !important;}\u00a0\u00bb][vc_row_inner][vc_column_inner width=\u00a0\u00bb1\/4&Prime;][\/vc_column_inner][vc_column_inner width=\u00a0\u00bb1\/2&Prime;][vc_column_text css=\u00a0\u00bb.vc_custom_1473091634985{margin-bottom: 65px !important;}\u00a0\u00bb] Sed sit amet efficitur lectus. Cras volutpat fringilla suscipit. Praesent rutrum euismod posuere. Integer accumsan lobortis urna ut commodo. [\/vc_column_text][\/vc_column_inner][vc_column_inner width=\u00a0\u00bb1\/4&Prime;][\/vc_column_inner][\/vc_row_inner][\/vc_column][\/vc_row][vc_row disable_element=\u00a0\u00bbyes\u00a0\u00bb][vc_column offset=\u00a0\u00bbvc_hidden-lg vc_hidden-md vc_hidden-sm vc_hidden-xs\u00a0\u00bb][saturnthemes_staff_grid show_content=\u00a0\u00bbyes\u00a0\u00bb per_page=\u00a0\u00bb4&Prime;][\/vc_column][\/vc_row][vc_row disable_element=\u00a0\u00bbyes\u00a0\u00bb css=\u00a0\u00bb.vc_custom_1579941990553{margin-bottom: 0px !important;}\u00a0\u00bb][vc_column offset=\u00a0\u00bbvc_hidden-lg vc_hidden-md vc_hidden-sm vc_hidden-xs\u00a0\u00bb][vc_custom_heading text=\u00a0\u00bbThe Clients\u00a0\u00bb font_container=\u00a0\u00bbtag:h2|font_size:28px|text_align:center|line_height:1.2&Prime; use_theme_fonts=\u00a0\u00bbyes\u00a0\u00bb font_weight=\u00a0\u00bb700&Prime; text_transform=\u00a0\u00bbuppercase\u00a0\u00bb heading_style=\u00a0\u00bbhave-border\u00a0\u00bb css=\u00a0\u00bb.vc_custom_1472198584869{margin-top: 35px !important;}\u00a0\u00bb][saturnthemes_image_carousel images=\u00a0\u00bb1320,1321,1322,1323,1324,1325,1326&Prime; autoplay=\u00a0\u00bb\u00a0\u00bb hide_prev_next_buttons=\u00a0\u00bb\u00a0\u00bb css=\u00a0\u00bb.vc_custom_1469950878366{padding-top: 20px !important;padding-bottom: 20px !important;}\u00a0\u00bb el_class=\u00a0\u00bbfor-client\u00a0\u00bb][\/vc_column][\/vc_row][vc_row][vc_column][vc_custom_heading text=\u00a0\u00bbWe Are AFKO\u00a0\u00bb font_container=\u00a0\u00bbtag:h2|font_size:28px|text_align:center|line_height:1.2&Prime; use_theme_fonts=\u00a0\u00bbyes\u00a0\u00bb font_weight=\u00a0\u00bb700&Prime; text_transform=\u00a0\u00bbuppercase\u00a0\u00bb heading_style=\u00a0\u00bbhave-border\u00a0\u00bb css=\u00a0\u00bb.vc_custom_1579866391629{margin-bottom: 0px !important;}\u00a0\u00bb][vc_row_inner][vc_column_inner width=\u00a0\u00bb1\/4&Prime;][\/vc_column_inner][vc_column_inner width=\u00a0\u00bb1\/2&Prime;][vc_column_text css=\u00a0\u00bb.vc_custom_1584432687105{margin-bottom: 65px !important;}\u00a0\u00bb] Afko Company pour la production de syst\u00e8mes d&rsquo;irrigation \u00e0 pivot il y a 40 ans, a commenc\u00e9 \u00e0 produire du mat\u00e9riel agricole et les exigences des machines agricoles, des charrues, des semis et similaires. [\/vc_column_text][\/vc_column_inner][vc_column_inner width=\u00a0\u00bb1\/4&Prime;][\/vc_column_inner][\/vc_row_inner][\/vc_column][\/vc_row][vc_row css=\u00a0\u00bb.vc_custom_1473094515268{margin-bottom: 50px !important;}\u00a0\u00bb][vc_column width=\u00a0\u00bb1\/2&Prime;][saturnthemes_icon_box icon_fontawesome=\u00a0\u00bbfa fa-leaf\u00a0\u00bb custom_color=\u00a0\u00bb#6dab3c\u00a0\u00bb] Les syst\u00e8mes d&rsquo;irrigation AFKO Pivot ont d\u00e9marr\u00e9 depuis 1986, sp\u00e9cialis\u00e9s par la production d&rsquo;\u00e9quipements agricoles et d&rsquo;accessoires pour machines agricoles, charrues, semoirs, moissonneuses. Dans ce contexte, notre entreprise a commenc\u00e9 \u00e0 se concentrer sur les syst\u00e8mes d&rsquo;irrigation sous toutes ses formes. En 2012, AFKO METAL a \u00e9t\u00e9 cr\u00e9\u00e9 pour produire des syst\u00e8mes d&rsquo;irrigation \u00e0 pivot dans la capitale de la R\u00e9publique turque d&rsquo;Ankara. AFKO [&hellip;]<\/p>\n","protected":false},"author":1,"featured_media":0,"parent":0,"menu_order":0,"comment_status":"closed","ping_status":"closed","template":"","meta":{"two_page_speed":[],"footnotes":""},"class_list":["post-3517","page","type-page","status-publish","hentry"],"_links":{"self":[{"href":"https:\/\/afko.com.tr\/fr\/wp-json\/wp\/v2\/pages\/3517","targetHints":{"allow":["GET"]}}],"collection":[{"href":"https:\/\/afko.com.tr\/fr\/wp-json\/wp\/v2\/pages"}],"about":[{"href":"https:\/\/afko.com.tr\/fr\/wp-json\/wp\/v2\/types\/page"}],"author":[{"embeddable":true,"href":"https:\/\/afko.com.tr\/fr\/wp-json\/wp\/v2\/users\/1"}],"replies":[{"embeddable":true,"href":"https:\/\/afko.com.tr\/fr\/wp-json\/wp\/v2\/comments?post=3517"}],"version-history":[{"count":9,"href":"https:\/\/afko.com.tr\/fr\/wp-json\/wp\/v2\/pages\/3517\/revisions"}],"predecessor-version":[{"id":4793,"href":"https:\/\/afko.com.tr\/fr\/wp-json\/wp\/v2\/pages\/3517\/revisions\/4793"}],"wp:attachment":[{"href":"https:\/\/afko.com.tr\/fr\/wp-json\/wp\/v2\/media?parent=3517"}],"curies":[{"name":"wp","href":"https:\/\/api.w.org\/{rel}","templated":true}]}}