{"id":3650,"date":"2020-03-14T14:37:28","date_gmt":"2020-03-14T11:37:28","guid":{"rendered":"https:\/\/afko.com.tr\/?page_id=3650"},"modified":"2020-03-17T14:30:19","modified_gmt":"2020-03-17T11:30:19","slug":"entrainement-central","status":"publish","type":"page","link":"https:\/\/afko.com.tr\/fr\/entrainement-central\/","title":{"rendered":"entra\u00eenement central"},"content":{"rendered":"<p>[vc_row][vc_column][vc_row_inner][vc_column_inner width=\u00a0\u00bb1\/2&Prime;][vc_single_image image=\u00a0\u00bb2461&Prime; img_size=\u00a0\u00bbfull\u00a0\u00bb alignment=\u00a0\u00bbcenter\u00a0\u00bb][\/vc_column_inner][vc_column_inner width=\u00a0\u00bb1\/2&Prime;][vc_single_image image=\u00a0\u00bb2846&Prime; img_size=\u00a0\u00bbfull\u00a0\u00bb alignment=\u00a0\u00bbcenter\u00a0\u00bb][\/vc_column_inner][\/vc_row_inner][vc_column_text]<span style=\"font-size: 18pt; color: #000000;\">Les engrenages h\u00e9lico\u00efdaux durcis et le bo\u00eetier d&rsquo;engrenages tout en aluminium et le bo\u00eetier du moteur fournissent<br \/>\nans de service fiable. \u00c9galement compris:<\/span><\/p>\n<p><span style=\"font-size: 18pt; color: #000000;\">\u2022 Rapports disponibles 50: 1, 40: 1, 30: 1 et 20: 1<\/span><\/p>\n<p><span style=\"font-size: 18pt; color: #000000;\">\u2022 Droit d&rsquo;irrigation avec une efficacit\u00e9 de 95%<\/span><\/p>\n<p><span style=\"font-size: 18pt; color: #000000;\">\u2022 Isolation de classe F.<\/span>[\/vc_column_text][\/vc_column][\/vc_row]<\/p>\n","protected":false},"excerpt":{"rendered":"<p>[vc_row][vc_column][vc_row_inner][vc_column_inner width=\u00a0\u00bb1\/2&Prime;][vc_single_image image=\u00a0\u00bb2461&Prime; img_size=\u00a0\u00bbfull\u00a0\u00bb alignment=\u00a0\u00bbcenter\u00a0\u00bb][\/vc_column_inner][vc_column_inner width=\u00a0\u00bb1\/2&Prime;][vc_single_image image=\u00a0\u00bb2846&Prime; img_size=\u00a0\u00bbfull\u00a0\u00bb alignment=\u00a0\u00bbcenter\u00a0\u00bb][\/vc_column_inner][\/vc_row_inner][vc_column_text]Les engrenages h\u00e9lico\u00efdaux durcis et le bo\u00eetier d&rsquo;engrenages tout en aluminium et le bo\u00eetier du moteur fournissent ans de service fiable. \u00c9galement compris: \u2022 Rapports disponibles 50: 1, 40: 1, 30: 1 et 20: 1 \u2022 Droit d&rsquo;irrigation avec une efficacit\u00e9 de 95% \u2022 Isolation de classe F.[\/vc_column_text][\/vc_column][\/vc_row]<\/p>\n","protected":false},"author":1,"featured_media":0,"parent":0,"menu_order":0,"comment_status":"closed","ping_status":"closed","template":"","meta":{"two_page_speed":[],"footnotes":""},"class_list":["post-3650","page","type-page","status-publish","hentry"],"_links":{"self":[{"href":"https:\/\/afko.com.tr\/fr\/wp-json\/wp\/v2\/pages\/3650","targetHints":{"allow":["GET"]}}],"collection":[{"href":"https:\/\/afko.com.tr\/fr\/wp-json\/wp\/v2\/pages"}],"about":[{"href":"https:\/\/afko.com.tr\/fr\/wp-json\/wp\/v2\/types\/page"}],"author":[{"embeddable":true,"href":"https:\/\/afko.com.tr\/fr\/wp-json\/wp\/v2\/users\/1"}],"replies":[{"embeddable":true,"href":"https:\/\/afko.com.tr\/fr\/wp-json\/wp\/v2\/comments?post=3650"}],"version-history":[{"count":4,"href":"https:\/\/afko.com.tr\/fr\/wp-json\/wp\/v2\/pages\/3650\/revisions"}],"predecessor-version":[{"id":3791,"href":"https:\/\/afko.com.tr\/fr\/wp-json\/wp\/v2\/pages\/3650\/revisions\/3791"}],"wp:attachment":[{"href":"https:\/\/afko.com.tr\/fr\/wp-json\/wp\/v2\/media?parent=3650"}],"curies":[{"name":"wp","href":"https:\/\/api.w.org\/{rel}","templated":true}]}}