{"id":4033,"date":"2020-03-25T12:52:42","date_gmt":"2020-03-25T09:52:42","guid":{"rendered":"https:\/\/afko.com.tr\/?page_id=4033"},"modified":"2020-03-25T13:14:00","modified_gmt":"2020-03-25T10:14:00","slug":"coupleurs","status":"publish","type":"page","link":"https:\/\/afko.com.tr\/fr\/coupleurs\/","title":{"rendered":"Coupleurs"},"content":{"rendered":"<p>[vc_row][vc_column][vc_single_image image=\u00a0\u00bb4057&Prime; img_size=\u00a0\u00bbfull\u00a0\u00bb alignment=\u00a0\u00bbcenter\u00a0\u00bb][\/vc_column][\/vc_row][vc_row][vc_column][vc_column_text]<span style=\"font-size: 14pt; color: #000000;\">Fonctionnalit\u00e9s:<\/span><\/p>\n<ol>\n<li><span style=\"font-size: 14pt; color: #000000;\">Le style tr\u00e8fle avec insert en caoutchouc sous tension absorbe les chocs et r\u00e9duit l&rsquo;usure des composants de la transmission.<\/span><\/li>\n<li><span style=\"font-size: 14pt; color: #000000;\">La conception en fonte maintient le boulon en place et ne n\u00e9cessite qu&rsquo;une seule cl\u00e9 pour l&rsquo;installation.<\/span><\/li>\n<li><span style=\"font-size: 14pt; color: #000000;\">La conception en alliage d&rsquo;aluminium et en cinq pi\u00e8ces facilite l&rsquo;installation ou le retrait de ce \u00abjoint en U\u00bb. Plus de rouille.<\/span><\/li>\n<\/ol>\n<p>[\/vc_column_text][\/vc_column][\/vc_row]<\/p>\n","protected":false},"excerpt":{"rendered":"<p>[vc_row][vc_column][vc_single_image image=\u00a0\u00bb4057&Prime; img_size=\u00a0\u00bbfull\u00a0\u00bb alignment=\u00a0\u00bbcenter\u00a0\u00bb][\/vc_column][\/vc_row][vc_row][vc_column][vc_column_text]Fonctionnalit\u00e9s: Le style tr\u00e8fle avec insert en caoutchouc sous tension absorbe les chocs et r\u00e9duit l&rsquo;usure des composants de la transmission. La conception en fonte maintient le boulon en place et ne n\u00e9cessite qu&rsquo;une seule cl\u00e9 pour l&rsquo;installation. La conception en alliage d&rsquo;aluminium et en cinq pi\u00e8ces facilite l&rsquo;installation ou le retrait de ce \u00abjoint en U\u00bb. Plus de rouille. [\/vc_column_text][\/vc_column][\/vc_row]<\/p>\n","protected":false},"author":1,"featured_media":0,"parent":0,"menu_order":0,"comment_status":"closed","ping_status":"closed","template":"","meta":{"two_page_speed":[],"footnotes":""},"class_list":["post-4033","page","type-page","status-publish","hentry"],"_links":{"self":[{"href":"https:\/\/afko.com.tr\/fr\/wp-json\/wp\/v2\/pages\/4033","targetHints":{"allow":["GET"]}}],"collection":[{"href":"https:\/\/afko.com.tr\/fr\/wp-json\/wp\/v2\/pages"}],"about":[{"href":"https:\/\/afko.com.tr\/fr\/wp-json\/wp\/v2\/types\/page"}],"author":[{"embeddable":true,"href":"https:\/\/afko.com.tr\/fr\/wp-json\/wp\/v2\/users\/1"}],"replies":[{"embeddable":true,"href":"https:\/\/afko.com.tr\/fr\/wp-json\/wp\/v2\/comments?post=4033"}],"version-history":[{"count":4,"href":"https:\/\/afko.com.tr\/fr\/wp-json\/wp\/v2\/pages\/4033\/revisions"}],"predecessor-version":[{"id":4065,"href":"https:\/\/afko.com.tr\/fr\/wp-json\/wp\/v2\/pages\/4033\/revisions\/4065"}],"wp:attachment":[{"href":"https:\/\/afko.com.tr\/fr\/wp-json\/wp\/v2\/media?parent=4033"}],"curies":[{"name":"wp","href":"https:\/\/api.w.org\/{rel}","templated":true}]}}