{"id":4092,"date":"2020-03-25T15:36:07","date_gmt":"2020-03-25T12:36:07","guid":{"rendered":"https:\/\/afko.com.tr\/?page_id=4092"},"modified":"2020-03-25T16:17:23","modified_gmt":"2020-03-25T13:17:23","slug":"roues-de-lagriculture-pneus-2","status":"publish","type":"page","link":"https:\/\/afko.com.tr\/fr\/roues-de-lagriculture-pneus-2\/","title":{"rendered":"roues de l&rsquo;agriculture pneus"},"content":{"rendered":"<p>[vc_row][vc_column width=\u00a0\u00bb1\/5&Prime;][\/vc_column][vc_column width=\u00a0\u00bb1\/5&Prime;][\/vc_column][vc_column width=\u00a0\u00bb1\/5&Prime;][vc_images_carousel images=\u00a0\u00bb3903,3907&Prime;][\/vc_column][vc_column width=\u00a0\u00bb1\/5&Prime;][\/vc_column][vc_column width=\u00a0\u00bb1\/5&Prime;][\/vc_column][\/vc_row][vc_row][vc_column][vc_column_text]<span style=\"font-size: 14pt; color: #000000;\">Traits<\/span><\/p>\n<ol>\n<li><span style=\"font-size: 14pt; color: #000000;\">Tous les pneus sont de 6 \u00e9paisseurs et de type chambre \u00e0 air.<\/span><\/li>\n<li><span style=\"font-size: 14pt; color: #000000;\">Bande de roulement d&rsquo;irrigation R-1.<\/span><\/li>\n<li><span style=\"font-size: 14pt; color: #000000;\">Les ensembles de pneus et de roues sont mont\u00e9s \u00e0 gauche et \u00e0 droite, veuillez pr\u00e9ciser<\/span><\/li>\n<li><span style=\"font-size: 14pt; color: #000000;\">Les roues sont galvanis\u00e9es \u00e0 chaud.<\/span><\/li>\n<li><span style=\"font-size: 14pt; color: #000000;\">Un garde-tige de soupape unique prot\u00e8ge la tige de soupape des d\u00e9bris de terrain.<\/span><\/li>\n<li><span style=\"font-size: 14pt; color: #000000;\">Disponible en offset de style AFKO.<\/span><\/li>\n<\/ol>\n<p style=\"text-align: center;\"><span style=\"font-size: 14pt; color: #000000;\">Convient aux tailles:<\/span><\/p>\n<ul>\n<li style=\"text-align: center;\"><span style=\"font-size: 14pt; color: #000000;\">11,2 x 10 x 24<\/span><\/li>\n<li style=\"text-align: center;\"><span style=\"font-size: 14pt; color: #000000;\">12,4 x 11 x 24<\/span><\/li>\n<li style=\"text-align: center;\"><span style=\"font-size: 14pt; color: #000000;\">14,9 x 13 x 24<\/span><\/li>\n<li style=\"text-align: center;\"><span style=\"font-size: 14pt; color: #000000;\">16.9 x 14 x 24<\/span><\/li>\n<\/ul>\n<p>[\/vc_column_text][\/vc_column][\/vc_row]<\/p>\n","protected":false},"excerpt":{"rendered":"<p>[vc_row][vc_column width=\u00a0\u00bb1\/5&Prime;][\/vc_column][vc_column width=\u00a0\u00bb1\/5&Prime;][\/vc_column][vc_column width=\u00a0\u00bb1\/5&Prime;][vc_images_carousel images=\u00a0\u00bb3903,3907&Prime;][\/vc_column][vc_column width=\u00a0\u00bb1\/5&Prime;][\/vc_column][vc_column width=\u00a0\u00bb1\/5&Prime;][\/vc_column][\/vc_row][vc_row][vc_column][vc_column_text]Traits Tous les pneus sont de 6 \u00e9paisseurs et de type chambre \u00e0 air. Bande de roulement d&rsquo;irrigation R-1. Les ensembles de pneus et de roues sont mont\u00e9s \u00e0 gauche et \u00e0 droite, veuillez pr\u00e9ciser Les roues sont galvanis\u00e9es \u00e0 chaud. Un garde-tige de soupape unique prot\u00e8ge la tige de soupape des d\u00e9bris de terrain. Disponible en offset de style AFKO. Convient aux tailles: 11,2 x 10 x 24 12,4 x 11 x 24 14,9 x 13 x 24 16.9 x 14 x 24 [\/vc_column_text][\/vc_column][\/vc_row]<\/p>\n","protected":false},"author":1,"featured_media":0,"parent":0,"menu_order":0,"comment_status":"closed","ping_status":"closed","template":"","meta":{"two_page_speed":[],"footnotes":""},"class_list":["post-4092","page","type-page","status-publish","hentry"],"_links":{"self":[{"href":"https:\/\/afko.com.tr\/fr\/wp-json\/wp\/v2\/pages\/4092","targetHints":{"allow":["GET"]}}],"collection":[{"href":"https:\/\/afko.com.tr\/fr\/wp-json\/wp\/v2\/pages"}],"about":[{"href":"https:\/\/afko.com.tr\/fr\/wp-json\/wp\/v2\/types\/page"}],"author":[{"embeddable":true,"href":"https:\/\/afko.com.tr\/fr\/wp-json\/wp\/v2\/users\/1"}],"replies":[{"embeddable":true,"href":"https:\/\/afko.com.tr\/fr\/wp-json\/wp\/v2\/comments?post=4092"}],"version-history":[{"count":4,"href":"https:\/\/afko.com.tr\/fr\/wp-json\/wp\/v2\/pages\/4092\/revisions"}],"predecessor-version":[{"id":4130,"href":"https:\/\/afko.com.tr\/fr\/wp-json\/wp\/v2\/pages\/4092\/revisions\/4130"}],"wp:attachment":[{"href":"https:\/\/afko.com.tr\/fr\/wp-json\/wp\/v2\/media?parent=4092"}],"curies":[{"name":"wp","href":"https:\/\/api.w.org\/{rel}","templated":true}]}}