{"id":4250,"date":"2020-03-31T15:42:24","date_gmt":"2020-03-31T12:42:24","guid":{"rendered":"https:\/\/afko.com.tr\/?page_id=4250"},"modified":"2020-03-31T16:11:05","modified_gmt":"2020-03-31T13:11:05","slug":"service-apres-vente","status":"publish","type":"page","link":"https:\/\/afko.com.tr\/fr\/service-apres-vente\/","title":{"rendered":"Service apr\u00e8s vente"},"content":{"rendered":"<p>[vc_row][vc_column][vc_single_image image=\u00a0\u00bb4231&Prime; img_size=\u00a0\u00bbfull\u00a0\u00bb alignment=\u00a0\u00bbcenter\u00a0\u00bb][\/vc_column][\/vc_row][vc_row][vc_column][vc_column_text]<\/p>\n<p style=\"text-align: center;\"><span style=\"color: #000000; font-size: 14pt;\">AFKO fournit tous les services de maintenance, de supervision et de suivi pour tous les sy\ufb06\u00e8mes d&rsquo;irrigation \u00e0 pivot central pendant une p\u00e9riode de cinq ans et s\u00e9curise toutes les pi\u00e8ces de rechange et les outils pour le sy\ufb06\u00e8me d&rsquo;irrigation \u00e0 pivot central. <\/span><\/p>\n<p>[\/vc_column_text][\/vc_column][\/vc_row]<\/p>\n","protected":false},"excerpt":{"rendered":"<p>[vc_row][vc_column][vc_single_image image=\u00a0\u00bb4231&Prime; img_size=\u00a0\u00bbfull\u00a0\u00bb alignment=\u00a0\u00bbcenter\u00a0\u00bb][\/vc_column][\/vc_row][vc_row][vc_column][vc_column_text] AFKO fournit tous les services de maintenance, de supervision et de suivi pour tous les sy\ufb06\u00e8mes d&rsquo;irrigation \u00e0 pivot central pendant une p\u00e9riode de cinq ans et s\u00e9curise toutes les pi\u00e8ces de rechange et les outils pour le sy\ufb06\u00e8me d&rsquo;irrigation \u00e0 pivot central. [\/vc_column_text][\/vc_column][\/vc_row]<\/p>\n","protected":false},"author":1,"featured_media":0,"parent":0,"menu_order":0,"comment_status":"closed","ping_status":"closed","template":"","meta":{"two_page_speed":[],"footnotes":""},"class_list":["post-4250","page","type-page","status-publish","hentry"],"_links":{"self":[{"href":"https:\/\/afko.com.tr\/fr\/wp-json\/wp\/v2\/pages\/4250","targetHints":{"allow":["GET"]}}],"collection":[{"href":"https:\/\/afko.com.tr\/fr\/wp-json\/wp\/v2\/pages"}],"about":[{"href":"https:\/\/afko.com.tr\/fr\/wp-json\/wp\/v2\/types\/page"}],"author":[{"embeddable":true,"href":"https:\/\/afko.com.tr\/fr\/wp-json\/wp\/v2\/users\/1"}],"replies":[{"embeddable":true,"href":"https:\/\/afko.com.tr\/fr\/wp-json\/wp\/v2\/comments?post=4250"}],"version-history":[{"count":6,"href":"https:\/\/afko.com.tr\/fr\/wp-json\/wp\/v2\/pages\/4250\/revisions"}],"predecessor-version":[{"id":4276,"href":"https:\/\/afko.com.tr\/fr\/wp-json\/wp\/v2\/pages\/4250\/revisions\/4276"}],"wp:attachment":[{"href":"https:\/\/afko.com.tr\/fr\/wp-json\/wp\/v2\/media?parent=4250"}],"curies":[{"name":"wp","href":"https:\/\/api.w.org\/{rel}","templated":true}]}}