{"id":4292,"date":"2020-04-01T12:34:24","date_gmt":"2020-04-01T09:34:24","guid":{"rendered":"https:\/\/afko.com.tr\/?page_id=4292"},"modified":"2020-04-01T12:36:43","modified_gmt":"2020-04-01T09:36:43","slug":"distribution-deau","status":"publish","type":"page","link":"https:\/\/afko.com.tr\/fr\/distribution-deau\/","title":{"rendered":"Distribution d&rsquo;eau"},"content":{"rendered":"<p>[vc_row][vc_column][vc_single_image image=\u00a0\u00bb4230&Prime; img_size=\u00a0\u00bbfull\u00a0\u00bb alignment=\u00a0\u00bbcenter\u00a0\u00bb][\/vc_column][\/vc_row][vc_row][vc_column][vc_column_text]<\/p>\n<p style=\"text-align: center;\"><span style=\"font-size: 14pt; color: #000000;\">Le sy\ufb06\u00e8me d&rsquo;irrigation AFKO Pivot garantit une di\ufb06ribution d&rsquo;eau appropri\u00e9e pour tous les types de terres, comme pour tous les types de sols, donc une consommation d&rsquo;eau r\u00e9duite pour une meilleure productivit\u00e9.<\/span><\/p>\n<p>[\/vc_column_text][\/vc_column][\/vc_row]<\/p>\n","protected":false},"excerpt":{"rendered":"<p>[vc_row][vc_column][vc_single_image image=\u00a0\u00bb4230&Prime; img_size=\u00a0\u00bbfull\u00a0\u00bb alignment=\u00a0\u00bbcenter\u00a0\u00bb][\/vc_column][\/vc_row][vc_row][vc_column][vc_column_text] Le sy\ufb06\u00e8me d&rsquo;irrigation AFKO Pivot garantit une di\ufb06ribution d&rsquo;eau appropri\u00e9e pour tous les types de terres, comme pour tous les types de sols, donc une consommation d&rsquo;eau r\u00e9duite pour une meilleure productivit\u00e9. [\/vc_column_text][\/vc_column][\/vc_row]<\/p>\n","protected":false},"author":1,"featured_media":0,"parent":0,"menu_order":0,"comment_status":"closed","ping_status":"closed","template":"","meta":{"two_page_speed":[],"footnotes":""},"class_list":["post-4292","page","type-page","status-publish","hentry"],"_links":{"self":[{"href":"https:\/\/afko.com.tr\/fr\/wp-json\/wp\/v2\/pages\/4292","targetHints":{"allow":["GET"]}}],"collection":[{"href":"https:\/\/afko.com.tr\/fr\/wp-json\/wp\/v2\/pages"}],"about":[{"href":"https:\/\/afko.com.tr\/fr\/wp-json\/wp\/v2\/types\/page"}],"author":[{"embeddable":true,"href":"https:\/\/afko.com.tr\/fr\/wp-json\/wp\/v2\/users\/1"}],"replies":[{"embeddable":true,"href":"https:\/\/afko.com.tr\/fr\/wp-json\/wp\/v2\/comments?post=4292"}],"version-history":[{"count":4,"href":"https:\/\/afko.com.tr\/fr\/wp-json\/wp\/v2\/pages\/4292\/revisions"}],"predecessor-version":[{"id":4308,"href":"https:\/\/afko.com.tr\/fr\/wp-json\/wp\/v2\/pages\/4292\/revisions\/4308"}],"wp:attachment":[{"href":"https:\/\/afko.com.tr\/fr\/wp-json\/wp\/v2\/media?parent=4292"}],"curies":[{"name":"wp","href":"https:\/\/api.w.org\/{rel}","templated":true}]}}