{"id":4322,"date":"2020-04-01T12:51:42","date_gmt":"2020-04-01T09:51:42","guid":{"rendered":"https:\/\/afko.com.tr\/?page_id=4322"},"modified":"2020-04-01T12:51:44","modified_gmt":"2020-04-01T09:51:44","slug":"lirrigation","status":"publish","type":"page","link":"https:\/\/afko.com.tr\/fr\/lirrigation\/","title":{"rendered":"L&rsquo;irrigation"},"content":{"rendered":"<p>[vc_row][vc_column][vc_single_image image=\u00a0\u00bb4232&Prime; img_size=\u00a0\u00bbfull\u00a0\u00bb alignment=\u00a0\u00bbcenter\u00a0\u00bb][\/vc_column][\/vc_row][vc_row][vc_column][vc_column_text]<\/p>\n<p style=\"text-align: center;\"><span style=\"font-size: 14pt; color: #000000;\">L&rsquo;irrigation e\ufb06 l&rsquo;objectif principal de notre entreprise, et la diversit\u00e9 de nos m\u00e9thodes d&rsquo;irrigation re\ufb02\u00e8te la diversit\u00e9 des cultures agricoles qui peuvent \u00eatre irrigu\u00e9es avec des sy\ufb06\u00e8mes d&rsquo;irrigation pivotants et autres.<\/span><\/p>\n<p>[\/vc_column_text][\/vc_column][\/vc_row]<\/p>\n","protected":false},"excerpt":{"rendered":"<p>[vc_row][vc_column][vc_single_image image=\u00a0\u00bb4232&Prime; img_size=\u00a0\u00bbfull\u00a0\u00bb alignment=\u00a0\u00bbcenter\u00a0\u00bb][\/vc_column][\/vc_row][vc_row][vc_column][vc_column_text] L&rsquo;irrigation e\ufb06 l&rsquo;objectif principal de notre entreprise, et la diversit\u00e9 de nos m\u00e9thodes d&rsquo;irrigation re\ufb02\u00e8te la diversit\u00e9 des cultures agricoles qui peuvent \u00eatre irrigu\u00e9es avec des sy\ufb06\u00e8mes d&rsquo;irrigation pivotants et autres. [\/vc_column_text][\/vc_column][\/vc_row]<\/p>\n","protected":false},"author":1,"featured_media":0,"parent":0,"menu_order":0,"comment_status":"closed","ping_status":"closed","template":"","meta":{"two_page_speed":[],"footnotes":""},"class_list":["post-4322","page","type-page","status-publish","hentry"],"_links":{"self":[{"href":"https:\/\/afko.com.tr\/fr\/wp-json\/wp\/v2\/pages\/4322","targetHints":{"allow":["GET"]}}],"collection":[{"href":"https:\/\/afko.com.tr\/fr\/wp-json\/wp\/v2\/pages"}],"about":[{"href":"https:\/\/afko.com.tr\/fr\/wp-json\/wp\/v2\/types\/page"}],"author":[{"embeddable":true,"href":"https:\/\/afko.com.tr\/fr\/wp-json\/wp\/v2\/users\/1"}],"replies":[{"embeddable":true,"href":"https:\/\/afko.com.tr\/fr\/wp-json\/wp\/v2\/comments?post=4322"}],"version-history":[{"count":3,"href":"https:\/\/afko.com.tr\/fr\/wp-json\/wp\/v2\/pages\/4322\/revisions"}],"predecessor-version":[{"id":4336,"href":"https:\/\/afko.com.tr\/fr\/wp-json\/wp\/v2\/pages\/4322\/revisions\/4336"}],"wp:attachment":[{"href":"https:\/\/afko.com.tr\/fr\/wp-json\/wp\/v2\/media?parent=4322"}],"curies":[{"name":"wp","href":"https:\/\/api.w.org\/{rel}","templated":true}]}}