{"id":4666,"date":"2020-04-01T13:05:54","date_gmt":"2020-04-01T10:05:54","guid":{"rendered":"https:\/\/afko.com.tr\/?page_id=4666"},"modified":"2020-04-01T13:05:57","modified_gmt":"2020-04-01T10:05:57","slug":"lagriculture","status":"publish","type":"page","link":"https:\/\/afko.com.tr\/fr\/lagriculture\/","title":{"rendered":"L&rsquo;agriculture"},"content":{"rendered":"<p>[vc_row][vc_column][vc_single_image image=\u00a0\u00bb4229&Prime; img_size=\u00a0\u00bbfull\u00a0\u00bb alignment=\u00a0\u00bbcenter\u00a0\u00bb][\/vc_column][\/vc_row][vc_row][vc_column][vc_column_text]<\/p>\n<p style=\"text-align: center;\"><span style=\"font-size: 14pt; color: #000000;\">Soci\u00e9t\u00e9 AFKO se caract\u00e9rise par son leadership dans la qualit\u00e9 de ses services dans tous les services agricoles et vari\u00e9t\u00e9 de m\u00e9thodes avanc\u00e9es pour le d\u00e9veloppement de ce secteur.<\/span><\/p>\n<p>[\/vc_column_text][\/vc_column][\/vc_row]<\/p>\n","protected":false},"excerpt":{"rendered":"<p>[vc_row][vc_column][vc_single_image image=\u00a0\u00bb4229&Prime; img_size=\u00a0\u00bbfull\u00a0\u00bb alignment=\u00a0\u00bbcenter\u00a0\u00bb][\/vc_column][\/vc_row][vc_row][vc_column][vc_column_text] Soci\u00e9t\u00e9 AFKO se caract\u00e9rise par son leadership dans la qualit\u00e9 de ses services dans tous les services agricoles et vari\u00e9t\u00e9 de m\u00e9thodes avanc\u00e9es pour le d\u00e9veloppement de ce secteur. [\/vc_column_text][\/vc_column][\/vc_row]<\/p>\n","protected":false},"author":1,"featured_media":0,"parent":0,"menu_order":0,"comment_status":"closed","ping_status":"closed","template":"","meta":{"two_page_speed":[],"footnotes":""},"class_list":["post-4666","page","type-page","status-publish","hentry"],"_links":{"self":[{"href":"https:\/\/afko.com.tr\/fr\/wp-json\/wp\/v2\/pages\/4666","targetHints":{"allow":["GET"]}}],"collection":[{"href":"https:\/\/afko.com.tr\/fr\/wp-json\/wp\/v2\/pages"}],"about":[{"href":"https:\/\/afko.com.tr\/fr\/wp-json\/wp\/v2\/types\/page"}],"author":[{"embeddable":true,"href":"https:\/\/afko.com.tr\/fr\/wp-json\/wp\/v2\/users\/1"}],"replies":[{"embeddable":true,"href":"https:\/\/afko.com.tr\/fr\/wp-json\/wp\/v2\/comments?post=4666"}],"version-history":[{"count":3,"href":"https:\/\/afko.com.tr\/fr\/wp-json\/wp\/v2\/pages\/4666\/revisions"}],"predecessor-version":[{"id":4670,"href":"https:\/\/afko.com.tr\/fr\/wp-json\/wp\/v2\/pages\/4666\/revisions\/4670"}],"wp:attachment":[{"href":"https:\/\/afko.com.tr\/fr\/wp-json\/wp\/v2\/media?parent=4666"}],"curies":[{"name":"wp","href":"https:\/\/api.w.org\/{rel}","templated":true}]}}