{"id":3102,"date":"2020-03-14T12:04:56","date_gmt":"2020-03-14T09:04:56","guid":{"rendered":"https:\/\/afko.com.tr\/?page_id=3102"},"modified":"2020-04-02T11:04:08","modified_gmt":"2020-04-02T08:04:08","slug":"ana-sayfa","status":"publish","type":"page","link":"https:\/\/afko.com.tr\/tr\/","title":{"rendered":"Ana Sayfa"},"content":{"rendered":"<p>[vc_row css=&#8221;.vc_custom_1579935657356{padding-bottom: 0px !important;}&#8221;][vc_column css=&#8221;.vc_custom_1579935890867{padding-bottom: 0px !important;}&#8221;][rev_slider_vc alias=&#8221;homepage-011&#8243;][\/vc_column][\/vc_row][vc_row full_width=&#8221;stretch_row_content&#8221; css=&#8221;.vc_custom_1579935912472{padding-top: 0px !important;padding-bottom: 0px !important;}&#8221;][vc_column width=&#8221;1\/4&#8243; css=&#8221;.vc_custom_1585643341894{padding-top: 150px !important;padding-bottom: 150px !important;background-image: url(https:\/\/afko.com.tr\/wp-content\/uploads\/2020\/03\/\u0627\u0644\u0632\u0631\u0627\u0639\u0629-1.jpg?id=4209) !important;background-position: center !important;background-repeat: no-repeat !important;background-size: cover !important;}&#8221;][vc_btn title=&#8221;AGRICULTURE&#8221; align=&#8221;center&#8221; theme_style=&#8221;saturnthemes-btn&#8221; link=&#8221;url:https%3A%2F%2Fafko.com.tr%2Ftr%2Ftarim%2F|||&#8221;][\/vc_column][vc_column width=&#8221;1\/4&#8243; css=&#8221;.vc_custom_1585643250215{padding-top: 150px !important;padding-bottom: 150px !important;background-image: url(https:\/\/afko.com.tr\/wp-content\/uploads\/2020\/03\/\u0627\u0644\u0631\u064a-1.jpg?id=4221) !important;background-position: center !important;background-repeat: no-repeat !important;background-size: cover !important;}&#8221;][vc_btn title=&#8221;TURF IRRIGATION&#8221; align=&#8221;center&#8221; theme_style=&#8221;saturnthemes-btn&#8221; link=&#8221;url:https%3A%2F%2Fafko.com.tr%2Ftr%2Fsulama%2F|||&#8221;][\/vc_column][vc_column width=&#8221;1\/4&#8243; css=&#8221;.vc_custom_1585643220440{padding-top: 150px !important;padding-bottom: 150px !important;background-image: url(https:\/\/afko.com.tr\/wp-content\/uploads\/2020\/03\/\u062a\u0648\u0632\u064a\u0639-\u0627\u0644\u0645\u064a\u0627\u0647-1.jpg?id=4213) !important;background-position: center !important;background-repeat: no-repeat !important;background-size: cover !important;}&#8221;][vc_btn title=&#8221;WATER DISTRIBUTION&#8221; style=&#8221;flat&#8221; color=&#8221;white&#8221; align=&#8221;center&#8221; theme_style=&#8221;saturnthemes-btn&#8221; link=&#8221;url:https%3A%2F%2Fafko.com.tr%2Ftr%2Fsu-dagitimi%2F|||&#8221;][\/vc_column][vc_column width=&#8221;1\/4&#8243; css=&#8221;.vc_custom_1585814033253{padding-top: 150px !important;padding-bottom: 150px !important;background-image: url(https:\/\/afko.com.tr\/wp-content\/uploads\/2020\/04\/photo5771910037340533558.jpg?id=4686) !important;background-position: center !important;background-repeat: no-repeat !important;background-size: cover !important;}&#8221;][vc_btn title=&#8221;Sat\u0131\u015f sonras\u0131 hizmetler&#8221; align=&#8221;center&#8221; theme_style=&#8221;saturnthemes-btn&#8221; link=&#8221;url:https%3A%2F%2Fafko.com.tr%2Ftr%2Fsatis-sonrasi-hizmetler%2F|||&#8221;][\/vc_column][\/vc_row][vc_row full_width=&#8221;stretch_row_content&#8221;][vc_column width=&#8221;4\/12&#8243;][vc_empty_space][saturnthemes_icon_box icon_fontawesome=&#8221;fa fa-cloud&#8221; title=&#8221;Sustainability, Values and Corporate Policy&#8221; custom_color=&#8221;#6dab3c&#8221; title_color=&#8221;#6dab3c&#8221;]<\/p>\n<h3>Gezegenimizi korumak ve \u00e7ift\u00e7ilerin ve bitkilere bakanlar\u0131n ya\u015fam kalitesini art\u0131rmak i\u00e7in teknolojik ilerlemenin yayg\u0131nla\u015ft\u0131r\u0131lmas\u0131. Bitkilerin ve tar\u0131m alanlar\u0131n\u0131n kalitesini art\u0131rmak i\u00e7in geli\u015fmi\u015f teknolojiler ve y\u00f6ntemler geli\u015ftirmek.<\/h3>\n<p>[\/saturnthemes_icon_box][vc_row_inner][vc_column_inner offset=&#8221;vc_hidden-lg vc_hidden-md vc_hidden-sm vc_hidden-xs&#8221;][vc_btn title=&#8221;Show more&#8221; style=&#8221;flat&#8221; color=&#8221;green&#8221; align=&#8221;center&#8221; theme_style=&#8221;saturnthemes-btn&#8221;][\/vc_column_inner][\/vc_row_inner][\/vc_column][vc_column width=&#8221;2\/12&#8243;][vc_empty_space][vc_single_image image=&#8221;3734&#8243; img_size=&#8221;264&#215;225&#8243; alignment=&#8221;center&#8221; el_id=&#8221;img_box-sh&#8221; el_class=&#8221;img_box-sh&#8221;][\/vc_column][vc_column width=&#8221;2\/12&#8243;][vc_empty_space][vc_single_image image=&#8221;3723&#8243; img_size=&#8221;264&#215;225&#8243; alignment=&#8221;center&#8221; el_id=&#8221;img_box-sh&#8221; el_class=&#8221;img_box-sh&#8221;][\/vc_column][vc_column width=&#8221;4\/12&#8243;][vc_empty_space][saturnthemes_icon_box icon_fontawesome=&#8221;fa fa-pagelines&#8221; pst_icon=&#8221;right&#8221; title=&#8221;Project designed to guarantee the growth of every crop&#8221; custom_color=&#8221;#6dab3c&#8221; title_color=&#8221;#6dab3c&#8221;]<\/p>\n<h3>AFKO Tar\u0131msal Tasar\u0131m B\u00f6l\u00fcm\u00fc zemin ihtiya\u00e7lar\u0131n\u0131 kar\u015f\u0131lamak m\u00fcmk\u00fcn bir sulama tesisinin kurulumuna \u00e7al\u0131\u015fma s\u0131ras\u0131nda \u00e7ift\u00e7ilere destekler.<\/h3>\n<p>[\/saturnthemes_icon_box][vc_row_inner][vc_column_inner offset=&#8221;vc_hidden-lg vc_hidden-md vc_hidden-sm vc_hidden-xs&#8221;][vc_btn title=&#8221;Show more&#8221; style=&#8221;flat&#8221; color=&#8221;green&#8221; align=&#8221;center&#8221; theme_style=&#8221;saturnthemes-btn&#8221;][\/vc_column_inner][\/vc_row_inner][\/vc_column][\/vc_row][vc_row css=&#8221;.vc_custom_1471940351776{margin-bottom: 100px !important;}&#8221;][vc_column width=&#8221;1\/4&#8243; css=&#8221;.vc_custom_1471940169879{margin-bottom: 30px !important;}&#8221;][saturnthemes_flip_box icon_fontawesome=&#8221;fa fa-leaf&#8221; custom_color=&#8221;#ffffff&#8221; box_bg_color=&#8221;#f0f0e1&#8243; pst_icon=&#8221;&#8221; title=&#8221;PIVOT IRRIGATION&#8221;]Center pivot irrigation is an irrigation system has proved itself in this field.[\/saturnthemes_flip_box][\/vc_column][vc_column width=&#8221;1\/4&#8243; css=&#8221;.vc_custom_1471940180422{margin-bottom: 30px !important;}&#8221;][saturnthemes_flip_box icon_fontawesome=&#8221;fa fa-lightbulb-o&#8221; custom_color=&#8221;#ffffff&#8221; box_bg_color=&#8221;#f0f0e1&#8243; pst_icon=&#8221;&#8221; title=&#8221;LINEAR IRRIGATION&#8221;]Linear irrigation machines travel back and forth across your field instead of around a central point as a center pivot does.[\/saturnthemes_flip_box][\/vc_column][vc_column width=&#8221;1\/4&#8243; css=&#8221;.vc_custom_1471940186727{margin-bottom: 30px !important;}&#8221;][saturnthemes_flip_box icon_fontawesome=&#8221;fa fa-tree&#8221; custom_color=&#8221;#ffffff&#8221; box_bg_color=&#8221;#f0f0e1&#8243; pst_icon=&#8221;&#8221; title=&#8221;DRIP IRRIGATION&#8221;]Drip irrigation is sometimes called trickle irrigation and involves dripping water onto the soil at very low rates (2-20 litres\/hour)[\/saturnthemes_flip_box][\/vc_column][vc_column width=&#8221;1\/4&#8243;][saturnthemes_flip_box icon_fontawesome=&#8221;fa fa-paint-brush&#8221; custom_color=&#8221;#ffffff&#8221; box_bg_color=&#8221;#f0f0e1&#8243; pst_icon=&#8221;&#8221; title=&#8221;SPRINKLER IRRIGATION&#8221;]Sprinkler spray sprinklers are an excellent option for smaller applications, such as residential landscapes.[\/saturnthemes_flip_box][\/vc_column][\/vc_row][vc_row][vc_column][saturnthemes_testimonial style=&#8221;style2&#8243; autoplay=&#8221;&#8221; hide_separator=&#8221;&#8221;][\/vc_column][\/vc_row][vc_row][vc_column][vc_custom_heading text=&#8221;PRODUCTS&#8221; font_container=&#8221;tag:h2|font_size:28px|text_align:center|line_height:1.2&#8243; use_theme_fonts=&#8221;yes&#8221; font_weight=&#8221;700&#8243; text_transform=&#8221;uppercase&#8221; heading_style=&#8221;have-border&#8221; css=&#8221;.vc_custom_1583845327524{margin-top: 35px !important;}&#8221;][\/vc_column][\/vc_row][vc_row full_width=&#8221;stretch_row&#8221; content_placement=&#8221;middle&#8221; css=&#8221;.vc_custom_1583928176256{padding-top: 5px !important;padding-bottom: 40px !important;background: #ededed url(http:\/\/afko.com.tr\/wp-content\/uploads\/2016\/08\/partern-white-01.jpg?id=1413) !important;}&#8221;][vc_column width=&#8221;1\/4&#8243;][saturnthemes_counter counter_title=&#8221;Projects&#8221; icon_fontawesome=&#8221;fa fa-tree&#8221; custom_color=&#8221;#ffffff&#8221; counter_value=&#8221;750&#8243; counter_suffix=&#8221;+&#8221; speed=&#8221;2&#8243; content_bg_color=&#8221;#ffffff&#8221;][\/vc_column][vc_column width=&#8221;1\/4&#8243;][saturnthemes_counter counter_title=&#8221;Happy clients&#8221; icon_fontawesome=&#8221;fa fa-smile-o&#8221; custom_color=&#8221;#ffffff&#8221; counter_value=&#8221;536&#8243; counter_suffix=&#8221;+&#8221; speed=&#8221;2&#8243; content_bg_color=&#8221;#ffffff&#8221;][\/vc_column][vc_column width=&#8221;1\/4&#8243;][saturnthemes_counter counter_title=&#8221;Our employees&#8221; icon_fontawesome=&#8221;fa fa-users&#8221; custom_color=&#8221;#ffffff&#8221; counter_value=&#8221;1350&#8243; counter_suffix=&#8221;+&#8221; speed=&#8221;2&#8243; content_bg_color=&#8221;#ffffff&#8221;][\/vc_column][vc_column width=&#8221;1\/4&#8243;][saturnthemes_counter counter_title=&#8221;Branches&#8221; icon_fontawesome=&#8221;fa fa-users&#8221; custom_color=&#8221;#ffffff&#8221; counter_value=&#8221;7&#8243; counter_suffix=&#8221;+&#8221; speed=&#8221;2&#8243; content_bg_color=&#8221;#ffffff&#8221;][\/vc_column][\/vc_row][vc_row full_width=&#8221;stretch_row_content&#8221;][vc_column width=&#8221;1\/2&#8243; css=&#8221;.vc_custom_1579182277192{background-image: url(http:\/\/afko.com.tr\/wp-content\/uploads\/2020\/01\/22.jpg?id=1940) !important;background-position: center !important;background-repeat: no-repeat !important;background-size: cover !important;}&#8221;][vc_empty_space][vc_empty_space][vc_column_text css=&#8221;.vc_custom_1579095918133{padding-top: 60px !important;padding-right: 60px !important;padding-bottom: 60px !important;}&#8221;]<\/p>\n<h1 style=\"text-align: right;\"><span style=\"color: #ffffff;\"><strong>SUBSCRIBE<\/strong>\u00a0TO<\/span><br \/>\n<span style=\"color: #ffffff;\">OUR\u00a0<strong>NEWSLETTER<\/strong><\/span><\/h1>\n<p>[\/vc_column_text][vc_empty_space][vc_empty_space][\/vc_column][vc_column width=&#8221;1\/2&#8243;][vc_empty_space]\n<div class=\"wpcf7 no-js\" id=\"wpcf7-f1800-o1\" lang=\"en-US\" dir=\"ltr\" data-wpcf7-id=\"1800\">\n<div class=\"screen-reader-response\"><p role=\"status\" aria-live=\"polite\" aria-atomic=\"true\"><\/p> <ul><\/ul><\/div>\n<form action=\"\/tr\/wp-json\/wp\/v2\/pages\/3102#wpcf7-f1800-o1\" method=\"post\" class=\"wpcf7-form init\" aria-label=\"Contact form\" novalidate=\"novalidate\" data-status=\"init\">\n<fieldset class=\"hidden-fields-container\"><input type=\"hidden\" name=\"_wpcf7\" value=\"1800\" \/><input type=\"hidden\" name=\"_wpcf7_version\" value=\"6.1.5\" \/><input type=\"hidden\" name=\"_wpcf7_locale\" value=\"en_US\" \/><input type=\"hidden\" name=\"_wpcf7_unit_tag\" value=\"wpcf7-f1800-o1\" \/><input type=\"hidden\" name=\"_wpcf7_container_post\" value=\"0\" \/><input type=\"hidden\" name=\"_wpcf7_posted_data_hash\" value=\"\" \/>\n<\/fieldset>\n<div>\n\t<p><span class=\"wpcf7-form-control-wrap\" data-name=\"first-name\"><input size=\"40\" maxlength=\"400\" class=\"wpcf7-form-control wpcf7-text wpcf7-validates-as-required\" aria-required=\"true\" aria-invalid=\"false\" placeholder=\"Your Name\" value=\"\" type=\"text\" name=\"first-name\" \/><\/span><br \/>\n<span class=\"wpcf7-form-control-wrap\" data-name=\"your-email\"><input size=\"40\" maxlength=\"400\" class=\"wpcf7-form-control wpcf7-email wpcf7-text wpcf7-validates-as-email\" aria-invalid=\"false\" placeholder=\"Your email address\" value=\"\" type=\"email\" name=\"your-email\" \/><\/span><br \/>\n<span class=\"wpcf7-form-control-wrap\" data-name=\"text-235\"><input size=\"40\" maxlength=\"400\" class=\"wpcf7-form-control wpcf7-text wpcf7-validates-as-required\" aria-required=\"true\" aria-invalid=\"false\" placeholder=\"rate us\" value=\"\" type=\"text\" name=\"text-235\" \/><\/span><br \/>\n<span class=\"form-rcb-submit-wrapper\"><input class=\"wpcf7-form-control wpcf7-submit has-spinner secondary-background-color\" type=\"submit\" value=\"SEND MESSAGE\" \/><i class=\"fa fa-caret-right\"><\/i><\/span>\n\t<\/p>\n<\/div><div class=\"wpcf7-response-output\" aria-hidden=\"true\"><\/div>\n<\/form>\n<\/div>\n[\/vc_column][\/vc_row][vc_row full_width=&#8221;stretch_row&#8221; css=&#8221;.vc_custom_1584088611593{padding-top: 60px !important;padding-bottom: 60px !important;background: #ebebeb url(https:\/\/afko.com.tr\/wp-content\/uploads\/2020\/03\/324.jpg?id=2953) !important;}&#8221;][vc_column width=&#8221;1\/6&#8243;][vc_empty_space][vc_single_image image=&#8221;2945&#8243; img_size=&#8221;full&#8221; alignment=&#8221;center&#8221;][\/vc_column][vc_column width=&#8221;2\/3&#8243;][vc_empty_space][vc_column_text]<\/p>\n<h3 style=\"text-align: left;\"><span style=\"color: #42b349;\">IF YOU WANT TO KNOW MORE. DO YOU NEED SUPPORT?<\/span><\/h3>\n<h4 style=\"text-align: left;\">Our team is completely at your disposal!<\/h4>\n<p>[\/vc_column_text][\/vc_column][vc_column width=&#8221;1\/6&#8243;][vc_empty_space][vc_btn title=&#8221;CONTACT US&#8221; style=&#8221;custom&#8221; custom_background=&#8221;#41b348&#8243; custom_text=&#8221;#ffffff&#8221; align=&#8221;center&#8221; theme_style=&#8221;saturnthemes-btn&#8221;][\/vc_column][\/vc_row]<\/p>\n","protected":false},"excerpt":{"rendered":"<p>[vc_row css=&#8221;.vc_custom_1579935657356{padding-bottom: 0px !important;}&#8221;][vc_column css=&#8221;.vc_custom_1579935890867{padding-bottom: 0px !important;}&#8221;][rev_slider_vc alias=&#8221;homepage-011&#8243;][\/vc_column][\/vc_row][vc_row full_width=&#8221;stretch_row_content&#8221; css=&#8221;.vc_custom_1579935912472{padding-top: 0px !important;padding-bottom: 0px !important;}&#8221;][vc_column width=&#8221;1\/4&#8243; css=&#8221;.vc_custom_1585643341894{padding-top: 150px !important;padding-bottom: 150px !important;background-image: url(https:\/\/afko.com.tr\/wp-content\/uploads\/2020\/03\/\u0627\u0644\u0632\u0631\u0627\u0639\u0629-1.jpg?id=4209) !important;background-position: center !important;background-repeat: no-repeat !important;background-size: cover !important;}&#8221;][vc_btn title=&#8221;AGRICULTURE&#8221; align=&#8221;center&#8221; theme_style=&#8221;saturnthemes-btn&#8221; link=&#8221;url:https%3A%2F%2Fafko.com.tr%2Ftr%2Ftarim%2F|||&#8221;][\/vc_column][vc_column width=&#8221;1\/4&#8243; css=&#8221;.vc_custom_1585643250215{padding-top: 150px !important;padding-bottom: 150px !important;background-image: url(https:\/\/afko.com.tr\/wp-content\/uploads\/2020\/03\/\u0627\u0644\u0631\u064a-1.jpg?id=4221) !important;background-position: center !important;background-repeat: no-repeat !important;background-size: cover !important;}&#8221;][vc_btn title=&#8221;TURF IRRIGATION&#8221; align=&#8221;center&#8221; theme_style=&#8221;saturnthemes-btn&#8221; link=&#8221;url:https%3A%2F%2Fafko.com.tr%2Ftr%2Fsulama%2F|||&#8221;][\/vc_column][vc_column width=&#8221;1\/4&#8243; css=&#8221;.vc_custom_1585643220440{padding-top: 150px !important;padding-bottom: 150px !important;background-image: url(https:\/\/afko.com.tr\/wp-content\/uploads\/2020\/03\/\u062a\u0648\u0632\u064a\u0639-\u0627\u0644\u0645\u064a\u0627\u0647-1.jpg?id=4213) !important;background-position: center !important;background-repeat: no-repeat !important;background-size: cover !important;}&#8221;][vc_btn title=&#8221;WATER DISTRIBUTION&#8221; style=&#8221;flat&#8221; color=&#8221;white&#8221; align=&#8221;center&#8221; theme_style=&#8221;saturnthemes-btn&#8221; link=&#8221;url:https%3A%2F%2Fafko.com.tr%2Ftr%2Fsu-dagitimi%2F|||&#8221;][\/vc_column][vc_column width=&#8221;1\/4&#8243; css=&#8221;.vc_custom_1585814033253{padding-top: 150px !important;padding-bottom: 150px !important;background-image: url(https:\/\/afko.com.tr\/wp-content\/uploads\/2020\/04\/photo5771910037340533558.jpg?id=4686) !important;background-position: center !important;background-repeat: no-repeat !important;background-size: cover !important;}&#8221;][vc_btn title=&#8221;Sat\u0131\u015f sonras\u0131 hizmetler&#8221; align=&#8221;center&#8221; theme_style=&#8221;saturnthemes-btn&#8221; link=&#8221;url:https%3A%2F%2Fafko.com.tr%2Ftr%2Fsatis-sonrasi-hizmetler%2F|||&#8221;][\/vc_column][\/vc_row][vc_row full_width=&#8221;stretch_row_content&#8221;][vc_column width=&#8221;4\/12&#8243;][vc_empty_space][saturnthemes_icon_box icon_fontawesome=&#8221;fa fa-cloud&#8221; title=&#8221;Sustainability, Values and Corporate Policy&#8221; custom_color=&#8221;#6dab3c&#8221; title_color=&#8221;#6dab3c&#8221;] Gezegenimizi korumak ve \u00e7ift\u00e7ilerin ve bitkilere bakanlar\u0131n ya\u015fam kalitesini art\u0131rmak i\u00e7in teknolojik ilerlemenin yayg\u0131nla\u015ft\u0131r\u0131lmas\u0131. Bitkilerin ve tar\u0131m alanlar\u0131n\u0131n kalitesini art\u0131rmak i\u00e7in geli\u015fmi\u015f teknolojiler ve y\u00f6ntemler geli\u015ftirmek. [\/saturnthemes_icon_box][vc_row_inner][vc_column_inner offset=&#8221;vc_hidden-lg vc_hidden-md vc_hidden-sm vc_hidden-xs&#8221;][vc_btn title=&#8221;Show more&#8221; style=&#8221;flat&#8221; color=&#8221;green&#8221; align=&#8221;center&#8221; theme_style=&#8221;saturnthemes-btn&#8221;][\/vc_column_inner][\/vc_row_inner][\/vc_column][vc_column width=&#8221;2\/12&#8243;][vc_empty_space][vc_single_image image=&#8221;3734&#8243; img_size=&#8221;264&#215;225&#8243; alignment=&#8221;center&#8221; el_id=&#8221;img_box-sh&#8221; el_class=&#8221;img_box-sh&#8221;][\/vc_column][vc_column width=&#8221;2\/12&#8243;][vc_empty_space][vc_single_image image=&#8221;3723&#8243; img_size=&#8221;264&#215;225&#8243; alignment=&#8221;center&#8221; el_id=&#8221;img_box-sh&#8221; el_class=&#8221;img_box-sh&#8221;][\/vc_column][vc_column width=&#8221;4\/12&#8243;][vc_empty_space][saturnthemes_icon_box icon_fontawesome=&#8221;fa fa-pagelines&#8221; pst_icon=&#8221;right&#8221; title=&#8221;Project designed to guarantee the growth of every crop&#8221; custom_color=&#8221;#6dab3c&#8221; title_color=&#8221;#6dab3c&#8221;] AFKO Tar\u0131msal Tasar\u0131m B\u00f6l\u00fcm\u00fc zemin ihtiya\u00e7lar\u0131n\u0131 kar\u015f\u0131lamak m\u00fcmk\u00fcn bir sulama tesisinin kurulumuna \u00e7al\u0131\u015fma s\u0131ras\u0131nda \u00e7ift\u00e7ilere destekler. [\/saturnthemes_icon_box][vc_row_inner][vc_column_inner offset=&#8221;vc_hidden-lg vc_hidden-md vc_hidden-sm vc_hidden-xs&#8221;][vc_btn title=&#8221;Show more&#8221; style=&#8221;flat&#8221; color=&#8221;green&#8221; align=&#8221;center&#8221; theme_style=&#8221;saturnthemes-btn&#8221;][\/vc_column_inner][\/vc_row_inner][\/vc_column][\/vc_row][vc_row css=&#8221;.vc_custom_1471940351776{margin-bottom: 100px !important;}&#8221;][vc_column width=&#8221;1\/4&#8243; css=&#8221;.vc_custom_1471940169879{margin-bottom: 30px [&hellip;]<\/p>\n","protected":false},"author":1,"featured_media":0,"parent":0,"menu_order":0,"comment_status":"closed","ping_status":"closed","template":"","meta":{"two_page_speed":[],"footnotes":""},"class_list":["post-3102","page","type-page","status-publish","hentry"],"_links":{"self":[{"href":"https:\/\/afko.com.tr\/tr\/wp-json\/wp\/v2\/pages\/3102","targetHints":{"allow":["GET"]}}],"collection":[{"href":"https:\/\/afko.com.tr\/tr\/wp-json\/wp\/v2\/pages"}],"about":[{"href":"https:\/\/afko.com.tr\/tr\/wp-json\/wp\/v2\/types\/page"}],"author":[{"embeddable":true,"href":"https:\/\/afko.com.tr\/tr\/wp-json\/wp\/v2\/users\/1"}],"replies":[{"embeddable":true,"href":"https:\/\/afko.com.tr\/tr\/wp-json\/wp\/v2\/comments?post=3102"}],"version-history":[{"count":14,"href":"https:\/\/afko.com.tr\/tr\/wp-json\/wp\/v2\/pages\/3102\/revisions"}],"predecessor-version":[{"id":4694,"href":"https:\/\/afko.com.tr\/tr\/wp-json\/wp\/v2\/pages\/3102\/revisions\/4694"}],"wp:attachment":[{"href":"https:\/\/afko.com.tr\/tr\/wp-json\/wp\/v2\/media?parent=3102"}],"curies":[{"name":"wp","href":"https:\/\/api.w.org\/{rel}","templated":true}]}}