{"id":3104,"date":"2020-03-14T12:04:23","date_gmt":"2020-03-14T09:04:23","guid":{"rendered":"https:\/\/afko.com.tr\/?page_id=3104"},"modified":"2020-03-17T15:01:28","modified_gmt":"2020-03-17T12:01:28","slug":"yedek-parcalar","status":"publish","type":"page","link":"https:\/\/afko.com.tr\/tr\/yedek-parcalar\/","title":{"rendered":"yedek par\u00e7alar"},"content":{"rendered":"<p>[vc_row][vc_column][vc_column_text]0[\/vc_column_text][\/vc_column][\/vc_row][vc_row][vc_column][vc_single_image image=&#8221;2454&#8243; img_size=&#8221;full&#8221; alignment=&#8221;center&#8221;][vc_column_text]<\/p>\n<p style=\"text-align: center;\"><span style=\"font-size: 18pt; color: #000000;\">S\u00dcR\u00dcC\u00dc KAPL\u0130N\u0130<\/span><\/p>\n<p style=\"text-align: center;\"><span style=\"font-size: 18pt; color: #000000;\">Is\u0131l i\u015flem g\u00f6rm\u00fc\u015f al\u00fcminyum ve \u00e7elik tahrik mili yap\u0131s\u0131, kendinden hizalamal\u0131 tasar\u0131m ve UV \/ kimyasal maddelere dayan\u0131kl\u0131 \u00fcretan u\u00e7lar<\/p>\n<p>[\/vc_column_text][\/vc_column][\/vc_row]<\/p>\n","protected":false},"excerpt":{"rendered":"<p>[vc_row][vc_column][vc_column_text]0[\/vc_column_text][\/vc_column][\/vc_row][vc_row][vc_column][vc_single_image image=&#8221;2454&#8243; img_size=&#8221;full&#8221; alignment=&#8221;center&#8221;][vc_column_text] S\u00dcR\u00dcC\u00dc KAPL\u0130N\u0130 Is\u0131l i\u015flem g\u00f6rm\u00fc\u015f al\u00fcminyum ve \u00e7elik tahrik mili yap\u0131s\u0131, kendinden hizalamal\u0131 tasar\u0131m ve UV \/ kimyasal maddelere dayan\u0131kl\u0131 \u00fcretan u\u00e7lar [\/vc_column_text][\/vc_column][\/vc_row]<\/p>\n","protected":false},"author":1,"featured_media":0,"parent":0,"menu_order":0,"comment_status":"closed","ping_status":"closed","template":"","meta":{"two_page_speed":[],"footnotes":""},"class_list":["post-3104","page","type-page","status-publish","hentry"],"_links":{"self":[{"href":"https:\/\/afko.com.tr\/tr\/wp-json\/wp\/v2\/pages\/3104","targetHints":{"allow":["GET"]}}],"collection":[{"href":"https:\/\/afko.com.tr\/tr\/wp-json\/wp\/v2\/pages"}],"about":[{"href":"https:\/\/afko.com.tr\/tr\/wp-json\/wp\/v2\/types\/page"}],"author":[{"embeddable":true,"href":"https:\/\/afko.com.tr\/tr\/wp-json\/wp\/v2\/users\/1"}],"replies":[{"embeddable":true,"href":"https:\/\/afko.com.tr\/tr\/wp-json\/wp\/v2\/comments?post=3104"}],"version-history":[{"count":5,"href":"https:\/\/afko.com.tr\/tr\/wp-json\/wp\/v2\/pages\/3104\/revisions"}],"predecessor-version":[{"id":3797,"href":"https:\/\/afko.com.tr\/tr\/wp-json\/wp\/v2\/pages\/3104\/revisions\/3797"}],"wp:attachment":[{"href":"https:\/\/afko.com.tr\/tr\/wp-json\/wp\/v2\/media?parent=3104"}],"curies":[{"name":"wp","href":"https:\/\/api.w.org\/{rel}","templated":true}]}}