{"id":3119,"date":"2020-03-14T12:07:12","date_gmt":"2020-03-14T09:07:12","guid":{"rendered":"https:\/\/afko.com.tr\/?page_id=3119"},"modified":"2020-03-17T15:48:52","modified_gmt":"2020-03-17T12:48:52","slug":"pivot-sulama","status":"publish","type":"page","link":"https:\/\/afko.com.tr\/tr\/pivot-sulama\/","title":{"rendered":"Pivot sulama"},"content":{"rendered":"<p>[vc_row][vc_column][vc_single_image image=&#8221;2443&#8243; img_size=&#8221;full&#8221; alignment=&#8221;center&#8221; el_id=&#8221;img_box-sh&#8221; el_class=&#8221;img_box-sh&#8221;][vc_column_text]<\/p>\n<p style=\"text-align: center;\"><span style=\"font-size: 18pt; color: #000000;\">Center pivot sulama, bu alanda kendini kan\u0131tlam\u0131\u015f bir sulama sistemidir. Bu sistem sulan\u0131r<br \/>\nfarkl\u0131 iklim ve arazi ko\u015fullar\u0131nda ekonomik olarak y\u00fcksek performansta. galvanize<br \/>\npaslanmaz \u00e7elik konstr\u00fcksiyondan olu\u015fan korozyon \u00f6nleyici kaplama. Bu sistem otomatik hale getirir<br \/>\n% 15&#8217;e kadar e\u011fimlerde bile tek bir platform \u00fczerinde dairesel hareketle sulama. Orta pivot<br \/>\nsulama sistemleri performansla \u00e7al\u0131\u015fabilir. % 90 -% 95 etkili sulama yapabilir<br \/>\nsulama s\u0131ras\u0131nda bir merkez pivot sistemi ile elde edilebilir.<\/span><\/p>\n<p style=\"text-align: center;\"><span style=\"font-size: 18pt; color: #000000;\">Bu sistem, mobil ba\u011flant\u0131 ile birbirine ba\u011fl\u0131 bir\u00e7ok a\u00e7\u0131kl\u0131ktan olu\u015fur, t\u00fcm a\u00e7\u0131kl\u0131klar hareket eder<br \/>\nsabit bir merkez etraf\u0131nda d\u00f6nd\u00fcr\u00fcn.<br \/>\nHer iki a\u00e7\u0131kl\u0131k, \u00e7ok y\u00f6nl\u00fc bir ba\u011flant\u0131 ile birbirine ba\u011flan\u0131r.<br \/>\n30 dereceye kadar.<br \/>\nBu nedenle, pivot engebeli arazi i\u00e7in uygundur<\/span><\/p>\n<p>[\/vc_column_text][\/vc_column][\/vc_row][vc_row][vc_column][vc_column_text][\/vc_column_text][\/vc_column][\/vc_row][vc_row][vc_column width=&#8221;1\/2&#8243;][vc_btn title=&#8221;K\u00fc\u00e7\u00fck pivotlar&#8221; style=&#8221;custom&#8221; custom_background=&#8221;#5b974e&#8221; custom_text=&#8221;#ffffff&#8221; align=&#8221;center&#8221; theme_style=&#8221;saturnthemes-btn&#8221; link=&#8221;url:https%3A%2F%2Fafko.com.tr%2Fsmall-pivots%2F|||&#8221;][\/vc_column][vc_column width=&#8221;1\/2&#8243;][vc_btn title=&#8221;B\u00fcy\u00fck pivotlar&#8221; style=&#8221;custom&#8221; custom_background=&#8221;#5b974e&#8221; custom_text=&#8221;#ffffff&#8221; align=&#8221;center&#8221; theme_style=&#8221;saturnthemes-btn&#8221; link=&#8221;url:https%3A%2F%2Fafko.com.tr%2Fbig-pivots%2F|||&#8221;][\/vc_column][\/vc_row]<\/p>\n","protected":false},"excerpt":{"rendered":"<p>[vc_row][vc_column][vc_single_image image=&#8221;2443&#8243; img_size=&#8221;full&#8221; alignment=&#8221;center&#8221; el_id=&#8221;img_box-sh&#8221; el_class=&#8221;img_box-sh&#8221;][vc_column_text] Center pivot sulama, bu alanda kendini kan\u0131tlam\u0131\u015f bir sulama sistemidir. Bu sistem sulan\u0131r farkl\u0131 iklim ve arazi ko\u015fullar\u0131nda ekonomik olarak y\u00fcksek performansta. galvanize paslanmaz \u00e7elik konstr\u00fcksiyondan olu\u015fan korozyon \u00f6nleyici kaplama. Bu sistem otomatik hale getirir % 15&#8217;e kadar e\u011fimlerde bile tek bir platform \u00fczerinde dairesel hareketle sulama. Orta pivot sulama sistemleri performansla \u00e7al\u0131\u015fabilir. % 90 -% 95 etkili sulama yapabilir sulama s\u0131ras\u0131nda bir merkez pivot sistemi ile elde edilebilir. Bu sistem, mobil ba\u011flant\u0131 ile birbirine ba\u011fl\u0131 bir\u00e7ok a\u00e7\u0131kl\u0131ktan olu\u015fur, t\u00fcm a\u00e7\u0131kl\u0131klar hareket eder sabit bir merkez etraf\u0131nda d\u00f6nd\u00fcr\u00fcn. Her iki a\u00e7\u0131kl\u0131k, \u00e7ok y\u00f6nl\u00fc bir ba\u011flant\u0131 ile birbirine ba\u011flan\u0131r. 30 dereceye kadar. Bu nedenle, pivot engebeli arazi i\u00e7in uygundur [\/vc_column_text][\/vc_column][\/vc_row][vc_row][vc_column][vc_column_text][\/vc_column_text][\/vc_column][\/vc_row][vc_row][vc_column width=&#8221;1\/2&#8243;][vc_btn title=&#8221;K\u00fc\u00e7\u00fck pivotlar&#8221; style=&#8221;custom&#8221; custom_background=&#8221;#5b974e&#8221; custom_text=&#8221;#ffffff&#8221; align=&#8221;center&#8221; theme_style=&#8221;saturnthemes-btn&#8221; link=&#8221;url:https%3A%2F%2Fafko.com.tr%2Fsmall-pivots%2F|||&#8221;][\/vc_column][vc_column width=&#8221;1\/2&#8243;][vc_btn title=&#8221;B\u00fcy\u00fck pivotlar&#8221; style=&#8221;custom&#8221; custom_background=&#8221;#5b974e&#8221; custom_text=&#8221;#ffffff&#8221; align=&#8221;center&#8221; theme_style=&#8221;saturnthemes-btn&#8221; link=&#8221;url:https%3A%2F%2Fafko.com.tr%2Fbig-pivots%2F|||&#8221;][\/vc_column][\/vc_row]<\/p>\n","protected":false},"author":1,"featured_media":0,"parent":0,"menu_order":0,"comment_status":"closed","ping_status":"closed","template":"","meta":{"two_page_speed":[],"footnotes":""},"class_list":["post-3119","page","type-page","status-publish","hentry"],"_links":{"self":[{"href":"https:\/\/afko.com.tr\/tr\/wp-json\/wp\/v2\/pages\/3119","targetHints":{"allow":["GET"]}}],"collection":[{"href":"https:\/\/afko.com.tr\/tr\/wp-json\/wp\/v2\/pages"}],"about":[{"href":"https:\/\/afko.com.tr\/tr\/wp-json\/wp\/v2\/types\/page"}],"author":[{"embeddable":true,"href":"https:\/\/afko.com.tr\/tr\/wp-json\/wp\/v2\/users\/1"}],"replies":[{"embeddable":true,"href":"https:\/\/afko.com.tr\/tr\/wp-json\/wp\/v2\/comments?post=3119"}],"version-history":[{"count":4,"href":"https:\/\/afko.com.tr\/tr\/wp-json\/wp\/v2\/pages\/3119\/revisions"}],"predecessor-version":[{"id":3803,"href":"https:\/\/afko.com.tr\/tr\/wp-json\/wp\/v2\/pages\/3119\/revisions\/3803"}],"wp:attachment":[{"href":"https:\/\/afko.com.tr\/tr\/wp-json\/wp\/v2\/media?parent=3119"}],"curies":[{"name":"wp","href":"https:\/\/api.w.org\/{rel}","templated":true}]}}