{"id":3143,"date":"2020-03-14T12:14:43","date_gmt":"2020-03-14T09:14:43","guid":{"rendered":"https:\/\/afko.com.tr\/?page_id=3143"},"modified":"2020-03-20T16:17:54","modified_gmt":"2020-03-20T13:17:54","slug":"kucuk-pivotlar","status":"publish","type":"page","link":"https:\/\/afko.com.tr\/tr\/kucuk-pivotlar\/","title":{"rendered":"K\u00fc\u00e7\u00fck pivotlar"},"content":{"rendered":"<p>[vc_row full_width=&#8221;stretch_row_content&#8221;][vc_column][vc_column_text]<\/p>\n<p style=\"text-align: center;\"><span style=\"font-size: 18pt; color: #000000;\"><span style=\"color: #0d70b3;\">CENTER PIVOT IRRIGATION SYSTEM<\/span> <\/span><\/p>\n<p style=\"text-align: center;\"><span style=\"font-size: 14pt; color: #000000;\">This system consist of many spans connected to each other by mobile connection, all spans move<\/span><br \/>\n<span style=\"font-size: 14pt; color: #000000;\">and rotate around a fixed center<\/span><\/p>\n<p style=\"text-align: center;\"><span style=\"font-size: 14pt; color: #000000;\">Every two spans are connected by a multidirectional joint allowing the formation of an angle of up<\/span><br \/>\n<span style=\"font-size: 14pt; color: #000000;\">to 30 degree. <\/span><\/p>\n<p style=\"text-align: center;\"><span style=\"font-size: 14pt; color: #000000;\">Thus the pivot is suitable for rough terrain<\/span><br \/>\n<span style=\"font-size: 14pt; color: #000000;\">This system irrigates from 1 hacter by one span up to 75 by 8 spans 490 m machine<\/span>[\/vc_column_text][vc_single_image image=&#8221;2611&#8243; img_size=&#8221;full&#8221; alignment=&#8221;center&#8221;][vc_empty_space][vc_empty_space][\/vc_column][\/vc_row][vc_row][vc_column][vc_column_text]<span style=\"font-size: 14pt;\">Center pivot sulama, bu alanda kendini kan\u0131tlam\u0131\u015f bir sulama sistemidir. Bu sistem, farkl\u0131 iklim ve arazi ko\u015fullar\u0131yla ekonomik olarak y\u00fcksek performansta sulan\u0131r. Y\u00fcksek kaliteli \u00e7elik konstr\u00fcksiyondan olu\u015fan galvaniz korozyon \u00f6nleyici kaplama. Bu sistem,% 15&#8217;e varan e\u011fimlerde bile tek bir platform \u00fczerinde dairesel hareketle otomatik sulama yapar. Center pivot sulama sistemleri performansla \u00e7al\u0131\u015fabilir. Merkez pivot sistemi ile sulama s\u0131ras\u0131nda% 90 -% 95 etkili bir sulama elde edilebilir.<\/span>[\/vc_column_text][\/vc_column][\/vc_row][vc_row][vc_column][vc_single_image image=&#8221;2549&#8243; img_size=&#8221;full&#8221; alignment=&#8221;center&#8221;][vc_column_text]<\/p>\n<p style=\"text-align: center;\"><span style=\"font-size: 14pt;\">Center pivot makinesi, geni\u015f arazilerde suyun homojen bir \u015fekilde da\u011f\u0131t\u0131lmas\u0131n\u0131 sa\u011flar <\/span><\/p>\n<p style=\"text-align: center;\"><span style=\"font-size: 14pt;\">\u00a0<\/span><\/p>\n<p>[\/vc_column_text][\/vc_column][\/vc_row][vc_row][vc_column][vc_single_image image=&#8221;2842&#8243; img_size=&#8221;full&#8221; alignment=&#8221;center&#8221;][vc_single_image image=&#8221;2832&#8243; img_size=&#8221;full&#8221; alignment=&#8221;center&#8221;][vc_single_image image=&#8221;2836&#8243; img_size=&#8221;full&#8221; alignment=&#8221;center&#8221;][\/vc_column][\/vc_row]<\/p>\n","protected":false},"excerpt":{"rendered":"<p>[vc_row full_width=&#8221;stretch_row_content&#8221;][vc_column][vc_column_text] CENTER PIVOT IRRIGATION SYSTEM This system consist of many spans connected to each other by mobile connection, all spans move and rotate around a fixed center Every two spans are connected by a multidirectional joint allowing the formation of an angle of up to 30 degree. Thus the pivot is suitable for rough terrain This system irrigates from 1 hacter by one span up to 75 by 8 spans 490 m machine[\/vc_column_text][vc_single_image image=&#8221;2611&#8243; img_size=&#8221;full&#8221; alignment=&#8221;center&#8221;][vc_empty_space][vc_empty_space][\/vc_column][\/vc_row][vc_row][vc_column][vc_column_text]Center pivot sulama, bu alanda kendini kan\u0131tlam\u0131\u015f bir sulama sistemidir. Bu sistem, farkl\u0131 iklim ve arazi ko\u015fullar\u0131yla ekonomik olarak y\u00fcksek performansta sulan\u0131r. Y\u00fcksek kaliteli \u00e7elik konstr\u00fcksiyondan olu\u015fan galvaniz korozyon \u00f6nleyici kaplama. Bu sistem,% 15&#8217;e varan e\u011fimlerde bile tek bir platform \u00fczerinde dairesel hareketle otomatik sulama yapar. Center pivot sulama sistemleri performansla \u00e7al\u0131\u015fabilir. Merkez pivot sistemi ile sulama s\u0131ras\u0131nda% 90 -% 95 etkili bir sulama elde edilebilir.[\/vc_column_text][\/vc_column][\/vc_row][vc_row][vc_column][vc_single_image image=&#8221;2549&#8243; img_size=&#8221;full&#8221; alignment=&#8221;center&#8221;][vc_column_text] Center pivot makinesi, geni\u015f arazilerde suyun homojen bir \u015fekilde da\u011f\u0131t\u0131lmas\u0131n\u0131 sa\u011flar \u00a0 [\/vc_column_text][\/vc_column][\/vc_row][vc_row][vc_column][vc_single_image image=&#8221;2842&#8243; img_size=&#8221;full&#8221; alignment=&#8221;center&#8221;][vc_single_image image=&#8221;2832&#8243; img_size=&#8221;full&#8221; alignment=&#8221;center&#8221;][vc_single_image image=&#8221;2836&#8243; img_size=&#8221;full&#8221; alignment=&#8221;center&#8221;][\/vc_column][\/vc_row]<\/p>\n","protected":false},"author":1,"featured_media":0,"parent":0,"menu_order":0,"comment_status":"closed","ping_status":"closed","template":"","meta":{"two_page_speed":[],"footnotes":""},"class_list":["post-3143","page","type-page","status-publish","hentry"],"_links":{"self":[{"href":"https:\/\/afko.com.tr\/tr\/wp-json\/wp\/v2\/pages\/3143","targetHints":{"allow":["GET"]}}],"collection":[{"href":"https:\/\/afko.com.tr\/tr\/wp-json\/wp\/v2\/pages"}],"about":[{"href":"https:\/\/afko.com.tr\/tr\/wp-json\/wp\/v2\/types\/page"}],"author":[{"embeddable":true,"href":"https:\/\/afko.com.tr\/tr\/wp-json\/wp\/v2\/users\/1"}],"replies":[{"embeddable":true,"href":"https:\/\/afko.com.tr\/tr\/wp-json\/wp\/v2\/comments?post=3143"}],"version-history":[{"count":5,"href":"https:\/\/afko.com.tr\/tr\/wp-json\/wp\/v2\/pages\/3143\/revisions"}],"predecessor-version":[{"id":3899,"href":"https:\/\/afko.com.tr\/tr\/wp-json\/wp\/v2\/pages\/3143\/revisions\/3899"}],"wp:attachment":[{"href":"https:\/\/afko.com.tr\/tr\/wp-json\/wp\/v2\/media?parent=3143"}],"curies":[{"name":"wp","href":"https:\/\/api.w.org\/{rel}","templated":true}]}}