{"id":3155,"date":"2020-03-14T12:21:01","date_gmt":"2020-03-14T09:21:01","guid":{"rendered":"https:\/\/afko.com.tr\/?page_id=3155"},"modified":"2020-03-21T14:49:06","modified_gmt":"2020-03-21T11:49:06","slug":"dogrusal-sulama","status":"publish","type":"page","link":"https:\/\/afko.com.tr\/tr\/dogrusal-sulama\/","title":{"rendered":"Do\u011frusal Sulama"},"content":{"rendered":"<p>[vc_row][vc_column][vc_single_image image=&#8221;2625&#8243; img_size=&#8221;full&#8221; alignment=&#8221;center&#8221;][vc_column_text]<span style=\"font-size: 18pt; color: #000000;\">Do\u011frusal sulama makineleri, merkez pivotun yapt\u0131\u011f\u0131 gibi merkezi bir nokta yerine tarlan\u0131z boyunca ileri geri hareket eder. Do\u011frusal, d\u00fcz bir \u00e7izgide, ileri veya geri hareket edebilir. Hareket kabiliyetleri, lineerleri a\u015fa\u011f\u0131dakiler i\u00e7in en verimli olanlardan biri yapar.<\/span><\/p>\n<p><span style=\"font-size: 18pt; color: #000000;\">msn, tipik olarak bir kare veya dikd\u00f6rtgen alan\u0131n y\u00fczde 92-98&#8217;ini sulayan \u00e7iftlik sulama sistemi. Do\u011frusallar ayr\u0131ca kemigasyon, g\u00fcbreleme ve \u00e7imlenmeye yard\u0131mc\u0131 olabilir ve di\u011fer sulama y\u00f6ntemleriyle olu\u015fabilecek s\u0131z\u0131nt\u0131y\u0131 azaltmaya yard\u0131mc\u0131 olabilir.<\/span><br \/>\n<span style=\"font-size: 18pt; color: #000000;\">K\u00fc\u00e7\u00fck, esnek do\u011frusal \u00e7izgiler genellikle uzun hortumlar \u00e7eker ve hortumu hareket ettirmeden tersine d\u00f6nme \u00f6zelli\u011fine sahiptir. Bu, lineerlerin birincil dezavantajlar\u0131ndan birinin \u00fcstesinden gelir &#8211; hortumu idare etmek ve ta\u015f\u0131mak i\u00e7in emek. Do\u011frusallar \u00e7o\u011fu durumda bu k\u00fc\u00e7\u00fck, d\u00fczensiz alanlara merkez pivotlar\u0131n (uygulama verimlili\u011fi ve b\u00fct\u00fcnl\u00fc\u011f\u00fc, maliyet etkinli\u011fi ve d\u00fc\u015f\u00fck i\u015f g\u00fcc\u00fc gereksinimleri) avantajlar\u0131n\u0131 getirebilir.<\/span>[\/vc_column_text][\/vc_column][\/vc_row]<\/p>\n","protected":false},"excerpt":{"rendered":"<p>[vc_row][vc_column][vc_single_image image=&#8221;2625&#8243; img_size=&#8221;full&#8221; alignment=&#8221;center&#8221;][vc_column_text]Do\u011frusal sulama makineleri, merkez pivotun yapt\u0131\u011f\u0131 gibi merkezi bir nokta yerine tarlan\u0131z boyunca ileri geri hareket eder. Do\u011frusal, d\u00fcz bir \u00e7izgide, ileri veya geri hareket edebilir. Hareket kabiliyetleri, lineerleri a\u015fa\u011f\u0131dakiler i\u00e7in en verimli olanlardan biri yapar. msn, tipik olarak bir kare veya dikd\u00f6rtgen alan\u0131n y\u00fczde 92-98&#8217;ini sulayan \u00e7iftlik sulama sistemi. Do\u011frusallar ayr\u0131ca kemigasyon, g\u00fcbreleme ve \u00e7imlenmeye yard\u0131mc\u0131 olabilir ve di\u011fer sulama y\u00f6ntemleriyle olu\u015fabilecek s\u0131z\u0131nt\u0131y\u0131 azaltmaya yard\u0131mc\u0131 olabilir. K\u00fc\u00e7\u00fck, esnek do\u011frusal \u00e7izgiler genellikle uzun hortumlar \u00e7eker ve hortumu hareket ettirmeden tersine d\u00f6nme \u00f6zelli\u011fine sahiptir. Bu, lineerlerin birincil dezavantajlar\u0131ndan birinin \u00fcstesinden gelir &#8211; hortumu idare etmek ve ta\u015f\u0131mak i\u00e7in emek. Do\u011frusallar \u00e7o\u011fu durumda bu k\u00fc\u00e7\u00fck, d\u00fczensiz alanlara merkez pivotlar\u0131n (uygulama verimlili\u011fi ve b\u00fct\u00fcnl\u00fc\u011f\u00fc, maliyet etkinli\u011fi ve d\u00fc\u015f\u00fck i\u015f g\u00fcc\u00fc gereksinimleri) avantajlar\u0131n\u0131 getirebilir.[\/vc_column_text][\/vc_column][\/vc_row]<\/p>\n","protected":false},"author":1,"featured_media":0,"parent":0,"menu_order":0,"comment_status":"closed","ping_status":"closed","template":"","meta":{"two_page_speed":[],"footnotes":""},"class_list":["post-3155","page","type-page","status-publish","hentry"],"_links":{"self":[{"href":"https:\/\/afko.com.tr\/tr\/wp-json\/wp\/v2\/pages\/3155","targetHints":{"allow":["GET"]}}],"collection":[{"href":"https:\/\/afko.com.tr\/tr\/wp-json\/wp\/v2\/pages"}],"about":[{"href":"https:\/\/afko.com.tr\/tr\/wp-json\/wp\/v2\/types\/page"}],"author":[{"embeddable":true,"href":"https:\/\/afko.com.tr\/tr\/wp-json\/wp\/v2\/users\/1"}],"replies":[{"embeddable":true,"href":"https:\/\/afko.com.tr\/tr\/wp-json\/wp\/v2\/comments?post=3155"}],"version-history":[{"count":7,"href":"https:\/\/afko.com.tr\/tr\/wp-json\/wp\/v2\/pages\/3155\/revisions"}],"predecessor-version":[{"id":3950,"href":"https:\/\/afko.com.tr\/tr\/wp-json\/wp\/v2\/pages\/3155\/revisions\/3950"}],"wp:attachment":[{"href":"https:\/\/afko.com.tr\/tr\/wp-json\/wp\/v2\/media?parent=3155"}],"curies":[{"name":"wp","href":"https:\/\/api.w.org\/{rel}","templated":true}]}}