{"id":3168,"date":"2020-03-14T12:28:08","date_gmt":"2020-03-14T09:28:08","guid":{"rendered":"https:\/\/afko.com.tr\/?page_id=3168"},"modified":"2020-03-21T14:58:50","modified_gmt":"2020-03-21T11:58:50","slug":"damla-sulama","status":"publish","type":"page","link":"https:\/\/afko.com.tr\/tr\/damla-sulama\/","title":{"rendered":"Damla sulama"},"content":{"rendered":"<p>[vc_row][vc_column width=&#8221;1\/2&#8243;][vc_single_image image=&#8221;2683&#8243; img_size=&#8221;full&#8221; alignment=&#8221;center&#8221; el_id=&#8221;img_box-sh&#8221; el_class=&#8221;img_box-sh&#8221;][\/vc_column][vc_column width=&#8221;1\/2&#8243;][vc_single_image image=&#8221;3924&#8243; img_size=&#8221;full&#8221; alignment=&#8221;center&#8221; el_id=&#8221;img_box-sh&#8221; el_class=&#8221;img_box-sh&#8221;][\/vc_column][\/vc_row][vc_row][vc_column][vc_column_text]<span style=\"font-size: 18pt; color: #000000;\">Damla sulama bazen damlama sulama olarak adland\u0131r\u0131l\u0131r ve yay\u0131c\u0131 veya damlat\u0131c\u0131 ad\u0131 verilen \u00e7\u0131k\u0131\u015flara sahip k\u00fc\u00e7\u00fck \u00e7apl\u0131 plastik borular sisteminden \u00e7ok d\u00fc\u015f\u00fck oranlarda (2-20 litre \/ saat) topra\u011fa su damlatmay\u0131 i\u00e7erir. Su, bitkilerin yak\u0131n\u0131na uygulan\u0131r, b\u00f6ylece t\u00fcm toprak profilini \u0131slatmay\u0131 i\u00e7eren y\u00fczey ve ya\u011fmurlama sulamadan farkl\u0131 olarak, k\u00f6klerin b\u00fcy\u00fcd\u00fc\u011f\u00fc topra\u011f\u0131n bir k\u0131sm\u0131 \u0131slan\u0131r (\u015eekil 60). Damla sulama suyuyla, uygulamalar di\u011fer y\u00f6ntemlere g\u00f6re daha s\u0131kt\u0131r (genellikle her 1-3 g\u00fcnde bir) ve bu da bitkilerin geli\u015febilece\u011fi toprakta \u00e7ok uygun bir y\u00fcksek nem seviyesi sa\u011flar.<\/span>[\/vc_column_text][\/vc_column][\/vc_row][vc_row][vc_column width=&#8221;1\/2&#8243;][vc_single_image image=&#8221;2695&#8243; img_size=&#8221;full&#8221; alignment=&#8221;center&#8221; el_id=&#8221;img_box-sh&#8221; el_class=&#8221;img_box-sh&#8221;][\/vc_column][vc_column width=&#8221;1\/2&#8243;][vc_single_image image=&#8221;3930&#8243; img_size=&#8221;full&#8221; alignment=&#8221;center&#8221; el_id=&#8221;img_box-sh&#8221; el_class=&#8221;img_box-sh&#8221;][\/vc_column][\/vc_row]<\/p>\n","protected":false},"excerpt":{"rendered":"<p>[vc_row][vc_column width=&#8221;1\/2&#8243;][vc_single_image image=&#8221;2683&#8243; img_size=&#8221;full&#8221; alignment=&#8221;center&#8221; el_id=&#8221;img_box-sh&#8221; el_class=&#8221;img_box-sh&#8221;][\/vc_column][vc_column width=&#8221;1\/2&#8243;][vc_single_image image=&#8221;3924&#8243; img_size=&#8221;full&#8221; alignment=&#8221;center&#8221; el_id=&#8221;img_box-sh&#8221; el_class=&#8221;img_box-sh&#8221;][\/vc_column][\/vc_row][vc_row][vc_column][vc_column_text]Damla sulama bazen damlama sulama olarak adland\u0131r\u0131l\u0131r ve yay\u0131c\u0131 veya damlat\u0131c\u0131 ad\u0131 verilen \u00e7\u0131k\u0131\u015flara sahip k\u00fc\u00e7\u00fck \u00e7apl\u0131 plastik borular sisteminden \u00e7ok d\u00fc\u015f\u00fck oranlarda (2-20 litre \/ saat) topra\u011fa su damlatmay\u0131 i\u00e7erir. Su, bitkilerin yak\u0131n\u0131na uygulan\u0131r, b\u00f6ylece t\u00fcm toprak profilini \u0131slatmay\u0131 i\u00e7eren y\u00fczey ve ya\u011fmurlama sulamadan farkl\u0131 olarak, k\u00f6klerin b\u00fcy\u00fcd\u00fc\u011f\u00fc topra\u011f\u0131n bir k\u0131sm\u0131 \u0131slan\u0131r (\u015eekil 60). Damla sulama suyuyla, uygulamalar di\u011fer y\u00f6ntemlere g\u00f6re daha s\u0131kt\u0131r (genellikle her 1-3 g\u00fcnde bir) ve bu da bitkilerin geli\u015febilece\u011fi toprakta \u00e7ok uygun bir y\u00fcksek nem seviyesi sa\u011flar.[\/vc_column_text][\/vc_column][\/vc_row][vc_row][vc_column width=&#8221;1\/2&#8243;][vc_single_image image=&#8221;2695&#8243; img_size=&#8221;full&#8221; alignment=&#8221;center&#8221; el_id=&#8221;img_box-sh&#8221; el_class=&#8221;img_box-sh&#8221;][\/vc_column][vc_column width=&#8221;1\/2&#8243;][vc_single_image image=&#8221;3930&#8243; img_size=&#8221;full&#8221; alignment=&#8221;center&#8221; el_id=&#8221;img_box-sh&#8221; el_class=&#8221;img_box-sh&#8221;][\/vc_column][\/vc_row]<\/p>\n","protected":false},"author":1,"featured_media":0,"parent":0,"menu_order":0,"comment_status":"closed","ping_status":"closed","template":"","meta":{"two_page_speed":[],"footnotes":""},"class_list":["post-3168","page","type-page","status-publish","hentry"],"_links":{"self":[{"href":"https:\/\/afko.com.tr\/tr\/wp-json\/wp\/v2\/pages\/3168","targetHints":{"allow":["GET"]}}],"collection":[{"href":"https:\/\/afko.com.tr\/tr\/wp-json\/wp\/v2\/pages"}],"about":[{"href":"https:\/\/afko.com.tr\/tr\/wp-json\/wp\/v2\/types\/page"}],"author":[{"embeddable":true,"href":"https:\/\/afko.com.tr\/tr\/wp-json\/wp\/v2\/users\/1"}],"replies":[{"embeddable":true,"href":"https:\/\/afko.com.tr\/tr\/wp-json\/wp\/v2\/comments?post=3168"}],"version-history":[{"count":4,"href":"https:\/\/afko.com.tr\/tr\/wp-json\/wp\/v2\/pages\/3168\/revisions"}],"predecessor-version":[{"id":3956,"href":"https:\/\/afko.com.tr\/tr\/wp-json\/wp\/v2\/pages\/3168\/revisions\/3956"}],"wp:attachment":[{"href":"https:\/\/afko.com.tr\/tr\/wp-json\/wp\/v2\/media?parent=3168"}],"curies":[{"name":"wp","href":"https:\/\/api.w.org\/{rel}","templated":true}]}}