{"id":3174,"date":"2020-03-14T12:29:27","date_gmt":"2020-03-14T09:29:27","guid":{"rendered":"https:\/\/afko.com.tr\/?page_id=3174"},"modified":"2020-03-21T15:03:15","modified_gmt":"2020-03-21T12:03:15","slug":"yagmurlama-sulama","status":"publish","type":"page","link":"https:\/\/afko.com.tr\/tr\/yagmurlama-sulama\/","title":{"rendered":"Ya\u011fmurlama sulama"},"content":{"rendered":"<p>[vc_row][vc_column width=&#8221;1\/2&#8243;][vc_single_image image=&#8221;2565&#8243; img_size=&#8221;medium&#8221; alignment=&#8221;center&#8221;][\/vc_column][vc_column width=&#8221;1\/2&#8243;][vc_single_image image=&#8221;2586&#8243; img_size=&#8221;medium&#8221; alignment=&#8221;center&#8221;][\/vc_column][\/vc_row][vc_row][vc_column width=&#8221;1\/2&#8243;][vc_single_image image=&#8221;2569&#8243; img_size=&#8221;medium&#8221; alignment=&#8221;center&#8221;][\/vc_column][vc_column width=&#8221;1\/2&#8243;][vc_single_image image=&#8221;2573&#8243; img_size=&#8221;medium&#8221; alignment=&#8221;center&#8221;][\/vc_column][\/vc_row][vc_row][vc_column width=&#8221;1\/2&#8243;][vc_single_image image=&#8221;2577&#8243; img_size=&#8221;medium&#8221; alignment=&#8221;center&#8221;][\/vc_column][vc_column width=&#8221;1\/2&#8243;][vc_single_image image=&#8221;2581&#8243; img_size=&#8221;medium&#8221; alignment=&#8221;center&#8221;][\/vc_column][\/vc_row][vc_row][vc_column width=&#8221;1\/2&#8243;][vc_single_image image=&#8221;2647&#8243; img_size=&#8221;medium&#8221; alignment=&#8221;center&#8221;][\/vc_column][vc_column width=&#8221;1\/2&#8243;][vc_single_image image=&#8221;2643&#8243; img_size=&#8221;medium&#8221; alignment=&#8221;center&#8221;][\/vc_column][\/vc_row][vc_row][vc_column][vc_column_text]<\/p>\n<p style=\"text-align: center;\"><span style=\"font-size: 18pt; color: #000000;\">Sprinkler sprey sprinkler sistemleri, yerle\u015fim alanlar\u0131 gibi daha k\u00fc\u00e7\u00fck uygulamalar i\u00e7in m\u00fckemmel bir se\u00e7enektir. Aksi belirtilmedik\u00e7e, nozullar p\u00fcsk\u00fcrtme g\u00f6vdesinden ayr\u0131 olarak sat\u0131l\u0131r. Bu, her p\u00fcsk\u00fcrtme ba\u015fl\u0131\u011f\u0131 i\u00e7in sprey desenlerini, manzaralar\u0131n\u0131z\u0131n \u00f6zel d\u00fczeniyle e\u015fle\u015ftirerek \u00f6zel olarak se\u00e7menize olanak tan\u0131r. Ya\u011fmurlama Sulama Sistemleri, \u00e7ok \u00e7e\u015fitli \u00fcreticilerden \u00e7ok \u00e7e\u015fitli p\u00fcsk\u00fcrtme ba\u015fl\u0131klar\u0131 ve nozullar sunar.<\/span><br \/>\n<span style=\"font-size: 18pt; color: #000000;\">Ya\u011fmurlama sulama do\u011fal ya\u011f\u0131\u015fa benzer sulama suyu uygulama y\u00f6ntemidir. Su, genellikle pompalanarak bir boru sistemi yoluyla da\u011f\u0131t\u0131l\u0131r. Daha sonra, f\u0131skiyelerle havaya p\u00fcsk\u00fcrt\u00fcl\u00fcr, b\u00f6ylece yere d\u00fc\u015fen k\u00fc\u00e7\u00fck su damlalar\u0131na ayr\u0131l\u0131r. Pompa besleme sistemi, sprinkler sistemleri ve \u00e7al\u0131\u015fma ko\u015fullar\u0131, muntazam bir su uygulamas\u0131 sa\u011flayacak \u015fekilde tasarlanmal\u0131d\u0131r.<\/span><\/p>\n<p>[\/vc_column_text][\/vc_column][\/vc_row][vc_row][vc_column width=&#8221;1\/2&#8243;][vc_single_image image=&#8221;2660&#8243; img_size=&#8221;full&#8221; alignment=&#8221;center&#8221; el_id=&#8221;img_box-sh&#8221; el_class=&#8221;img_box-sh&#8221;][\/vc_column][vc_column width=&#8221;1\/2&#8243;][vc_single_image image=&#8221;2652&#8243; img_size=&#8221;full&#8221; alignment=&#8221;center&#8221; el_id=&#8221;img_box-sh&#8221; el_class=&#8221;img_box-sh&#8221;][\/vc_column][\/vc_row]<\/p>\n","protected":false},"excerpt":{"rendered":"<p>[vc_row][vc_column width=&#8221;1\/2&#8243;][vc_single_image image=&#8221;2565&#8243; img_size=&#8221;medium&#8221; alignment=&#8221;center&#8221;][\/vc_column][vc_column width=&#8221;1\/2&#8243;][vc_single_image image=&#8221;2586&#8243; img_size=&#8221;medium&#8221; alignment=&#8221;center&#8221;][\/vc_column][\/vc_row][vc_row][vc_column width=&#8221;1\/2&#8243;][vc_single_image image=&#8221;2569&#8243; img_size=&#8221;medium&#8221; alignment=&#8221;center&#8221;][\/vc_column][vc_column width=&#8221;1\/2&#8243;][vc_single_image image=&#8221;2573&#8243; img_size=&#8221;medium&#8221; alignment=&#8221;center&#8221;][\/vc_column][\/vc_row][vc_row][vc_column width=&#8221;1\/2&#8243;][vc_single_image image=&#8221;2577&#8243; img_size=&#8221;medium&#8221; alignment=&#8221;center&#8221;][\/vc_column][vc_column width=&#8221;1\/2&#8243;][vc_single_image image=&#8221;2581&#8243; img_size=&#8221;medium&#8221; alignment=&#8221;center&#8221;][\/vc_column][\/vc_row][vc_row][vc_column width=&#8221;1\/2&#8243;][vc_single_image image=&#8221;2647&#8243; img_size=&#8221;medium&#8221; alignment=&#8221;center&#8221;][\/vc_column][vc_column width=&#8221;1\/2&#8243;][vc_single_image image=&#8221;2643&#8243; img_size=&#8221;medium&#8221; alignment=&#8221;center&#8221;][\/vc_column][\/vc_row][vc_row][vc_column][vc_column_text] Sprinkler sprey sprinkler sistemleri, yerle\u015fim alanlar\u0131 gibi daha k\u00fc\u00e7\u00fck uygulamalar i\u00e7in m\u00fckemmel bir se\u00e7enektir. Aksi belirtilmedik\u00e7e, nozullar p\u00fcsk\u00fcrtme g\u00f6vdesinden ayr\u0131 olarak sat\u0131l\u0131r. Bu, her p\u00fcsk\u00fcrtme ba\u015fl\u0131\u011f\u0131 i\u00e7in sprey desenlerini, manzaralar\u0131n\u0131z\u0131n \u00f6zel d\u00fczeniyle e\u015fle\u015ftirerek \u00f6zel olarak se\u00e7menize olanak tan\u0131r. Ya\u011fmurlama Sulama Sistemleri, \u00e7ok \u00e7e\u015fitli \u00fcreticilerden \u00e7ok \u00e7e\u015fitli p\u00fcsk\u00fcrtme ba\u015fl\u0131klar\u0131 ve nozullar sunar. Ya\u011fmurlama sulama do\u011fal ya\u011f\u0131\u015fa benzer sulama suyu uygulama y\u00f6ntemidir. Su, genellikle pompalanarak bir boru sistemi yoluyla da\u011f\u0131t\u0131l\u0131r. Daha sonra, f\u0131skiyelerle havaya p\u00fcsk\u00fcrt\u00fcl\u00fcr, b\u00f6ylece yere d\u00fc\u015fen k\u00fc\u00e7\u00fck su damlalar\u0131na ayr\u0131l\u0131r. Pompa besleme sistemi, sprinkler sistemleri ve \u00e7al\u0131\u015fma ko\u015fullar\u0131, muntazam bir su uygulamas\u0131 sa\u011flayacak \u015fekilde tasarlanmal\u0131d\u0131r. [\/vc_column_text][\/vc_column][\/vc_row][vc_row][vc_column width=&#8221;1\/2&#8243;][vc_single_image image=&#8221;2660&#8243; img_size=&#8221;full&#8221; alignment=&#8221;center&#8221; el_id=&#8221;img_box-sh&#8221; el_class=&#8221;img_box-sh&#8221;][\/vc_column][vc_column width=&#8221;1\/2&#8243;][vc_single_image image=&#8221;2652&#8243; img_size=&#8221;full&#8221; alignment=&#8221;center&#8221; el_id=&#8221;img_box-sh&#8221; el_class=&#8221;img_box-sh&#8221;][\/vc_column][\/vc_row]<\/p>\n","protected":false},"author":1,"featured_media":0,"parent":0,"menu_order":0,"comment_status":"closed","ping_status":"closed","template":"","meta":{"two_page_speed":[],"footnotes":""},"class_list":["post-3174","page","type-page","status-publish","hentry"],"_links":{"self":[{"href":"https:\/\/afko.com.tr\/tr\/wp-json\/wp\/v2\/pages\/3174","targetHints":{"allow":["GET"]}}],"collection":[{"href":"https:\/\/afko.com.tr\/tr\/wp-json\/wp\/v2\/pages"}],"about":[{"href":"https:\/\/afko.com.tr\/tr\/wp-json\/wp\/v2\/types\/page"}],"author":[{"embeddable":true,"href":"https:\/\/afko.com.tr\/tr\/wp-json\/wp\/v2\/users\/1"}],"replies":[{"embeddable":true,"href":"https:\/\/afko.com.tr\/tr\/wp-json\/wp\/v2\/comments?post=3174"}],"version-history":[{"count":5,"href":"https:\/\/afko.com.tr\/tr\/wp-json\/wp\/v2\/pages\/3174\/revisions"}],"predecessor-version":[{"id":3959,"href":"https:\/\/afko.com.tr\/tr\/wp-json\/wp\/v2\/pages\/3174\/revisions\/3959"}],"wp:attachment":[{"href":"https:\/\/afko.com.tr\/tr\/wp-json\/wp\/v2\/media?parent=3174"}],"curies":[{"name":"wp","href":"https:\/\/api.w.org\/{rel}","templated":true}]}}