{"id":3184,"date":"2020-03-14T12:32:00","date_gmt":"2020-03-14T09:32:00","guid":{"rendered":"https:\/\/afko.com.tr\/?page_id=3184"},"modified":"2020-03-23T14:39:10","modified_gmt":"2020-03-23T11:39:10","slug":"yagmurlama-secenegi","status":"publish","type":"page","link":"https:\/\/afko.com.tr\/tr\/yagmurlama-secenegi\/","title":{"rendered":"Ya\u011fmurlama se\u00e7ene\u011fi"},"content":{"rendered":"<p>[vc_row][vc_column width=&#8221;1\/2&#8243;][vc_single_image image=&#8221;2809&#8243; img_size=&#8221;full&#8221; alignment=&#8221;center&#8221;][\/vc_column][vc_column width=&#8221;1\/2&#8243;][vc_single_image image=&#8221;2814&#8243; img_size=&#8221;full&#8221; alignment=&#8221;center&#8221;][\/vc_column][\/vc_row][vc_row][vc_column][vc_column_text]<\/p>\n<p style=\"text-align: center;\"><span style=\"font-size: 18pt; color: #42b349;\">YA\u011eMURLAMA-SE\u00c7ENEKLER<\/span><\/p>\n<p style=\"text-align: center;\"><span style=\"font-weight: 400; font-size: 14pt; color: #000000;\">Suyun \u00fcr\u00fcn gereksinimlerinize en iyi \u015fekilde uygulanmas\u0131 kritiktir. Bu nedenle Afko, sprinkler paketleri ve son \u00e7al\u0131\u015ft\u0131rma se\u00e7enekleriyle ilgili en son yenilikleri sunar. Nelson \u00fcr\u00fcnleri. Senninger ve Komet, ihtiya\u00e7lar\u0131n\u0131za ve \u00f6zelliklerinize g\u00f6re \u00f6zel olarak yap\u0131land\u0131r\u0131lm\u0131\u015ft\u0131r<\/span><\/p>\n<p>[\/vc_column_text][\/vc_column][\/vc_row][vc_row el_class=&#8221;desc&#8221;][vc_column width=&#8221;1\/6&#8243;][vc_single_image image=&#8221;2869&#8243; img_size=&#8221;medium&#8221; alignment=&#8221;center&#8221;][\/vc_column][vc_column width=&#8221;1\/6&#8243;][vc_single_image image=&#8221;2881&#8243; img_size=&#8221;medium&#8221; alignment=&#8221;center&#8221;][\/vc_column][vc_column width=&#8221;1\/6&#8243;][vc_single_image image=&#8221;2861&#8243; img_size=&#8221;medium&#8221; alignment=&#8221;center&#8221;][\/vc_column][vc_column width=&#8221;1\/6&#8243;][vc_single_image image=&#8221;2865&#8243; img_size=&#8221;medium&#8221; alignment=&#8221;center&#8221;][\/vc_column][vc_column width=&#8221;1\/6&#8243;][vc_single_image image=&#8221;2877&#8243; img_size=&#8221;medium&#8221; alignment=&#8221;center&#8221; el_class=&#8221;desc&#8221; el_id=&#8221;desc&#8221; css=&#8221;.vc_custom_1583941664320{border-radius: 35px !important;}&#8221;][\/vc_column][vc_column width=&#8221;1\/6&#8243;][vc_single_image image=&#8221;2873&#8243; img_size=&#8221;medium&#8221; alignment=&#8221;center&#8221; css=&#8221;.vc_custom_1584092644390{border-radius: 25px !important;}&#8221;][\/vc_column][\/vc_row][vc_row el_class=&#8221;desc&#8221;][vc_column width=&#8221;1\/3&#8243;][vc_single_image image=&#8221;3980&#8243; img_size=&#8221;medium&#8221; alignment=&#8221;center&#8221;][\/vc_column][vc_column width=&#8221;1\/3&#8243;][vc_single_image image=&#8221;2917&#8243; img_size=&#8221;full&#8221; alignment=&#8221;center&#8221;][\/vc_column][vc_column width=&#8221;1\/3&#8243;][vc_single_image image=&#8221;3976&#8243; img_size=&#8221;full&#8221; alignment=&#8221;center&#8221;][\/vc_column][\/vc_row]<\/p>\n","protected":false},"excerpt":{"rendered":"<p>[vc_row][vc_column width=&#8221;1\/2&#8243;][vc_single_image image=&#8221;2809&#8243; img_size=&#8221;full&#8221; alignment=&#8221;center&#8221;][\/vc_column][vc_column width=&#8221;1\/2&#8243;][vc_single_image image=&#8221;2814&#8243; img_size=&#8221;full&#8221; alignment=&#8221;center&#8221;][\/vc_column][\/vc_row][vc_row][vc_column][vc_column_text] YA\u011eMURLAMA-SE\u00c7ENEKLER Suyun \u00fcr\u00fcn gereksinimlerinize en iyi \u015fekilde uygulanmas\u0131 kritiktir. Bu nedenle Afko, sprinkler paketleri ve son \u00e7al\u0131\u015ft\u0131rma se\u00e7enekleriyle ilgili en son yenilikleri sunar. Nelson \u00fcr\u00fcnleri. Senninger ve Komet, ihtiya\u00e7lar\u0131n\u0131za ve \u00f6zelliklerinize g\u00f6re \u00f6zel olarak yap\u0131land\u0131r\u0131lm\u0131\u015ft\u0131r [\/vc_column_text][\/vc_column][\/vc_row][vc_row el_class=&#8221;desc&#8221;][vc_column width=&#8221;1\/6&#8243;][vc_single_image image=&#8221;2869&#8243; img_size=&#8221;medium&#8221; alignment=&#8221;center&#8221;][\/vc_column][vc_column width=&#8221;1\/6&#8243;][vc_single_image image=&#8221;2881&#8243; img_size=&#8221;medium&#8221; alignment=&#8221;center&#8221;][\/vc_column][vc_column width=&#8221;1\/6&#8243;][vc_single_image image=&#8221;2861&#8243; img_size=&#8221;medium&#8221; alignment=&#8221;center&#8221;][\/vc_column][vc_column width=&#8221;1\/6&#8243;][vc_single_image image=&#8221;2865&#8243; img_size=&#8221;medium&#8221; alignment=&#8221;center&#8221;][\/vc_column][vc_column width=&#8221;1\/6&#8243;][vc_single_image image=&#8221;2877&#8243; img_size=&#8221;medium&#8221; alignment=&#8221;center&#8221; el_class=&#8221;desc&#8221; el_id=&#8221;desc&#8221; css=&#8221;.vc_custom_1583941664320{border-radius: 35px !important;}&#8221;][\/vc_column][vc_column width=&#8221;1\/6&#8243;][vc_single_image image=&#8221;2873&#8243; img_size=&#8221;medium&#8221; alignment=&#8221;center&#8221; css=&#8221;.vc_custom_1584092644390{border-radius: 25px !important;}&#8221;][\/vc_column][\/vc_row][vc_row el_class=&#8221;desc&#8221;][vc_column width=&#8221;1\/3&#8243;][vc_single_image image=&#8221;3980&#8243; img_size=&#8221;medium&#8221; alignment=&#8221;center&#8221;][\/vc_column][vc_column width=&#8221;1\/3&#8243;][vc_single_image image=&#8221;2917&#8243; img_size=&#8221;full&#8221; alignment=&#8221;center&#8221;][\/vc_column][vc_column width=&#8221;1\/3&#8243;][vc_single_image image=&#8221;3976&#8243; img_size=&#8221;full&#8221; alignment=&#8221;center&#8221;][\/vc_column][\/vc_row]<\/p>\n","protected":false},"author":1,"featured_media":0,"parent":0,"menu_order":0,"comment_status":"closed","ping_status":"closed","template":"","meta":{"two_page_speed":[],"footnotes":""},"class_list":["post-3184","page","type-page","status-publish","hentry"],"_links":{"self":[{"href":"https:\/\/afko.com.tr\/tr\/wp-json\/wp\/v2\/pages\/3184","targetHints":{"allow":["GET"]}}],"collection":[{"href":"https:\/\/afko.com.tr\/tr\/wp-json\/wp\/v2\/pages"}],"about":[{"href":"https:\/\/afko.com.tr\/tr\/wp-json\/wp\/v2\/types\/page"}],"author":[{"embeddable":true,"href":"https:\/\/afko.com.tr\/tr\/wp-json\/wp\/v2\/users\/1"}],"replies":[{"embeddable":true,"href":"https:\/\/afko.com.tr\/tr\/wp-json\/wp\/v2\/comments?post=3184"}],"version-history":[{"count":6,"href":"https:\/\/afko.com.tr\/tr\/wp-json\/wp\/v2\/pages\/3184\/revisions"}],"predecessor-version":[{"id":3985,"href":"https:\/\/afko.com.tr\/tr\/wp-json\/wp\/v2\/pages\/3184\/revisions\/3985"}],"wp:attachment":[{"href":"https:\/\/afko.com.tr\/tr\/wp-json\/wp\/v2\/media?parent=3184"}],"curies":[{"name":"wp","href":"https:\/\/api.w.org\/{rel}","templated":true}]}}