{"id":3205,"date":"2020-03-14T12:40:33","date_gmt":"2020-03-14T09:40:33","guid":{"rendered":"https:\/\/afko.com.tr\/?page_id=3205"},"modified":"2020-03-14T12:42:43","modified_gmt":"2020-03-14T09:42:43","slug":"endustriyel-urunler","status":"publish","type":"page","link":"https:\/\/afko.com.tr\/tr\/endustriyel-urunler\/","title":{"rendered":"End\u00fcstriyel \u00dcr\u00fcnler"},"content":{"rendered":"","protected":false},"excerpt":{"rendered":"","protected":false},"author":1,"featured_media":0,"parent":0,"menu_order":0,"comment_status":"closed","ping_status":"closed","template":"","meta":{"two_page_speed":[],"footnotes":""},"class_list":["post-3205","page","type-page","status-publish","hentry"],"_links":{"self":[{"href":"https:\/\/afko.com.tr\/tr\/wp-json\/wp\/v2\/pages\/3205","targetHints":{"allow":["GET"]}}],"collection":[{"href":"https:\/\/afko.com.tr\/tr\/wp-json\/wp\/v2\/pages"}],"about":[{"href":"https:\/\/afko.com.tr\/tr\/wp-json\/wp\/v2\/types\/page"}],"author":[{"embeddable":true,"href":"https:\/\/afko.com.tr\/tr\/wp-json\/wp\/v2\/users\/1"}],"replies":[{"embeddable":true,"href":"https:\/\/afko.com.tr\/tr\/wp-json\/wp\/v2\/comments?post=3205"}],"version-history":[{"count":3,"href":"https:\/\/afko.com.tr\/tr\/wp-json\/wp\/v2\/pages\/3205\/revisions"}],"predecessor-version":[{"id":3220,"href":"https:\/\/afko.com.tr\/tr\/wp-json\/wp\/v2\/pages\/3205\/revisions\/3220"}],"wp:attachment":[{"href":"https:\/\/afko.com.tr\/tr\/wp-json\/wp\/v2\/media?parent=3205"}],"curies":[{"name":"wp","href":"https:\/\/api.w.org\/{rel}","templated":true}]}}