{"id":3278,"date":"2020-03-14T12:50:42","date_gmt":"2020-03-14T09:50:42","guid":{"rendered":"https:\/\/afko.com.tr\/?page_id=3278"},"modified":"2020-03-25T12:44:08","modified_gmt":"2020-03-25T09:44:08","slug":"kolektor-yuzuk","status":"publish","type":"page","link":"https:\/\/afko.com.tr\/tr\/kolektor-yuzuk\/","title":{"rendered":"KOLEKT\u00d6R Y\u00dcZ\u00dcK"},"content":{"rendered":"<p>[vc_row][vc_column][vc_single_image image=&#8221;2487&#8243; img_size=&#8221;full&#8221; alignment=&#8221;center&#8221;][vc_column_text]<span style=\"color: #000000;\">[vc_row][vc_column width=&#8221;1\/1&#8243;][vc_column_text]<span style=\"font-size: 18pt; color: #000000;\">S\u00fcrekli g\u00fc\u00e7 ve sinyal sa\u011flamak i\u00e7in kapal\u0131 kolekt\u00f6r halkas\u0131<\/span><\/span><br \/>\n<span style=\"font-size: 18pt; color: #000000;\">merkez pivot sulamada motorlara ve kontrollere gerilim<\/span><br \/>\n<span style=\"font-size: 18pt; color: #000000;\">sistemler.<\/span><\/p>\n<p><span style=\"font-size: 18pt; color: #000000;\">\u2022 Kablolar kolay i\u00e7in numaraland\u0131r\u0131lm\u0131\u015f ve renk kodludur<\/span><br \/>\n<span style=\"font-size: 18pt; color: #000000;\">kimlik.<\/span><\/p>\n<p><span style=\"font-size: 18pt; color: #000000;\">\u2022 Tabandaki greslenebilir yatak, \u015faft tutuklu\u011funu durdurur<\/span><\/p>\n<p><span style=\"font-size: 18pt; color: #000000;\">\u2022 A\u011f\u0131r hizmet tipi d\u00f6kme al\u00fcminyum taban, daha dayan\u0131kl\u0131d\u0131r<\/span><br \/>\n<span style=\"font-size: 18pt; color: #000000;\">plastik taban.<\/span><\/p>\n<p><span style=\"font-size: 18pt; color: #000000;\">\u2022 Yeni uzun UV stabilize kapak, 14 halkaya kadar izin verir<\/span>[\/vc_column_text][vc_single_image image=&#8221;4020&#8243; img_size=&#8221;full&#8221; alignment=&#8221;center&#8221;][\/vc_column][\/vc_row]<\/p>\n","protected":false},"excerpt":{"rendered":"<p>[vc_row][vc_column][vc_single_image image=&#8221;2487&#8243; img_size=&#8221;full&#8221; alignment=&#8221;center&#8221;][vc_column_text][vc_row][vc_column width=&#8221;1\/1&#8243;][vc_column_text]S\u00fcrekli g\u00fc\u00e7 ve sinyal sa\u011flamak i\u00e7in kapal\u0131 kolekt\u00f6r halkas\u0131 merkez pivot sulamada motorlara ve kontrollere gerilim sistemler. \u2022 Kablolar kolay i\u00e7in numaraland\u0131r\u0131lm\u0131\u015f ve renk kodludur kimlik. \u2022 Tabandaki greslenebilir yatak, \u015faft tutuklu\u011funu durdurur \u2022 A\u011f\u0131r hizmet tipi d\u00f6kme al\u00fcminyum taban, daha dayan\u0131kl\u0131d\u0131r plastik taban. \u2022 Yeni uzun UV stabilize kapak, 14 halkaya kadar izin verir[\/vc_column_text][vc_single_image image=&#8221;4020&#8243; img_size=&#8221;full&#8221; alignment=&#8221;center&#8221;][\/vc_column][\/vc_row]<\/p>\n","protected":false},"author":1,"featured_media":0,"parent":0,"menu_order":0,"comment_status":"closed","ping_status":"closed","template":"","meta":{"two_page_speed":[],"footnotes":""},"class_list":["post-3278","page","type-page","status-publish","hentry"],"_links":{"self":[{"href":"https:\/\/afko.com.tr\/tr\/wp-json\/wp\/v2\/pages\/3278","targetHints":{"allow":["GET"]}}],"collection":[{"href":"https:\/\/afko.com.tr\/tr\/wp-json\/wp\/v2\/pages"}],"about":[{"href":"https:\/\/afko.com.tr\/tr\/wp-json\/wp\/v2\/types\/page"}],"author":[{"embeddable":true,"href":"https:\/\/afko.com.tr\/tr\/wp-json\/wp\/v2\/users\/1"}],"replies":[{"embeddable":true,"href":"https:\/\/afko.com.tr\/tr\/wp-json\/wp\/v2\/comments?post=3278"}],"version-history":[{"count":5,"href":"https:\/\/afko.com.tr\/tr\/wp-json\/wp\/v2\/pages\/3278\/revisions"}],"predecessor-version":[{"id":4028,"href":"https:\/\/afko.com.tr\/tr\/wp-json\/wp\/v2\/pages\/3278\/revisions\/4028"}],"wp:attachment":[{"href":"https:\/\/afko.com.tr\/tr\/wp-json\/wp\/v2\/media?parent=3278"}],"curies":[{"name":"wp","href":"https:\/\/api.w.org\/{rel}","templated":true}]}}