{"id":3302,"date":"2020-03-14T12:52:51","date_gmt":"2020-03-14T09:52:51","guid":{"rendered":"https:\/\/afko.com.tr\/?page_id=3302"},"modified":"2020-03-25T17:13:37","modified_gmt":"2020-03-25T14:13:37","slug":"disli-kutulari","status":"publish","type":"page","link":"https:\/\/afko.com.tr\/tr\/disli-kutulari\/","title":{"rendered":"Di\u015fli kutular\u0131"},"content":{"rendered":"<p>[vc_row][vc_column width=&#8221;1\/3&#8243;][vc_empty_space][vc_empty_space][vc_single_image image=&#8221;4139&#8243; img_size=&#8221;full&#8221; alignment=&#8221;center&#8221;][\/vc_column][vc_column width=&#8221;1\/3&#8243;][vc_empty_space][vc_empty_space][vc_single_image image=&#8221;2481&#8243; img_size=&#8221;full&#8221; alignment=&#8221;center&#8221;][\/vc_column][vc_column width=&#8221;1\/3&#8243;][vc_single_image image=&#8221;4135&#8243; img_size=&#8221;full&#8221; alignment=&#8221;center&#8221;][\/vc_column][\/vc_row][vc_row][vc_column][vc_column_text]<\/p>\n<p style=\"text-align: center;\"><span style=\"font-size: 14pt; color: #000000;\"><strong>AFKO<\/strong>\u00ae <strong>Vites Kutusu ( Gearbox )<\/strong><\/span><\/p>\n<p style=\"text-align: center;\"><span style=\"font-size: 14pt; color: #000000;\">AFKO \u00aeVites kutusu G\u00fcn\u00fcm\u00fcz\u00fcn en zorlu b\u00fcy\u00fcme ko\u015fullar\u0131nda \u00e7al\u0131\u015facak \u015fekilde tasarlanm\u0131\u015f ve \u00fcretilmi\u015ftir.<\/span><\/p>\n<p style=\"text-align: center;\"><span style=\"font-size: 14pt; color: #000000;\">Daha g\u00fc\u00e7l\u00fc, daha a\u011f\u0131r sonsuz di\u015fli \u00f6nceden y\u00fcklenmi\u015f sonsuz di\u015fli ve ya\u011f\u0131n girmesini ve sorunlar\u0131n\u0131 d\u0131\u015far\u0131da tutan yeni patentli mil contalar\u0131m\u0131z vard\u0131r.<\/span><\/p>\n<p style=\"text-align: center;\"><span style=\"font-size: 14pt; color: #000000;\">A\u011f\u0131r hizmet tipi bronz bo\u011fa di\u015fli, a\u015f\u0131r\u0131 uygulamalar i\u00e7in mevcut bir se\u00e7enektir.<\/span><\/p>\n<p style=\"text-align: center;\"><span style=\"font-size: 14pt; color: #000000;\">En uzun g\u00fcn uzunluklar\u0131n\u0131 kar\u015f\u0131lamak i\u00e7in tasarlanm\u0131\u015ft\u0131r.<\/span><\/p>\n<p style=\"text-align: center;\"><span style=\"font-size: 14pt; color: #000000;\">Her bile\u015fen, toprak ve lastik kombinasyonlar\u0131n\u0131z\u0131n gerektirdi\u011fi tork gereksinimlerini kar\u015f\u0131lamak \u00fczere tasarlanm\u0131\u015ft\u0131r.<\/span><\/p>\n<p><span style=\"font-size: 14pt; color: #000000;\"><strong>\u00d6zellikler<\/strong><\/span><\/p>\n<ul>\n<li><span style=\"font-size: 14pt; color: #000000;\">Maksimum tork 75.000 in\u00e7 \/ lbs olarak derecelendirilmi\u015ftir.<\/span>\n<ul>\n<li><span style=\"font-size: 14pt; color: #000000;\">\u00c7ift giri\u015fli, s\u0131cak d\u00f6vme \u00e7elik sonsuz di\u015fli.<\/span><\/li>\n<li><span style=\"font-size: 14pt; color: #000000;\">2-1\u20444 \u2033 \u00e7\u0131k\u0131\u015f mili.<\/span><\/li>\n<li><span style=\"font-size: 14pt; color: #000000;\">\u00c7ift giri\u015f ve \u00e7\u0131k\u0131\u015f contalar\u0131.<\/span><\/li>\n<li><span style=\"font-size: 14pt; color: #000000;\">B\u00fcy\u00fck giri\u015f yataklar\u0131 ve g\u00fc\u00e7lendirilmi\u015f g\u00f6vde.<\/span><\/li>\n<li><span style=\"font-size: 14pt; color: #000000;\">Paslanmaz \u00e7elik k\u00f6r\u00fckl\u00fc tip genle\u015fme odas\u0131<\/span><\/li>\n<\/ul>\n<\/li>\n<\/ul>\n<p>[\/vc_column_text][\/vc_column][\/vc_row][vc_row][vc_column][vc_single_image image=&#8221;4156&#8243; img_size=&#8221;full&#8221; alignment=&#8221;center&#8221;][\/vc_column][\/vc_row]<\/p>\n","protected":false},"excerpt":{"rendered":"<p>[vc_row][vc_column width=&#8221;1\/3&#8243;][vc_empty_space][vc_empty_space][vc_single_image image=&#8221;4139&#8243; img_size=&#8221;full&#8221; alignment=&#8221;center&#8221;][\/vc_column][vc_column width=&#8221;1\/3&#8243;][vc_empty_space][vc_empty_space][vc_single_image image=&#8221;2481&#8243; img_size=&#8221;full&#8221; alignment=&#8221;center&#8221;][\/vc_column][vc_column width=&#8221;1\/3&#8243;][vc_single_image image=&#8221;4135&#8243; img_size=&#8221;full&#8221; alignment=&#8221;center&#8221;][\/vc_column][\/vc_row][vc_row][vc_column][vc_column_text] AFKO\u00ae Vites Kutusu ( Gearbox ) AFKO \u00aeVites kutusu G\u00fcn\u00fcm\u00fcz\u00fcn en zorlu b\u00fcy\u00fcme ko\u015fullar\u0131nda \u00e7al\u0131\u015facak \u015fekilde tasarlanm\u0131\u015f ve \u00fcretilmi\u015ftir. Daha g\u00fc\u00e7l\u00fc, daha a\u011f\u0131r sonsuz di\u015fli \u00f6nceden y\u00fcklenmi\u015f sonsuz di\u015fli ve ya\u011f\u0131n girmesini ve sorunlar\u0131n\u0131 d\u0131\u015far\u0131da tutan yeni patentli mil contalar\u0131m\u0131z vard\u0131r. A\u011f\u0131r hizmet tipi bronz bo\u011fa di\u015fli, a\u015f\u0131r\u0131 uygulamalar i\u00e7in mevcut bir se\u00e7enektir. En uzun g\u00fcn uzunluklar\u0131n\u0131 kar\u015f\u0131lamak i\u00e7in tasarlanm\u0131\u015ft\u0131r. Her bile\u015fen, toprak ve lastik kombinasyonlar\u0131n\u0131z\u0131n gerektirdi\u011fi tork gereksinimlerini kar\u015f\u0131lamak \u00fczere tasarlanm\u0131\u015ft\u0131r. \u00d6zellikler Maksimum tork 75.000 in\u00e7 \/ lbs olarak derecelendirilmi\u015ftir. \u00c7ift giri\u015fli, s\u0131cak d\u00f6vme \u00e7elik sonsuz di\u015fli. 2-1\u20444 \u2033 \u00e7\u0131k\u0131\u015f mili. \u00c7ift giri\u015f ve \u00e7\u0131k\u0131\u015f contalar\u0131. B\u00fcy\u00fck giri\u015f yataklar\u0131 ve g\u00fc\u00e7lendirilmi\u015f g\u00f6vde. Paslanmaz \u00e7elik k\u00f6r\u00fckl\u00fc tip genle\u015fme odas\u0131 [\/vc_column_text][\/vc_column][\/vc_row][vc_row][vc_column][vc_single_image image=&#8221;4156&#8243; img_size=&#8221;full&#8221; alignment=&#8221;center&#8221;][\/vc_column][\/vc_row]<\/p>\n","protected":false},"author":1,"featured_media":0,"parent":0,"menu_order":0,"comment_status":"closed","ping_status":"closed","template":"","meta":{"two_page_speed":[],"footnotes":""},"class_list":["post-3302","page","type-page","status-publish","hentry"],"_links":{"self":[{"href":"https:\/\/afko.com.tr\/tr\/wp-json\/wp\/v2\/pages\/3302","targetHints":{"allow":["GET"]}}],"collection":[{"href":"https:\/\/afko.com.tr\/tr\/wp-json\/wp\/v2\/pages"}],"about":[{"href":"https:\/\/afko.com.tr\/tr\/wp-json\/wp\/v2\/types\/page"}],"author":[{"embeddable":true,"href":"https:\/\/afko.com.tr\/tr\/wp-json\/wp\/v2\/users\/1"}],"replies":[{"embeddable":true,"href":"https:\/\/afko.com.tr\/tr\/wp-json\/wp\/v2\/comments?post=3302"}],"version-history":[{"count":8,"href":"https:\/\/afko.com.tr\/tr\/wp-json\/wp\/v2\/pages\/3302\/revisions"}],"predecessor-version":[{"id":4167,"href":"https:\/\/afko.com.tr\/tr\/wp-json\/wp\/v2\/pages\/3302\/revisions\/4167"}],"wp:attachment":[{"href":"https:\/\/afko.com.tr\/tr\/wp-json\/wp\/v2\/media?parent=3302"}],"curies":[{"name":"wp","href":"https:\/\/api.w.org\/{rel}","templated":true}]}}