{"id":3321,"date":"2020-03-14T12:55:33","date_gmt":"2020-03-14T09:55:33","guid":{"rendered":"https:\/\/afko.com.tr\/?page_id=3321"},"modified":"2020-03-25T15:48:48","modified_gmt":"2020-03-25T12:48:48","slug":"kule-kutulari","status":"publish","type":"page","link":"https:\/\/afko.com.tr\/tr\/kule-kutulari\/","title":{"rendered":"kule kutular\u0131"},"content":{"rendered":"<p>[vc_row][vc_column][vc_single_image image=&#8221;2468&#8243; img_size=&#8221;full&#8221; alignment=&#8221;center&#8221;][vc_column_text]<\/p>\n<p style=\"text-align: center;\"><span style=\"color: #000000; font-size: 18pt;\">Kule kutusu beyaz, a\u011f\u0131r duvar UV stabilizeli<\/span><\/p>\n<p style=\"text-align: center;\"><span style=\"color: #000000; font-size: 18pt;\">galvanizli \u00e7elik tabanl\u0131 termoplastik. \u00c7elik eksantrik miline ve ayarlanabilir, neme dayan\u0131kl\u0131 y\u00f6n mikrolar\u0131na sahiptir.<\/span><\/p>\n<p style=\"text-align: center;\"><span style=\"color: #000000; font-size: 18pt;\">\u00f6zellikleri. Sa\u011flam taban ve b\u00fcy\u00fck boy kam yay\u0131<\/span><\/p>\n<p style=\"text-align: center;\"><span style=\"color: #000000; font-size: 18pt;\">yap\u0131sal stresi azaltmak i\u00e7in makine hizalama \u00f6zellikleri.<\/span><\/p>\n<p>[\/vc_column_text][\/vc_column][\/vc_row][vc_row][vc_column width=&#8221;1\/2&#8243;][vc_single_image image=&#8221;4072&#8243; img_size=&#8221;full&#8221; alignment=&#8221;center&#8221;][\/vc_column][vc_column width=&#8221;1\/2&#8243;][vc_single_image image=&#8221;4108&#8243; img_size=&#8221;full&#8221; alignment=&#8221;center&#8221;][\/vc_column][\/vc_row][vc_row][vc_column][vc_column_text]<\/p>\n<ul>\n<li><span style=\"color: #000000; font-size: 14pt;\">Kule kutusu( towerbox ), galvanizli \u00e7elik tabanl\u0131 beyaz, a\u011f\u0131r duvarl\u0131 UV stabilizeli termoplastikten olu\u015fur.<\/span><\/li>\n<li><span style=\"color: #000000; font-size: 14pt;\">\u00c7elik eksantrik miline ve ayarlanabilir, neme dayan\u0131kl\u0131 y\u00f6n mikro \u00f6zelliklerine sahiptir.<\/span><\/li>\n<li><span style=\"color: #000000; font-size: 14pt;\">Sert taban ve b\u00fcy\u00fck boy kam yay\u0131, yap\u0131sal gerilimi azaltmak i\u00e7in makine hizalama \u00f6zelliklerini geli\u015ftirir.<\/span><\/li>\n<li><span style=\"color: #000000; font-size: 14pt;\">Paslanmaz \u00e7elik \u015faftl\u0131 ve naylon rulman montajl\u0131 galvanizli \u00e7elik konstr\u00fcksiyon, uzun \u00f6m\u00fcr sa\u011flar.<\/span><\/li>\n<li><span style=\"color: #000000; font-size: 14pt;\">G\u00fcvenilir, sahada kan\u0131tlanm\u0131\u015f kam ve mikro \u015falter grubu Bask\u0131lay\u0131c\u0131 devreleri temas\u0131 azalt\u0131r<\/span><\/li>\n<li><span style=\"color: #000000; font-size: 14pt;\">ya\u015fam s\u00fcresini uzatmak.<\/span><\/li>\n<\/ul>\n<p>[\/vc_column_text][\/vc_column][\/vc_row]<\/p>\n","protected":false},"excerpt":{"rendered":"<p>[vc_row][vc_column][vc_single_image image=&#8221;2468&#8243; img_size=&#8221;full&#8221; alignment=&#8221;center&#8221;][vc_column_text] Kule kutusu beyaz, a\u011f\u0131r duvar UV stabilizeli galvanizli \u00e7elik tabanl\u0131 termoplastik. \u00c7elik eksantrik miline ve ayarlanabilir, neme dayan\u0131kl\u0131 y\u00f6n mikrolar\u0131na sahiptir. \u00f6zellikleri. Sa\u011flam taban ve b\u00fcy\u00fck boy kam yay\u0131 yap\u0131sal stresi azaltmak i\u00e7in makine hizalama \u00f6zellikleri. [\/vc_column_text][\/vc_column][\/vc_row][vc_row][vc_column width=&#8221;1\/2&#8243;][vc_single_image image=&#8221;4072&#8243; img_size=&#8221;full&#8221; alignment=&#8221;center&#8221;][\/vc_column][vc_column width=&#8221;1\/2&#8243;][vc_single_image image=&#8221;4108&#8243; img_size=&#8221;full&#8221; alignment=&#8221;center&#8221;][\/vc_column][\/vc_row][vc_row][vc_column][vc_column_text] Kule kutusu( towerbox ), galvanizli \u00e7elik tabanl\u0131 beyaz, a\u011f\u0131r duvarl\u0131 UV stabilizeli termoplastikten olu\u015fur. \u00c7elik eksantrik miline ve ayarlanabilir, neme dayan\u0131kl\u0131 y\u00f6n mikro \u00f6zelliklerine sahiptir. Sert taban ve b\u00fcy\u00fck boy kam yay\u0131, yap\u0131sal gerilimi azaltmak i\u00e7in makine hizalama \u00f6zelliklerini geli\u015ftirir. Paslanmaz \u00e7elik \u015faftl\u0131 ve naylon rulman montajl\u0131 galvanizli \u00e7elik konstr\u00fcksiyon, uzun \u00f6m\u00fcr sa\u011flar. G\u00fcvenilir, sahada kan\u0131tlanm\u0131\u015f kam ve mikro \u015falter grubu Bask\u0131lay\u0131c\u0131 devreleri temas\u0131 azalt\u0131r ya\u015fam s\u00fcresini uzatmak. [\/vc_column_text][\/vc_column][\/vc_row]<\/p>\n","protected":false},"author":1,"featured_media":0,"parent":0,"menu_order":0,"comment_status":"closed","ping_status":"closed","template":"","meta":{"two_page_speed":[],"footnotes":""},"class_list":["post-3321","page","type-page","status-publish","hentry"],"_links":{"self":[{"href":"https:\/\/afko.com.tr\/tr\/wp-json\/wp\/v2\/pages\/3321","targetHints":{"allow":["GET"]}}],"collection":[{"href":"https:\/\/afko.com.tr\/tr\/wp-json\/wp\/v2\/pages"}],"about":[{"href":"https:\/\/afko.com.tr\/tr\/wp-json\/wp\/v2\/types\/page"}],"author":[{"embeddable":true,"href":"https:\/\/afko.com.tr\/tr\/wp-json\/wp\/v2\/users\/1"}],"replies":[{"embeddable":true,"href":"https:\/\/afko.com.tr\/tr\/wp-json\/wp\/v2\/comments?post=3321"}],"version-history":[{"count":7,"href":"https:\/\/afko.com.tr\/tr\/wp-json\/wp\/v2\/pages\/3321\/revisions"}],"predecessor-version":[{"id":4121,"href":"https:\/\/afko.com.tr\/tr\/wp-json\/wp\/v2\/pages\/3321\/revisions\/4121"}],"wp:attachment":[{"href":"https:\/\/afko.com.tr\/tr\/wp-json\/wp\/v2\/media?parent=3321"}],"curies":[{"name":"wp","href":"https:\/\/api.w.org\/{rel}","templated":true}]}}