{"id":3340,"date":"2020-03-14T12:57:09","date_gmt":"2020-03-14T09:57:09","guid":{"rendered":"https:\/\/afko.com.tr\/?page_id=3340"},"modified":"2020-03-17T15:36:59","modified_gmt":"2020-03-17T12:36:59","slug":"merkez-tahrik","status":"publish","type":"page","link":"https:\/\/afko.com.tr\/tr\/merkez-tahrik\/","title":{"rendered":"merkez tahrik"},"content":{"rendered":"<p>[vc_row][vc_column][vc_row_inner][vc_column_inner width=&#8221;1\/2&#8243;][vc_single_image image=&#8221;2462&#8243; img_size=&#8221;full&#8221; alignment=&#8221;center&#8221;][\/vc_column_inner][vc_column_inner width=&#8221;1\/2&#8243;][vc_single_image image=&#8221;2847&#8243; img_size=&#8221;full&#8221; alignment=&#8221;center&#8221;][\/vc_column_inner][\/vc_row_inner][vc_column_text]<span style=\"font-size: 18pt; color: #000000;\">Sertle\u015ftirilmi\u015f helisel di\u015fli ve tamamen al\u00fcminyum di\u015fli kutusu ve motor g\u00f6vdesi<br \/>\ny\u0131l g\u00fcvenilir hizmet. Ayr\u0131ca dahil:<\/span><\/p>\n<p><span style=\"font-size: 18pt; color: #000000;\">\u2022 Mevcut oranlar 50: 1, 40: 1, 30: 1 ve 20: 1<\/span><\/p>\n<p><span style=\"font-size: 18pt; color: #000000;\">\u2022 % 95 verimlilikle sulama g\u00f6revi<\/span><\/p>\n<p><span style=\"font-size: 18pt; color: #000000;\">\u2022 F s\u0131n\u0131f\u0131 yal\u0131t\u0131m.<\/span>[\/vc_column_text][\/vc_column][\/vc_row]<\/p>\n","protected":false},"excerpt":{"rendered":"<p>[vc_row][vc_column][vc_row_inner][vc_column_inner width=&#8221;1\/2&#8243;][vc_single_image image=&#8221;2462&#8243; img_size=&#8221;full&#8221; alignment=&#8221;center&#8221;][\/vc_column_inner][vc_column_inner width=&#8221;1\/2&#8243;][vc_single_image image=&#8221;2847&#8243; img_size=&#8221;full&#8221; alignment=&#8221;center&#8221;][\/vc_column_inner][\/vc_row_inner][vc_column_text]Sertle\u015ftirilmi\u015f helisel di\u015fli ve tamamen al\u00fcminyum di\u015fli kutusu ve motor g\u00f6vdesi y\u0131l g\u00fcvenilir hizmet. Ayr\u0131ca dahil: \u2022 Mevcut oranlar 50: 1, 40: 1, 30: 1 ve 20: 1 \u2022 % 95 verimlilikle sulama g\u00f6revi \u2022 F s\u0131n\u0131f\u0131 yal\u0131t\u0131m.[\/vc_column_text][\/vc_column][\/vc_row]<\/p>\n","protected":false},"author":1,"featured_media":0,"parent":0,"menu_order":0,"comment_status":"closed","ping_status":"closed","template":"","meta":{"two_page_speed":[],"footnotes":""},"class_list":["post-3340","page","type-page","status-publish","hentry"],"_links":{"self":[{"href":"https:\/\/afko.com.tr\/tr\/wp-json\/wp\/v2\/pages\/3340","targetHints":{"allow":["GET"]}}],"collection":[{"href":"https:\/\/afko.com.tr\/tr\/wp-json\/wp\/v2\/pages"}],"about":[{"href":"https:\/\/afko.com.tr\/tr\/wp-json\/wp\/v2\/types\/page"}],"author":[{"embeddable":true,"href":"https:\/\/afko.com.tr\/tr\/wp-json\/wp\/v2\/users\/1"}],"replies":[{"embeddable":true,"href":"https:\/\/afko.com.tr\/tr\/wp-json\/wp\/v2\/comments?post=3340"}],"version-history":[{"count":4,"href":"https:\/\/afko.com.tr\/tr\/wp-json\/wp\/v2\/pages\/3340\/revisions"}],"predecessor-version":[{"id":3802,"href":"https:\/\/afko.com.tr\/tr\/wp-json\/wp\/v2\/pages\/3340\/revisions\/3802"}],"wp:attachment":[{"href":"https:\/\/afko.com.tr\/tr\/wp-json\/wp\/v2\/media?parent=3340"}],"curies":[{"name":"wp","href":"https:\/\/api.w.org\/{rel}","templated":true}]}}