{"id":3358,"date":"2020-03-14T12:58:37","date_gmt":"2020-03-14T09:58:37","guid":{"rendered":"https:\/\/afko.com.tr\/?page_id=3358"},"modified":"2020-03-25T16:17:55","modified_gmt":"2020-03-25T13:17:55","slug":"tarim-tekerlekleri-lastikler","status":"publish","type":"page","link":"https:\/\/afko.com.tr\/tr\/tarim-tekerlekleri-lastikler\/","title":{"rendered":"agriculture wheels tires"},"content":{"rendered":"<p>[vc_row][vc_column width=&#8221;1\/5&#8243;][\/vc_column][vc_column width=&#8221;1\/5&#8243;][\/vc_column][vc_column width=&#8221;1\/5&#8243;][vc_images_carousel images=&#8221;3904,3908&#8243;][\/vc_column][vc_column width=&#8221;1\/5&#8243;][\/vc_column][vc_column width=&#8221;1\/5&#8243;][\/vc_column][\/vc_row][vc_row][vc_column][vc_column_text]<\/p>\n<ol>\n<li><span style=\"color: #000000; font-size: 14pt;\">t\u00fcm lastikler 6 kat puan ve t\u00fcp tipi.<\/span><\/li>\n<li><span style=\"color: #000000; font-size: 14pt;\">R-1 Sulama s\u0131rt\u0131.<\/span><\/li>\n<li><span style=\"color: #000000; font-size: 14pt;\">Lastik ve jant gruplar\u0131 sola ve sa\u011fa monte edilir, l\u00fctfen belirtin.<\/span><\/li>\n<li><span style=\"color: #000000; font-size: 14pt;\">Jantlar s\u0131cak dald\u0131rma galvanizlidir.<\/span><\/li>\n<li><span style=\"color: #000000; font-size: 14pt;\">Benzersiz bir supap sap\u0131 korumas\u0131, supap sap\u0131n\u0131 alan d\u00f6k\u00fcnt\u00fcs\u00fcnden korur.<\/span><\/li>\n<li><span style=\"color: #000000; font-size: 14pt;\">AFKO tarz\u0131 ofset mevcuttur.<\/span><\/li>\n<\/ol>\n<p style=\"text-align: center;\"><span style=\"color: #000000; font-size: 14pt;\">Boyutlar i\u00e7in uygun:<\/span><\/p>\n<ul>\n<li style=\"text-align: center;\"><span style=\"color: #000000; font-size: 14pt;\">11,2 x 10 x 24<\/span><\/li>\n<li style=\"text-align: center;\"><span style=\"color: #000000; font-size: 14pt;\">12,4 x 11 x 24<\/span><\/li>\n<li style=\"text-align: center;\"><span style=\"color: #000000; font-size: 14pt;\">14,9 x 13 x 24<\/span><\/li>\n<li style=\"text-align: center;\"><span style=\"color: #000000; font-size: 14pt;\">16.9 x 14 x 24<\/span><\/li>\n<\/ul>\n<p>[\/vc_column_text][\/vc_column][\/vc_row]<\/p>\n","protected":false},"excerpt":{"rendered":"<p>[vc_row][vc_column width=&#8221;1\/5&#8243;][\/vc_column][vc_column width=&#8221;1\/5&#8243;][\/vc_column][vc_column width=&#8221;1\/5&#8243;][vc_images_carousel images=&#8221;3904,3908&#8243;][\/vc_column][vc_column width=&#8221;1\/5&#8243;][\/vc_column][vc_column width=&#8221;1\/5&#8243;][\/vc_column][\/vc_row][vc_row][vc_column][vc_column_text] t\u00fcm lastikler 6 kat puan ve t\u00fcp tipi. R-1 Sulama s\u0131rt\u0131. Lastik ve jant gruplar\u0131 sola ve sa\u011fa monte edilir, l\u00fctfen belirtin. Jantlar s\u0131cak dald\u0131rma galvanizlidir. Benzersiz bir supap sap\u0131 korumas\u0131, supap sap\u0131n\u0131 alan d\u00f6k\u00fcnt\u00fcs\u00fcnden korur. AFKO tarz\u0131 ofset mevcuttur. Boyutlar i\u00e7in uygun: 11,2 x 10 x 24 12,4 x 11 x 24 14,9 x 13 x 24 16.9 x 14 x 24 [\/vc_column_text][\/vc_column][\/vc_row]<\/p>\n","protected":false},"author":1,"featured_media":0,"parent":0,"menu_order":0,"comment_status":"closed","ping_status":"closed","template":"","meta":{"two_page_speed":[],"footnotes":""},"class_list":["post-3358","page","type-page","status-publish","hentry"],"_links":{"self":[{"href":"https:\/\/afko.com.tr\/tr\/wp-json\/wp\/v2\/pages\/3358","targetHints":{"allow":["GET"]}}],"collection":[{"href":"https:\/\/afko.com.tr\/tr\/wp-json\/wp\/v2\/pages"}],"about":[{"href":"https:\/\/afko.com.tr\/tr\/wp-json\/wp\/v2\/types\/page"}],"author":[{"embeddable":true,"href":"https:\/\/afko.com.tr\/tr\/wp-json\/wp\/v2\/users\/1"}],"replies":[{"embeddable":true,"href":"https:\/\/afko.com.tr\/tr\/wp-json\/wp\/v2\/comments?post=3358"}],"version-history":[{"count":6,"href":"https:\/\/afko.com.tr\/tr\/wp-json\/wp\/v2\/pages\/3358\/revisions"}],"predecessor-version":[{"id":4131,"href":"https:\/\/afko.com.tr\/tr\/wp-json\/wp\/v2\/pages\/3358\/revisions\/4131"}],"wp:attachment":[{"href":"https:\/\/afko.com.tr\/tr\/wp-json\/wp\/v2\/media?parent=3358"}],"curies":[{"name":"wp","href":"https:\/\/api.w.org\/{rel}","templated":true}]}}