{"id":3393,"date":"2020-03-14T13:01:18","date_gmt":"2020-03-14T10:01:18","guid":{"rendered":"https:\/\/afko.com.tr\/?page_id=3393"},"modified":"2020-04-08T17:55:54","modified_gmt":"2020-04-08T14:55:54","slug":"borular","status":"publish","type":"page","link":"https:\/\/afko.com.tr\/tr\/borular\/","title":{"rendered":"borular"},"content":{"rendered":"<p>[vc_row][vc_column width=&#8221;1\/4&#8243;][vc_single_image image=&#8221;4730&#8243; img_size=&#8221;full&#8221; alignment=&#8221;center&#8221;][\/vc_column][vc_column width=&#8221;1\/4&#8243;][vc_single_image image=&#8221;4734&#8243; img_size=&#8221;full&#8221; alignment=&#8221;center&#8221;][\/vc_column][vc_column width=&#8221;1\/4&#8243;][vc_single_image image=&#8221;4738&#8243; img_size=&#8221;full&#8221; alignment=&#8221;center&#8221;][\/vc_column][vc_column width=&#8221;1\/4&#8243;][vc_single_image image=&#8221;4742&#8243; img_size=&#8221;full&#8221; alignment=&#8221;center&#8221;][\/vc_column][\/vc_row][vc_row][vc_column][vc_column_text]<span style=\"font-size: 14pt; color: #000000;\"><strong>AFKO P<\/strong><strong>ivot sulama sistemleri Temel borular<\/strong><strong>:<\/strong><\/span><\/p>\n<p><span style=\"font-size: 14pt; color: #000000;\">Esas olarak AFKO boru \u00e7e\u015fitli kullan\u0131r mil i\u00e7inde kullan\u0131lan olanlar iki ana uzunluklarda sa\u011flan\u0131r ve d\u00f6nme sisteminin ana bile\u015feni olarak bunlar ana borular denir, ana boru 113&#8243; sprinkler galvanizli fi\u015fler vard\u0131r.<\/span><\/p>\n<ul>\n<li><span style=\"font-size: 14pt; color: #000000;\">75m<\/span><\/li>\n<li><span style=\"font-size: 14pt; color: #000000;\">5m<\/span><\/li>\n<\/ul>\n<p><span style=\"font-size: 14pt; color: #000000;\">Bununla birlikte, \u00e7e\u015fitli \u00e7aplarda mevcut olduklar\u0131ndan, en \u00e7ok talep edilen \u00fcr\u00fcn\u00fcm\u00fcz aras\u0131nda 6 \u201dpivot sistemi bulunmaktad\u0131r.<\/span><\/p>\n<p><span style=\"font-size: 14pt; color: #000000;\"><strong>AFKO pivot sulama sistemlerinin yan\u0131 s\u0131ra tuzlu ve kumlu su i\u00e7in polinli borular da sa\u011flar.<\/strong><\/span><\/p>\n<p><span style=\"font-size: 14pt; color: #000000;\">ayr\u0131ca bitkiler de biz kullan\u0131larak b\u00fcy\u00fcmesine istedi\u011finiz \u00e7\u0131k\u0131nt\u0131 uzunlu\u011fu genellikle 6m ve 75&#8243; bir aral\u0131k ile 3 t\u0131kac\u0131 i\u00e7erir ve genellikle 4\u201d oldu\u011fu boru ya da 5\u201d eksen do\u011fas\u0131 ve toprak g\u00f6re olarak bu pivot.<\/span><\/p>\n<p><span style=\"font-size: 14pt; color: #000000;\">Following you can find the type of PVC pipes used to transfer water from its source (well, lake, river \u2026etc) to the pivot .<\/span>[\/vc_column_text][vc_single_image image=&#8221;4759&#8243; img_size=&#8221;full&#8221; alignment=&#8221;center&#8221;][\/vc_column][\/vc_row][vc_row][vc_column width=&#8221;1\/4&#8243;][vc_single_image image=&#8221;4714&#8243; img_size=&#8221;full&#8221; alignment=&#8221;center&#8221;][\/vc_column][vc_column width=&#8221;1\/4&#8243;][vc_single_image image=&#8221;4718&#8243; img_size=&#8221;full&#8221; alignment=&#8221;center&#8221;][\/vc_column][vc_column width=&#8221;1\/4&#8243;][vc_single_image image=&#8221;4722&#8243; img_size=&#8221;full&#8221; alignment=&#8221;center&#8221;][\/vc_column][vc_column width=&#8221;1\/4&#8243;][vc_single_image image=&#8221;4726&#8243; img_size=&#8221;full&#8221; alignment=&#8221;center&#8221;][\/vc_column][\/vc_row]<\/p>\n","protected":false},"excerpt":{"rendered":"<p>[vc_row][vc_column width=&#8221;1\/4&#8243;][vc_single_image image=&#8221;4730&#8243; img_size=&#8221;full&#8221; alignment=&#8221;center&#8221;][\/vc_column][vc_column width=&#8221;1\/4&#8243;][vc_single_image image=&#8221;4734&#8243; img_size=&#8221;full&#8221; alignment=&#8221;center&#8221;][\/vc_column][vc_column width=&#8221;1\/4&#8243;][vc_single_image image=&#8221;4738&#8243; img_size=&#8221;full&#8221; alignment=&#8221;center&#8221;][\/vc_column][vc_column width=&#8221;1\/4&#8243;][vc_single_image image=&#8221;4742&#8243; img_size=&#8221;full&#8221; alignment=&#8221;center&#8221;][\/vc_column][\/vc_row][vc_row][vc_column][vc_column_text]AFKO Pivot sulama sistemleri Temel borular: Esas olarak AFKO boru \u00e7e\u015fitli kullan\u0131r mil i\u00e7inde kullan\u0131lan olanlar iki ana uzunluklarda sa\u011flan\u0131r ve d\u00f6nme sisteminin ana bile\u015feni olarak bunlar ana borular denir, ana boru 113&#8243; sprinkler galvanizli fi\u015fler vard\u0131r. 75m 5m Bununla birlikte, \u00e7e\u015fitli \u00e7aplarda mevcut olduklar\u0131ndan, en \u00e7ok talep edilen \u00fcr\u00fcn\u00fcm\u00fcz aras\u0131nda 6 \u201dpivot sistemi bulunmaktad\u0131r. AFKO pivot sulama sistemlerinin yan\u0131 s\u0131ra tuzlu ve kumlu su i\u00e7in polinli borular da sa\u011flar. ayr\u0131ca bitkiler de biz kullan\u0131larak b\u00fcy\u00fcmesine istedi\u011finiz \u00e7\u0131k\u0131nt\u0131 uzunlu\u011fu genellikle 6m ve 75&#8243; bir aral\u0131k ile 3 t\u0131kac\u0131 i\u00e7erir ve genellikle 4\u201d oldu\u011fu boru ya da 5\u201d eksen do\u011fas\u0131 ve toprak g\u00f6re olarak bu pivot. Following you can find the type of PVC pipes used to transfer water from its source (well, lake, river \u2026etc) to the pivot .[\/vc_column_text][vc_single_image image=&#8221;4759&#8243; img_size=&#8221;full&#8221; alignment=&#8221;center&#8221;][\/vc_column][\/vc_row][vc_row][vc_column width=&#8221;1\/4&#8243;][vc_single_image image=&#8221;4714&#8243; img_size=&#8221;full&#8221; alignment=&#8221;center&#8221;][\/vc_column][vc_column width=&#8221;1\/4&#8243;][vc_single_image image=&#8221;4718&#8243; img_size=&#8221;full&#8221; alignment=&#8221;center&#8221;][\/vc_column][vc_column width=&#8221;1\/4&#8243;][vc_single_image image=&#8221;4722&#8243; img_size=&#8221;full&#8221; alignment=&#8221;center&#8221;][\/vc_column][vc_column width=&#8221;1\/4&#8243;][vc_single_image image=&#8221;4726&#8243; img_size=&#8221;full&#8221; alignment=&#8221;center&#8221;][\/vc_column][\/vc_row]<\/p>\n","protected":false},"author":1,"featured_media":0,"parent":0,"menu_order":0,"comment_status":"closed","ping_status":"closed","template":"","meta":{"two_page_speed":[],"footnotes":""},"class_list":["post-3393","page","type-page","status-publish","hentry"],"_links":{"self":[{"href":"https:\/\/afko.com.tr\/tr\/wp-json\/wp\/v2\/pages\/3393","targetHints":{"allow":["GET"]}}],"collection":[{"href":"https:\/\/afko.com.tr\/tr\/wp-json\/wp\/v2\/pages"}],"about":[{"href":"https:\/\/afko.com.tr\/tr\/wp-json\/wp\/v2\/types\/page"}],"author":[{"embeddable":true,"href":"https:\/\/afko.com.tr\/tr\/wp-json\/wp\/v2\/users\/1"}],"replies":[{"embeddable":true,"href":"https:\/\/afko.com.tr\/tr\/wp-json\/wp\/v2\/comments?post=3393"}],"version-history":[{"count":4,"href":"https:\/\/afko.com.tr\/tr\/wp-json\/wp\/v2\/pages\/3393\/revisions"}],"predecessor-version":[{"id":4764,"href":"https:\/\/afko.com.tr\/tr\/wp-json\/wp\/v2\/pages\/3393\/revisions\/4764"}],"wp:attachment":[{"href":"https:\/\/afko.com.tr\/tr\/wp-json\/wp\/v2\/media?parent=3393"}],"curies":[{"name":"wp","href":"https:\/\/api.w.org\/{rel}","templated":true}]}}