{"id":3518,"date":"2020-03-14T13:17:59","date_gmt":"2020-03-14T10:17:59","guid":{"rendered":"https:\/\/afko.com.tr\/?page_id=3518"},"modified":"2023-12-16T13:12:19","modified_gmt":"2023-12-16T10:12:19","slug":"hakkimizda","status":"publish","type":"page","link":"https:\/\/afko.com.tr\/tr\/hakkimizda\/","title":{"rendered":"Hakk\u0131m\u0131zda"},"content":{"rendered":"<p>[vc_row disable_element=&#8221;yes&#8221;][vc_column offset=&#8221;vc_hidden-lg vc_hidden-md vc_hidden-sm vc_hidden-xs&#8221;][vc_custom_heading text=&#8221;Who We Are&#8221; font_container=&#8221;tag:h2|font_size:28px|text_align:center|line_height:1.2&#8243; use_theme_fonts=&#8221;yes&#8221; font_weight=&#8221;700&#8243; text_transform=&#8221;uppercase&#8221; heading_style=&#8221;have-border&#8221; css=&#8221;.vc_custom_1473092956891{margin-bottom: 0px !important;}&#8221;][vc_row_inner][vc_column_inner width=&#8221;1\/4&#8243;][\/vc_column_inner][vc_column_inner width=&#8221;1\/2&#8243;][vc_column_text css=&#8221;.vc_custom_1473091634985{margin-bottom: 65px !important;}&#8221;]<\/p>\n<p style=\"text-align: center;\">Sed sit amet efficitur lectus. Cras volutpat fringilla suscipit. Praesent rutrum euismod posuere. Integer accumsan lobortis urna ut commodo.<\/p>\n<p>[\/vc_column_text][\/vc_column_inner][vc_column_inner width=&#8221;1\/4&#8243;][\/vc_column_inner][\/vc_row_inner][\/vc_column][\/vc_row][vc_row disable_element=&#8221;yes&#8221;][vc_column offset=&#8221;vc_hidden-lg vc_hidden-md vc_hidden-sm vc_hidden-xs&#8221;][saturnthemes_staff_grid show_content=&#8221;yes&#8221; per_page=&#8221;4&#8243;][\/vc_column][\/vc_row][vc_row disable_element=&#8221;yes&#8221; css=&#8221;.vc_custom_1579941990553{margin-bottom: 0px !important;}&#8221;][vc_column offset=&#8221;vc_hidden-lg vc_hidden-md vc_hidden-sm vc_hidden-xs&#8221;][vc_custom_heading text=&#8221;The Clients&#8221; font_container=&#8221;tag:h2|font_size:28px|text_align:center|line_height:1.2&#8243; use_theme_fonts=&#8221;yes&#8221; font_weight=&#8221;700&#8243; text_transform=&#8221;uppercase&#8221; heading_style=&#8221;have-border&#8221; css=&#8221;.vc_custom_1472198584869{margin-top: 35px !important;}&#8221;][saturnthemes_image_carousel images=&#8221;1320,1321,1322,1323,1324,1325,1326&#8243; autoplay=&#8221;&#8221; hide_prev_next_buttons=&#8221;&#8221; css=&#8221;.vc_custom_1469950878366{padding-top: 20px !important;padding-bottom: 20px !important;}&#8221; el_class=&#8221;for-client&#8221;][\/vc_column][\/vc_row][vc_row][vc_column][vc_custom_heading text=&#8221;Biz <b>AFKO<\/b>&#8221; font_container=&#8221;tag:h2|font_size:28px|text_align:center|line_height:1.2&#8243; use_theme_fonts=&#8221;yes&#8221; font_weight=&#8221;700&#8243; text_transform=&#8221;uppercase&#8221; heading_style=&#8221;have-border&#8221; css=&#8221;.vc_custom_1584445352642{margin-bottom: 0px !important;}&#8221;][vc_row_inner][vc_column_inner width=&#8221;1\/4&#8243;][\/vc_column_inner][vc_column_inner width=&#8221;1\/2&#8243;][vc_column_text css=&#8221;.vc_custom_1584445383152{margin-bottom: 65px !important;}&#8221;]<\/p>\n<h3 style=\"text-align: center;\">40 y\u0131l \u00f6nce pivot sulama sistemleri deneyimi i\u00e7in Afko \u015eirketi, tar\u0131msal ekipman \u00fcretmeye ba\u015flad\u0131 Ve tar\u0131m makineleri, pulluklar, fideler ve benzeri gereksinimleri.<\/h3>\n<p>[\/vc_column_text][\/vc_column_inner][vc_column_inner width=&#8221;1\/4&#8243;][\/vc_column_inner][\/vc_row_inner][\/vc_column][\/vc_row][vc_row css=&#8221;.vc_custom_1473094515268{margin-bottom: 50px !important;}&#8221;][vc_column width=&#8221;1\/2&#8243;][saturnthemes_icon_box icon_fontawesome=&#8221;fa fa-leaf&#8221; custom_color=&#8221;#6dab3c&#8221;]<\/p>\n<h2>AFKO Pivot sulama sistemleri 1986 y\u0131l\u0131ndan beri tar\u0131m makineleri, pulluklar, fideler, bi\u00e7erd\u00f6verler i\u00e7in tar\u0131msal ekipman ve aksesuar \u00fcretimi ile uzmanla\u015fm\u0131\u015ft\u0131r.<\/h2>\n<h2>Bu kapsamda \u015firketimiz her t\u00fcrl\u00fc sulama sistemine odaklanmaya ba\u015flam\u0131\u015ft\u0131r. 2012 y\u0131l\u0131nda T\u00fcrkiye Cumhuriyeti&#8217;nin ba\u015fkenti Ankara&#8217;da pivot sulama sistemleri \u00fcretmek \u00fczere kurulan AFKO METAL. AFKO, bu alandaki g\u00fcc\u00fcn\u00fc ve ba\u015far\u0131s\u0131n\u0131 tar\u0131msal ve end\u00fcstriyel sekt\u00f6rlerde \u00f6nemli yetenek ve tecr\u00fcbeye sahip deneyimli ve kalifiye elemanlar\u0131ndan almaktad\u0131r.<\/h2>\n<p>[\/saturnthemes_icon_box][\/vc_column][vc_column width=&#8221;1\/2&#8243;][vc_single_image image=&#8221;4773&#8243; img_size=&#8221;full&#8221;][\/vc_column][\/vc_row][vc_row full_width=&#8221;stretch_row&#8221; content_placement=&#8221;middle&#8221; css=&#8221;.vc_custom_1583928176256{padding-top: 5px !important;padding-bottom: 40px !important;background: #ededed url(http:\/\/afko.com.tr\/wp-content\/uploads\/2016\/08\/partern-white-01.jpg?id=1413) !important;}&#8221;][vc_column width=&#8221;1\/4&#8243;][saturnthemes_counter counter_title=&#8221;Projeler&#8221; icon_fontawesome=&#8221;fa fa-tree&#8221; custom_color=&#8221;#ffffff&#8221; counter_value=&#8221;750&#8243; counter_suffix=&#8221;+&#8221; speed=&#8221;2&#8243; content_bg_color=&#8221;#ffffff&#8221;][\/vc_column][vc_column width=&#8221;1\/4&#8243;][saturnthemes_counter counter_title=&#8221;Mutlu m\u00fc\u015fteriler&#8221; icon_fontawesome=&#8221;fa fa-smile-o&#8221; custom_color=&#8221;#ffffff&#8221; counter_value=&#8221;536&#8243; counter_suffix=&#8221;+&#8221; speed=&#8221;2&#8243; content_bg_color=&#8221;#ffffff&#8221;][\/vc_column][vc_column width=&#8221;1\/4&#8243;][saturnthemes_counter counter_title=&#8221;Bizim \u00e7al\u0131\u015fanlar\u0131m\u0131z&#8221; icon_fontawesome=&#8221;fa fa-users&#8221; custom_color=&#8221;#ffffff&#8221; counter_value=&#8221;1350&#8243; counter_suffix=&#8221;+&#8221; speed=&#8221;2&#8243; content_bg_color=&#8221;#ffffff&#8221;][\/vc_column][vc_column width=&#8221;1\/4&#8243;][saturnthemes_counter counter_title=&#8221;Dallar&#8221; icon_fontawesome=&#8221;fa fa-users&#8221; custom_color=&#8221;#ffffff&#8221; counter_value=&#8221;7&#8243; counter_suffix=&#8221;+&#8221; speed=&#8221;2&#8243; content_bg_color=&#8221;#ffffff&#8221;][\/vc_column][\/vc_row][vc_row full_width=&#8221;stretch_row_content&#8221;][vc_column width=&#8221;1\/2&#8243;][saturnthemes_icon_box icon_fontawesome=&#8221;fa fa-cloud&#8221; title=&#8221;\u00dcr\u00fcnlerimizi uluslararas\u0131 \u00f6zelliklere g\u00f6re geli\u015ftirdik, a\u015fa\u011f\u0131dakilere ba\u011fl\u0131 olarak:&#8221; custom_color=&#8221;#6dab3c&#8221; title_color=&#8221;#6dab3c&#8221; css=&#8221;.vc_custom_1586435813486{padding-top: 150px !important;}&#8221;]<\/p>\n<h3>&#8211; modern teknolojiye dayanarak \u00fcretimdeki teknik temelleri takip etme konusundaki uzmanl\u0131\u011f\u0131m\u0131z ve ilgimiz.<\/h3>\n<h3>&#8211; Pivot sulama \u00fcreticilerine tamamlay\u0131c\u0131 par\u00e7a ve aksesuar tedarikine dayanan bu alanda d\u00fcnyaca \u00fcnl\u00fc \u015firketlerle u\u011fra\u015fmak (Senninger &#8211; Nelson &#8211; UMC &#8211; OZKA &#8211; ICII).<\/h3>\n<h3>&#8211; Pivot sulama sistemlerinin \u00fcretiminde AFKO&#8217;nun Uluslararas\u0131 Kalite Sertifikalar\u0131 (\u0130SO &#8211; CE).<\/h3>\n<p>[\/saturnthemes_icon_box][\/vc_column][vc_column width=&#8221;1\/4&#8243;][vc_empty_space][vc_single_image image=&#8221;1927&#8243; img_size=&#8221;full&#8221; alignment=&#8221;center&#8221; el_id=&#8221;img_box-sh&#8221; el_class=&#8221;img_box-sh&#8221;][\/vc_column][vc_column width=&#8221;1\/4&#8243;][vc_empty_space][vc_single_image image=&#8221;1923&#8243; img_size=&#8221;full&#8221; el_id=&#8221;img_box-sh&#8221; el_class=&#8221;img_box-sh&#8221;][\/vc_column][\/vc_row][vc_row full_width=&#8221;stretch_row_content&#8221;][vc_column width=&#8221;1\/2&#8243;][vc_empty_space][vc_single_image image=&#8221;4777&#8243; img_size=&#8221;full&#8221; alignment=&#8221;center&#8221; el_class=&#8221;hover-animation img_box-sh&#8221; el_id=&#8221;img_box-sh&#8221;][\/vc_column][vc_column width=&#8221;1\/2&#8243;][vc_empty_space][saturnthemes_icon_box icon_fontawesome=&#8221;fa fa-pagelines&#8221; custom_color=&#8221;#6dab3c&#8221; title_color=&#8221;#6dab3c&#8221;]<\/p>\n<h3>Buna g\u00f6re AFKO, pivot sulama sistemlerinin \u00fcretimi i\u00e7in k\u00fcresel pazarda yerini ald\u0131 ve uluslararas\u0131 pazarlara girmesine<\/h3>\n<h3>yol a\u00e7an \u00f6nemli bir geni\u015flemeye sahip oldu (T\u00fcrkiye &#8211; Suudi Arabistan &#8211; Cezayir &#8211; Irak &#8211; ABD &#8211; Brezilya &#8211; S\u0131rbistan &#8211; \u0130spanya &#8211; \u0130talya &#8211; Kazak\u0131stan &#8211; Romanya &#8211; \u00dcrd\u00fcn &#8211; Avustralya &#8211; Libya &#8211; Azerbaycan &#8211; G\u00fcrcistan &#8211; M\u0131s\u0131r &#8211; L\u00fcbnan &#8211; \u00d6zbekistan).<\/h3>\n<p>[\/saturnthemes_icon_box][\/vc_column][\/vc_row][vc_row full_width=&#8221;stretch_row&#8221; content_placement=&#8221;middle&#8221; css=&#8221;.vc_custom_1580114896332{background-image: url(http:\/\/afko.com.tr\/wp-content\/uploads\/2016\/04\/about-us-01.jpg?id=1531) !important;background-position: center !important;background-repeat: no-repeat !important;background-size: cover !important;}&#8221;][vc_column width=&#8221;1\/12&#8243;][\/vc_column][vc_column width=&#8221;10\/12&#8243; css=&#8221;.vc_custom_1473094393124{padding-top: 78px !important;padding-bottom: 80px !important;}&#8221;][vc_custom_heading text=&#8221;Bir al\u0131nt\u0131ya ihtiyac\u0131n\u0131z varsa&#8221; font_container=&#8221;tag:h1|font_size:35px|text_align:center|color:%23ffffff|line_height:1.2&#8243; use_theme_fonts=&#8221;yes&#8221; font_weight=&#8221;700&#8243; text_transform=&#8221;none&#8221; el_class=&#8221;custom-color-heading&#8221; css=&#8221;.vc_custom_1584445463889{margin-bottom: 25px !important;padding-right: 30px !important;padding-left: 30px !important;}&#8221;][vc_btn title=&#8221;Bize Ula\u015f\u0131n&#8221; style=&#8221;custom&#8221; custom_background=&#8221;#5b974e&#8221; custom_text=&#8221;#ffffff&#8221; align=&#8221;center&#8221; i_align=&#8221;right&#8221; i_icon_fontawesome=&#8221;fa fa-caret-right&#8221; theme_style=&#8221;saturnthemes-btn&#8221; add_icon=&#8221;true&#8221; link=&#8221;url:%23|||&#8221; css=&#8221;.vc_custom_1584445477264{margin-bottom: 0px !important;}&#8221;][\/vc_column][vc_column width=&#8221;1\/12&#8243;][\/vc_column][\/vc_row]<\/p>\n","protected":false},"excerpt":{"rendered":"<p>[vc_row disable_element=&#8221;yes&#8221;][vc_column offset=&#8221;vc_hidden-lg vc_hidden-md vc_hidden-sm vc_hidden-xs&#8221;][vc_custom_heading text=&#8221;Who We Are&#8221; font_container=&#8221;tag:h2|font_size:28px|text_align:center|line_height:1.2&#8243; use_theme_fonts=&#8221;yes&#8221; font_weight=&#8221;700&#8243; text_transform=&#8221;uppercase&#8221; heading_style=&#8221;have-border&#8221; css=&#8221;.vc_custom_1473092956891{margin-bottom: 0px !important;}&#8221;][vc_row_inner][vc_column_inner width=&#8221;1\/4&#8243;][\/vc_column_inner][vc_column_inner width=&#8221;1\/2&#8243;][vc_column_text css=&#8221;.vc_custom_1473091634985{margin-bottom: 65px !important;}&#8221;] Sed sit amet efficitur lectus. Cras volutpat fringilla suscipit. Praesent rutrum euismod posuere. Integer accumsan lobortis urna ut commodo. [\/vc_column_text][\/vc_column_inner][vc_column_inner width=&#8221;1\/4&#8243;][\/vc_column_inner][\/vc_row_inner][\/vc_column][\/vc_row][vc_row disable_element=&#8221;yes&#8221;][vc_column offset=&#8221;vc_hidden-lg vc_hidden-md vc_hidden-sm vc_hidden-xs&#8221;][saturnthemes_staff_grid show_content=&#8221;yes&#8221; per_page=&#8221;4&#8243;][\/vc_column][\/vc_row][vc_row disable_element=&#8221;yes&#8221; css=&#8221;.vc_custom_1579941990553{margin-bottom: 0px !important;}&#8221;][vc_column offset=&#8221;vc_hidden-lg vc_hidden-md vc_hidden-sm vc_hidden-xs&#8221;][vc_custom_heading text=&#8221;The Clients&#8221; font_container=&#8221;tag:h2|font_size:28px|text_align:center|line_height:1.2&#8243; use_theme_fonts=&#8221;yes&#8221; font_weight=&#8221;700&#8243; text_transform=&#8221;uppercase&#8221; heading_style=&#8221;have-border&#8221; css=&#8221;.vc_custom_1472198584869{margin-top: 35px !important;}&#8221;][saturnthemes_image_carousel images=&#8221;1320,1321,1322,1323,1324,1325,1326&#8243; autoplay=&#8221;&#8221; hide_prev_next_buttons=&#8221;&#8221; css=&#8221;.vc_custom_1469950878366{padding-top: 20px !important;padding-bottom: 20px !important;}&#8221; el_class=&#8221;for-client&#8221;][\/vc_column][\/vc_row][vc_row][vc_column][vc_custom_heading text=&#8221;Biz AFKO&#8221; font_container=&#8221;tag:h2|font_size:28px|text_align:center|line_height:1.2&#8243; use_theme_fonts=&#8221;yes&#8221; font_weight=&#8221;700&#8243; text_transform=&#8221;uppercase&#8221; heading_style=&#8221;have-border&#8221; css=&#8221;.vc_custom_1584445352642{margin-bottom: 0px !important;}&#8221;][vc_row_inner][vc_column_inner width=&#8221;1\/4&#8243;][\/vc_column_inner][vc_column_inner width=&#8221;1\/2&#8243;][vc_column_text css=&#8221;.vc_custom_1584445383152{margin-bottom: 65px !important;}&#8221;] 40 y\u0131l \u00f6nce pivot sulama sistemleri deneyimi i\u00e7in Afko \u015eirketi, tar\u0131msal ekipman \u00fcretmeye ba\u015flad\u0131 Ve tar\u0131m makineleri, pulluklar, fideler ve benzeri gereksinimleri. [\/vc_column_text][\/vc_column_inner][vc_column_inner width=&#8221;1\/4&#8243;][\/vc_column_inner][\/vc_row_inner][\/vc_column][\/vc_row][vc_row css=&#8221;.vc_custom_1473094515268{margin-bottom: 50px !important;}&#8221;][vc_column width=&#8221;1\/2&#8243;][saturnthemes_icon_box icon_fontawesome=&#8221;fa fa-leaf&#8221; custom_color=&#8221;#6dab3c&#8221;] AFKO Pivot sulama sistemleri 1986 y\u0131l\u0131ndan beri tar\u0131m makineleri, pulluklar, fideler, bi\u00e7erd\u00f6verler i\u00e7in tar\u0131msal ekipman ve aksesuar \u00fcretimi ile uzmanla\u015fm\u0131\u015ft\u0131r. Bu kapsamda \u015firketimiz her t\u00fcrl\u00fc sulama sistemine odaklanmaya ba\u015flam\u0131\u015ft\u0131r. 2012 y\u0131l\u0131nda T\u00fcrkiye Cumhuriyeti&#8217;nin ba\u015fkenti Ankara&#8217;da pivot sulama sistemleri \u00fcretmek \u00fczere kurulan AFKO METAL. AFKO, bu alandaki g\u00fcc\u00fcn\u00fc ve ba\u015far\u0131s\u0131n\u0131 tar\u0131msal ve end\u00fcstriyel sekt\u00f6rlerde \u00f6nemli yetenek ve tecr\u00fcbeye sahip deneyimli ve kalifiye elemanlar\u0131ndan almaktad\u0131r. [\/saturnthemes_icon_box][\/vc_column][vc_column width=&#8221;1\/2&#8243;][vc_single_image image=&#8221;4773&#8243; img_size=&#8221;full&#8221;][\/vc_column][\/vc_row][vc_row full_width=&#8221;stretch_row&#8221; content_placement=&#8221;middle&#8221; css=&#8221;.vc_custom_1583928176256{padding-top: 5px !important;padding-bottom: 40px !important;background: #ededed url(http:\/\/afko.com.tr\/wp-content\/uploads\/2016\/08\/partern-white-01.jpg?id=1413) !important;}&#8221;][vc_column [&hellip;]<\/p>\n","protected":false},"author":1,"featured_media":0,"parent":0,"menu_order":0,"comment_status":"closed","ping_status":"closed","template":"","meta":{"two_page_speed":[],"footnotes":""},"class_list":["post-3518","page","type-page","status-publish","hentry"],"_links":{"self":[{"href":"https:\/\/afko.com.tr\/tr\/wp-json\/wp\/v2\/pages\/3518","targetHints":{"allow":["GET"]}}],"collection":[{"href":"https:\/\/afko.com.tr\/tr\/wp-json\/wp\/v2\/pages"}],"about":[{"href":"https:\/\/afko.com.tr\/tr\/wp-json\/wp\/v2\/types\/page"}],"author":[{"embeddable":true,"href":"https:\/\/afko.com.tr\/tr\/wp-json\/wp\/v2\/users\/1"}],"replies":[{"embeddable":true,"href":"https:\/\/afko.com.tr\/tr\/wp-json\/wp\/v2\/comments?post=3518"}],"version-history":[{"count":8,"href":"https:\/\/afko.com.tr\/tr\/wp-json\/wp\/v2\/pages\/3518\/revisions"}],"predecessor-version":[{"id":4917,"href":"https:\/\/afko.com.tr\/tr\/wp-json\/wp\/v2\/pages\/3518\/revisions\/4917"}],"wp:attachment":[{"href":"https:\/\/afko.com.tr\/tr\/wp-json\/wp\/v2\/media?parent=3518"}],"curies":[{"name":"wp","href":"https:\/\/api.w.org\/{rel}","templated":true}]}}