{"id":4031,"date":"2020-03-25T12:52:33","date_gmt":"2020-03-25T09:52:33","guid":{"rendered":"https:\/\/afko.com.tr\/?page_id=4031"},"modified":"2020-03-25T13:14:15","modified_gmt":"2020-03-25T10:14:15","slug":"couplers","status":"publish","type":"page","link":"https:\/\/afko.com.tr\/tr\/couplers\/","title":{"rendered":"Couplers"},"content":{"rendered":"<p>[vc_row][vc_column][vc_single_image image=&#8221;4046&#8243; img_size=&#8221;full&#8221; alignment=&#8221;center&#8221;][\/vc_column][\/vc_row][vc_row][vc_column][vc_column_text]<span style=\"font-size: 14pt; color: #000000;\">\u00d6zellikleri:<\/span><\/p>\n<ol>\n<li><span style=\"font-size: 14pt; color: #000000;\">canl\u0131 kau\u00e7uk insert ile yonca yapra\u011f\u0131 tarz\u0131 \u015fok emer ve aktarma organlar\u0131 bile\u015fenleri a\u015f\u0131nma azalt\u0131r.<\/span><\/li>\n<li><span style=\"font-size: 14pt; color: #000000;\">D\u00f6k\u00fcm tasar\u0131m\u0131 c\u0131vatay\u0131 yerinde tutar ve tak\u0131lmas\u0131 i\u00e7in sadece bir anahtar gerektirir.<\/span><\/li>\n<li><span style=\"font-size: 14pt; color: #000000;\">Al\u00fcminyum ala\u015f\u0131m ve be\u015f par\u00e7al\u0131 tasar\u0131m bu &#8220;U-Eklem&#8221; kurulumu veya kald\u0131r\u0131lmas\u0131 kolayla\u015ft\u0131r\u0131r. Art\u0131k pas yok.<\/span><\/li>\n<\/ol>\n<p>[\/vc_column_text][\/vc_column][\/vc_row]<\/p>\n","protected":false},"excerpt":{"rendered":"<p>[vc_row][vc_column][vc_single_image image=&#8221;4046&#8243; img_size=&#8221;full&#8221; alignment=&#8221;center&#8221;][\/vc_column][\/vc_row][vc_row][vc_column][vc_column_text]\u00d6zellikleri: canl\u0131 kau\u00e7uk insert ile yonca yapra\u011f\u0131 tarz\u0131 \u015fok emer ve aktarma organlar\u0131 bile\u015fenleri a\u015f\u0131nma azalt\u0131r. D\u00f6k\u00fcm tasar\u0131m\u0131 c\u0131vatay\u0131 yerinde tutar ve tak\u0131lmas\u0131 i\u00e7in sadece bir anahtar gerektirir. Al\u00fcminyum ala\u015f\u0131m ve be\u015f par\u00e7al\u0131 tasar\u0131m bu &#8220;U-Eklem&#8221; kurulumu veya kald\u0131r\u0131lmas\u0131 kolayla\u015ft\u0131r\u0131r. Art\u0131k pas yok. [\/vc_column_text][\/vc_column][\/vc_row]<\/p>\n","protected":false},"author":1,"featured_media":0,"parent":0,"menu_order":0,"comment_status":"closed","ping_status":"closed","template":"","meta":{"two_page_speed":[],"footnotes":""},"class_list":["post-4031","page","type-page","status-publish","hentry"],"_links":{"self":[{"href":"https:\/\/afko.com.tr\/tr\/wp-json\/wp\/v2\/pages\/4031","targetHints":{"allow":["GET"]}}],"collection":[{"href":"https:\/\/afko.com.tr\/tr\/wp-json\/wp\/v2\/pages"}],"about":[{"href":"https:\/\/afko.com.tr\/tr\/wp-json\/wp\/v2\/types\/page"}],"author":[{"embeddable":true,"href":"https:\/\/afko.com.tr\/tr\/wp-json\/wp\/v2\/users\/1"}],"replies":[{"embeddable":true,"href":"https:\/\/afko.com.tr\/tr\/wp-json\/wp\/v2\/comments?post=4031"}],"version-history":[{"count":4,"href":"https:\/\/afko.com.tr\/tr\/wp-json\/wp\/v2\/pages\/4031\/revisions"}],"predecessor-version":[{"id":4067,"href":"https:\/\/afko.com.tr\/tr\/wp-json\/wp\/v2\/pages\/4031\/revisions\/4067"}],"wp:attachment":[{"href":"https:\/\/afko.com.tr\/tr\/wp-json\/wp\/v2\/media?parent=4031"}],"curies":[{"name":"wp","href":"https:\/\/api.w.org\/{rel}","templated":true}]}}