{"id":4235,"date":"2020-03-31T11:46:21","date_gmt":"2020-03-31T08:46:21","guid":{"rendered":"https:\/\/afko.com.tr\/?page_id=4235"},"modified":"2020-03-31T16:09:33","modified_gmt":"2020-03-31T13:09:33","slug":"satis-sonrasi-hizmetler","status":"publish","type":"page","link":"https:\/\/afko.com.tr\/tr\/satis-sonrasi-hizmetler\/","title":{"rendered":"Sat\u0131\u015f sonras\u0131 hizmetler"},"content":{"rendered":"<p>[vc_row][vc_column][vc_single_image image=&#8221;4199&#8243; img_size=&#8221;full&#8221; alignment=&#8221;center&#8221;][\/vc_column][\/vc_row][vc_row][vc_column][vc_column_text]<\/p>\n<p>&nbsp;<\/p>\n<p style=\"text-align: center;\"><span style=\"font-size: 14pt; color: #000000;\">AFKO be\u015f y\u0131l s\u00fcresi pivot sulama si\ufb06emleri i\u00e7in t\u00fcm yedek par\u00e7alar ve ara\u00e7lar\u0131, t\u00fcm pivot sulama si\ufb06emi i\u00e7in gerekli t\u00fcm bak\u0131m, g\u00f6zetim ve takip hizmetleri vermektedir.<\/span><\/p>\n<p>&nbsp;<\/p>\n<p>[\/vc_column_text][\/vc_column][\/vc_row]<\/p>\n","protected":false},"excerpt":{"rendered":"<p>[vc_row][vc_column][vc_single_image image=&#8221;4199&#8243; img_size=&#8221;full&#8221; alignment=&#8221;center&#8221;][\/vc_column][\/vc_row][vc_row][vc_column][vc_column_text] &nbsp; AFKO be\u015f y\u0131l s\u00fcresi pivot sulama si\ufb06emleri i\u00e7in t\u00fcm yedek par\u00e7alar ve ara\u00e7lar\u0131, t\u00fcm pivot sulama si\ufb06emi i\u00e7in gerekli t\u00fcm bak\u0131m, g\u00f6zetim ve takip hizmetleri vermektedir. &nbsp; [\/vc_column_text][\/vc_column][\/vc_row]<\/p>\n","protected":false},"author":1,"featured_media":0,"parent":0,"menu_order":0,"comment_status":"closed","ping_status":"closed","template":"","meta":{"two_page_speed":[],"footnotes":""},"class_list":["post-4235","page","type-page","status-publish","hentry"],"_links":{"self":[{"href":"https:\/\/afko.com.tr\/tr\/wp-json\/wp\/v2\/pages\/4235","targetHints":{"allow":["GET"]}}],"collection":[{"href":"https:\/\/afko.com.tr\/tr\/wp-json\/wp\/v2\/pages"}],"about":[{"href":"https:\/\/afko.com.tr\/tr\/wp-json\/wp\/v2\/types\/page"}],"author":[{"embeddable":true,"href":"https:\/\/afko.com.tr\/tr\/wp-json\/wp\/v2\/users\/1"}],"replies":[{"embeddable":true,"href":"https:\/\/afko.com.tr\/tr\/wp-json\/wp\/v2\/comments?post=4235"}],"version-history":[{"count":5,"href":"https:\/\/afko.com.tr\/tr\/wp-json\/wp\/v2\/pages\/4235\/revisions"}],"predecessor-version":[{"id":4275,"href":"https:\/\/afko.com.tr\/tr\/wp-json\/wp\/v2\/pages\/4235\/revisions\/4275"}],"wp:attachment":[{"href":"https:\/\/afko.com.tr\/tr\/wp-json\/wp\/v2\/media?parent=4235"}],"curies":[{"name":"wp","href":"https:\/\/api.w.org\/{rel}","templated":true}]}}