{"id":4290,"date":"2020-04-01T12:34:35","date_gmt":"2020-04-01T09:34:35","guid":{"rendered":"https:\/\/afko.com.tr\/?page_id=4290"},"modified":"2020-04-01T12:36:44","modified_gmt":"2020-04-01T09:36:44","slug":"su-dagitimi","status":"publish","type":"page","link":"https:\/\/afko.com.tr\/tr\/su-dagitimi\/","title":{"rendered":"Su da\u011f\u0131t\u0131m\u0131"},"content":{"rendered":"<p>[vc_row][vc_column][vc_single_image image=&#8221;4195&#8243; img_size=&#8221;full&#8221; alignment=&#8221;center&#8221;][\/vc_column][\/vc_row][vc_row][vc_column][vc_column_text]<\/p>\n<p style=\"text-align: center;\"><span style=\"font-size: 14pt; color: #000000;\">AFKO Pivot sulama si\ufb06emi, t\u00fcm toprak t\u00fcrlerinde oldu\u011fu gibi t\u00fcm arazi t\u00fcrleri i\u00e7in de uygun su da\u011f\u0131t\u0131m\u0131n\u0131 garanti eder. Bu minvalde daha y\u00fcksek verimlilik elde etmek i\u00e7in daha az su t\u00fcketerek \u00fcretimin art\u0131\u015f\u0131n\u0131 sa\u011flar.<\/span><\/p>\n<p>[\/vc_column_text][\/vc_column][\/vc_row]<\/p>\n","protected":false},"excerpt":{"rendered":"<p>[vc_row][vc_column][vc_single_image image=&#8221;4195&#8243; img_size=&#8221;full&#8221; alignment=&#8221;center&#8221;][\/vc_column][\/vc_row][vc_row][vc_column][vc_column_text] AFKO Pivot sulama si\ufb06emi, t\u00fcm toprak t\u00fcrlerinde oldu\u011fu gibi t\u00fcm arazi t\u00fcrleri i\u00e7in de uygun su da\u011f\u0131t\u0131m\u0131n\u0131 garanti eder. Bu minvalde daha y\u00fcksek verimlilik elde etmek i\u00e7in daha az su t\u00fcketerek \u00fcretimin art\u0131\u015f\u0131n\u0131 sa\u011flar. [\/vc_column_text][\/vc_column][\/vc_row]<\/p>\n","protected":false},"author":1,"featured_media":0,"parent":0,"menu_order":0,"comment_status":"closed","ping_status":"closed","template":"","meta":{"two_page_speed":[],"footnotes":""},"class_list":["post-4290","page","type-page","status-publish","hentry"],"_links":{"self":[{"href":"https:\/\/afko.com.tr\/tr\/wp-json\/wp\/v2\/pages\/4290","targetHints":{"allow":["GET"]}}],"collection":[{"href":"https:\/\/afko.com.tr\/tr\/wp-json\/wp\/v2\/pages"}],"about":[{"href":"https:\/\/afko.com.tr\/tr\/wp-json\/wp\/v2\/types\/page"}],"author":[{"embeddable":true,"href":"https:\/\/afko.com.tr\/tr\/wp-json\/wp\/v2\/users\/1"}],"replies":[{"embeddable":true,"href":"https:\/\/afko.com.tr\/tr\/wp-json\/wp\/v2\/comments?post=4290"}],"version-history":[{"count":5,"href":"https:\/\/afko.com.tr\/tr\/wp-json\/wp\/v2\/pages\/4290\/revisions"}],"predecessor-version":[{"id":4310,"href":"https:\/\/afko.com.tr\/tr\/wp-json\/wp\/v2\/pages\/4290\/revisions\/4310"}],"wp:attachment":[{"href":"https:\/\/afko.com.tr\/tr\/wp-json\/wp\/v2\/media?parent=4290"}],"curies":[{"name":"wp","href":"https:\/\/api.w.org\/{rel}","templated":true}]}}