{"id":4648,"date":"2020-04-01T13:03:03","date_gmt":"2020-04-01T10:03:03","guid":{"rendered":"https:\/\/afko.com.tr\/?page_id=4648"},"modified":"2020-04-01T13:03:05","modified_gmt":"2020-04-01T10:03:05","slug":"tarim","status":"publish","type":"page","link":"https:\/\/afko.com.tr\/tr\/tarim\/","title":{"rendered":"tar\u0131m"},"content":{"rendered":"<p>[vc_row][vc_column][vc_single_image image=&#8221;4191&#8243; img_size=&#8221;full&#8221; alignment=&#8221;center&#8221;][\/vc_column][\/vc_row][vc_row][vc_column][vc_column_text]<\/p>\n<p style=\"text-align: center;\"><span style=\"font-size: 14pt; color: #000000;\">AFKO \u015firketi, t\u00fcm tar\u0131m hizmetlerindeki hizmetlerinin kalitesindeki liderli\u011fi ve bu sekt\u00f6r\u00fcn geli\u015fimi i\u00e7in \u00e7e\u015fitli geli\u015fmi\u015f y\u00f6ntemlerle karakterize edilir.<\/span><\/p>\n<p>[\/vc_column_text][\/vc_column][\/vc_row]<\/p>\n","protected":false},"excerpt":{"rendered":"<p>[vc_row][vc_column][vc_single_image image=&#8221;4191&#8243; img_size=&#8221;full&#8221; alignment=&#8221;center&#8221;][\/vc_column][\/vc_row][vc_row][vc_column][vc_column_text] AFKO \u015firketi, t\u00fcm tar\u0131m hizmetlerindeki hizmetlerinin kalitesindeki liderli\u011fi ve bu sekt\u00f6r\u00fcn geli\u015fimi i\u00e7in \u00e7e\u015fitli geli\u015fmi\u015f y\u00f6ntemlerle karakterize edilir. [\/vc_column_text][\/vc_column][\/vc_row]<\/p>\n","protected":false},"author":1,"featured_media":0,"parent":0,"menu_order":0,"comment_status":"closed","ping_status":"closed","template":"","meta":{"two_page_speed":[],"footnotes":""},"class_list":["post-4648","page","type-page","status-publish","hentry"],"_links":{"self":[{"href":"https:\/\/afko.com.tr\/tr\/wp-json\/wp\/v2\/pages\/4648","targetHints":{"allow":["GET"]}}],"collection":[{"href":"https:\/\/afko.com.tr\/tr\/wp-json\/wp\/v2\/pages"}],"about":[{"href":"https:\/\/afko.com.tr\/tr\/wp-json\/wp\/v2\/types\/page"}],"author":[{"embeddable":true,"href":"https:\/\/afko.com.tr\/tr\/wp-json\/wp\/v2\/users\/1"}],"replies":[{"embeddable":true,"href":"https:\/\/afko.com.tr\/tr\/wp-json\/wp\/v2\/comments?post=4648"}],"version-history":[{"count":3,"href":"https:\/\/afko.com.tr\/tr\/wp-json\/wp\/v2\/pages\/4648\/revisions"}],"predecessor-version":[{"id":4660,"href":"https:\/\/afko.com.tr\/tr\/wp-json\/wp\/v2\/pages\/4648\/revisions\/4660"}],"wp:attachment":[{"href":"https:\/\/afko.com.tr\/tr\/wp-json\/wp\/v2\/media?parent=4648"}],"curies":[{"name":"wp","href":"https:\/\/api.w.org\/{rel}","templated":true}]}}